{"id":18917,"date":"2022-03-30T17:45:00","date_gmt":"2022-03-30T17:45:00","guid":{"rendered":"https:\/\/electrovalcorp.com\/ecommerce\/?post_type=product&#038;p=18917"},"modified":"2026-02-13T21:33:57","modified_gmt":"2026-02-13T21:33:57","slug":"kit-de-prueba-electrica-premium-ncvt-de-doble-rango-y-probador-de-receptaculos-gfci-klein-tools-rt250kit","status":"publish","type":"product","link":"https:\/\/electrovalcorp.com\/ecommerce\/producto\/kit-de-prueba-electrica-premium-ncvt-de-doble-rango-y-probador-de-receptaculos-gfci-klein-tools-rt250kit\/","title":{"rendered":"Kit de prueba el\u00e9ctrica premium ncvt de doble rango y probador de recept\u00e1culos GFCI Klein tools RT250KIT"},"content":{"rendered":"<ul class=\"features-list\">\n<li>GFCI Receptacle Tester cuenta con una gran lectura LCD retroiluminada del voltaje y una clara indicaci\u00f3n de las condiciones del cableado<\/li>\n<li>La lectura LCD muestra el tiempo necesario para activar un dispositivo GFCI<\/li>\n<li>Patente pendiente de detecci\u00f3n de fallo de cableado Open Neutral \/ Open Ground<\/li>\n<li>Para uso en tomas de corriente de 3 hilos, de 120 V en Am\u00e9rica del Norte solamente<\/li>\n<li>El rango dual del probador de voltaje sin contacto detecta de 12 a 1000V AC o 70 a 1000V AC para una amplia variedad de aplicaciones de bajo voltaje o voltaje est\u00e1ndar<\/li>\n<li>Detecta voltaje con indicadores de voltaje visuales y audibles simult\u00e1neos<\/li>\n<li>La linterna brillante ilumina el \u00e1rea de trabajo y se puede usar independientemente de la funci\u00f3n de detecci\u00f3n de voltaje<\/li>\n<li>La herramienta ligera y compacta con clip de bolsillo proporciona un almacenamiento conveniente y un acceso r\u00e1pido<\/li>\n<\/ul>\n<p>&nbsp;<\/p>\n<p>Incluye:<\/p>\n<ul class=\"features-list\">\n<li>RT250 Probador de recept\u00e1culo el\u00e9ctrico con LCD;<\/li>\n<li>NCVT3P Probador de voltaje sin contacto de doble rango con linterna;<\/li>\n<li>Manuales; 4 x pilas AA; Bolsa de almacenamiento<\/li>\n<\/ul>\n","protected":false},"excerpt":{"rendered":"<p>GFCI Receptacle Tester cuenta con una gran lectura LCD retroiluminada del voltaje y una clara indicaci\u00f3n de las condiciones del cableado La lectura LCD muestra el tiempo necesario para activar un dispositivo GFCI Patente pendiente de detecci\u00f3n de fallo de cableado Open Neutral \/ Open Ground Para uso en tomas de corriente de 3 hilos, [&hellip;]<\/p>\n","protected":false},"featured_media":18910,"comment_status":"open","ping_status":"closed","template":"","meta":[],"product_brand":[],"product_cat":[201],"product_tag":[],"class_list":{"0":"post-18917","1":"product","2":"type-product","3":"status-publish","4":"has-post-thumbnail","6":"product_cat-klein-tools","8":"first","9":"outofstock","10":"taxable","11":"shipping-taxable","12":"purchasable","13":"product-type-simple","14":"add-to-wishlist-after_add_to_cart"},"aioseo_notices":[],"_links":{"self":[{"href":"https:\/\/electrovalcorp.com\/ecommerce\/wp-json\/wp\/v2\/product\/18917","targetHints":{"allow":["GET"]}}],"collection":[{"href":"https:\/\/electrovalcorp.com\/ecommerce\/wp-json\/wp\/v2\/product"}],"about":[{"href":"https:\/\/electrovalcorp.com\/ecommerce\/wp-json\/wp\/v2\/types\/product"}],"replies":[{"embeddable":true,"href":"https:\/\/electrovalcorp.com\/ecommerce\/wp-json\/wp\/v2\/comments?post=18917"}],"wp:featuredmedia":[{"embeddable":true,"href":"https:\/\/electrovalcorp.com\/ecommerce\/wp-json\/wp\/v2\/media\/18910"}],"wp:attachment":[{"href":"https:\/\/electrovalcorp.com\/ecommerce\/wp-json\/wp\/v2\/media?parent=18917"}],"wp:term":[{"taxonomy":"product_brand","embeddable":true,"href":"https:\/\/electrovalcorp.com\/ecommerce\/wp-json\/wp\/v2\/product_brand?post=18917"},{"taxonomy":"product_cat","embeddable":true,"href":"https:\/\/electrovalcorp.com\/ecommerce\/wp-json\/wp\/v2\/product_cat?post=18917"},{"taxonomy":"product_tag","embeddable":true,"href":"https:\/\/electrovalcorp.com\/ecommerce\/wp-json\/wp\/v2\/product_tag?post=18917"}],"curies":[{"name":"wp","href":"https:\/\/api.w.org\/{rel}","templated":true}]}}