{"id":19168,"date":"2023-01-06T17:23:56","date_gmt":"2023-01-06T17:23:56","guid":{"rendered":"https:\/\/electrovalcorp.com\/ecommerce\/?post_type=product&#038;p=19168"},"modified":"2024-05-13T17:26:53","modified_gmt":"2024-05-13T17:26:53","slug":"kit-de-sierra-tronzadora-abrasiva-14-m18-fuel-2990-21hd-milwaukee","status":"publish","type":"product","link":"https:\/\/electrovalcorp.com\/ecommerce\/producto\/kit-de-sierra-tronzadora-abrasiva-14-m18-fuel-2990-21hd-milwaukee\/","title":{"rendered":"Kit de sierra tronzadora abrasiva 14&#8243; M18 FUEL\u2122  2990-21HD Milwaukee"},"content":{"rendered":"<p>Nuestro kit de sierra abrasiva M18 FUEL\u2122 de 14&#8243; le ofrece una soluci\u00f3n port\u00e1til mientras genera la misma potencia que una sierra cortadora con cable de 15A. La sierra cortadora abrasiva MILWAUKEE\u00ae M18 FUEL\u2122 de 14&#8243; utiliza un motor sin escobillas POWERSTATE\u2122, que proporciona 4,000 RPM para una potencia constante y una velocidad de corte. REDLINK PLUS\u2122 Intelligence garantiza el m\u00e1ximo rendimiento y protecci\u00f3n contra sobrecargas, sobrecalentamiento y descargas. Cuando se combina con la bater\u00eda M18 REDLITHIUM\u2122 HIGH OUTPUT\u2122 HD12.0, la sierra de corte inal\u00e1mbrica proporciona hasta 200 cortes por carga en pernos de acero calibre 20 de 3-5\/8&#8243;. El freno de cuchilla RAPID STOP detiene la cuchilla\u2122 dentro de los 3 segundos posteriores a la liberaci\u00f3n del gatillo. Esta sierra de corte port\u00e1til ofrece un cambio de cuchilla sin herramientas y un ajuste de cerca sin herramientas, lo que hace que los cambios de cuchillas y los movimientos de la cerca sean un proceso perfecto, lo que le ahorra tiempo. Una luz indicadora de sobrecarga lo entrena en la velocidad de corte \u00f3ptima.<\/p>\n<h2 class=\"product-includes__title\">INCLUYE<\/h2>\n<div class=\"product-includes__wrap readmore\" data-height=\"110\" data-moretext=\"Read More\" data-lesstext=\"Close\">&#8211;<a class=\"product-include\" href=\"https:\/\/www.milwaukeetool.com\/Products\/Power-Tools\/Saws-and-Cutters\/2990-20\"><span class=\"product-include__quantity\"><span class=\"product-include__title\" style=\"color: #333333;\">M18 FUEL\u2122 14&#8243; Sierra de corte abrasiva<\/span><span style=\"color: #333333;\">\u00a0<\/span><span class=\"product-include__sku\" style=\"color: #333333;\">(2990-20)<\/span><br \/>\n<\/span><\/a>&#8211;<a class=\"product-include\" href=\"https:\/\/www.milwaukeetool.com\/Products\/Batteries-and-Chargers\/M18-Batteries-and-Chargers\/48-11-1812\"><span class=\"product-include__quantity\"><span class=\"product-include__title\" style=\"color: #333333;\">Bater\u00eda M18 REDLITHIUM\u2122 HIGH OUTPUT\u2122 HD12.0 ( <\/span><span class=\"product-include__sku\" style=\"color: #333333;\">48-11-1812)<\/span><br \/>\n&#8211;<\/span><\/a>Cargador r\u00e1pido M18\u00a0<span class=\"product-include__title\">y M12\u2122 (48-59-1808\u2122<\/span><span class=\"product-include__sku\">)<\/span><\/div>\n","protected":false},"excerpt":{"rendered":"<p>Nuestro kit de sierra abrasiva M18 FUEL\u2122 de 14&#8243; le ofrece una soluci\u00f3n port\u00e1til mientras genera la misma potencia que una sierra cortadora con cable de 15A. La sierra cortadora abrasiva MILWAUKEE\u00ae M18 FUEL\u2122 de 14&#8243; utiliza un motor sin escobillas POWERSTATE\u2122, que proporciona 4,000 RPM para una potencia constante y una velocidad de corte. [&hellip;]<\/p>\n","protected":false},"featured_media":19150,"comment_status":"open","ping_status":"closed","template":"","meta":[],"product_brand":[],"product_cat":[188,189,190],"product_tag":[],"class_list":{"0":"post-19168","1":"product","2":"type-product","3":"status-publish","4":"has-post-thumbnail","6":"product_cat-herramienta-a-bateria","7":"product_cat-m18","8":"product_cat-milwaukee","10":"first","11":"instock","12":"taxable","13":"shipping-taxable","14":"purchasable","15":"product-type-simple","16":"add-to-wishlist-after_add_to_cart"},"aioseo_notices":[],"_links":{"self":[{"href":"https:\/\/electrovalcorp.com\/ecommerce\/wp-json\/wp\/v2\/product\/19168","targetHints":{"allow":["GET"]}}],"collection":[{"href":"https:\/\/electrovalcorp.com\/ecommerce\/wp-json\/wp\/v2\/product"}],"about":[{"href":"https:\/\/electrovalcorp.com\/ecommerce\/wp-json\/wp\/v2\/types\/product"}],"replies":[{"embeddable":true,"href":"https:\/\/electrovalcorp.com\/ecommerce\/wp-json\/wp\/v2\/comments?post=19168"}],"wp:featuredmedia":[{"embeddable":true,"href":"https:\/\/electrovalcorp.com\/ecommerce\/wp-json\/wp\/v2\/media\/19150"}],"wp:attachment":[{"href":"https:\/\/electrovalcorp.com\/ecommerce\/wp-json\/wp\/v2\/media?parent=19168"}],"wp:term":[{"taxonomy":"product_brand","embeddable":true,"href":"https:\/\/electrovalcorp.com\/ecommerce\/wp-json\/wp\/v2\/product_brand?post=19168"},{"taxonomy":"product_cat","embeddable":true,"href":"https:\/\/electrovalcorp.com\/ecommerce\/wp-json\/wp\/v2\/product_cat?post=19168"},{"taxonomy":"product_tag","embeddable":true,"href":"https:\/\/electrovalcorp.com\/ecommerce\/wp-json\/wp\/v2\/product_tag?post=19168"}],"curies":[{"name":"wp","href":"https:\/\/api.w.org\/{rel}","templated":true}]}}