{"id":19235,"date":"2023-03-06T17:14:02","date_gmt":"2023-03-06T17:14:02","guid":{"rendered":"https:\/\/electrovalcorp.com\/ecommerce\/?post_type=product&#038;p=19235"},"modified":"2025-05-15T17:16:17","modified_gmt":"2025-05-15T17:16:17","slug":"linterna-frontal-led-recargable-light-array-con-correa-ajustable-56049-klein-tools","status":"publish","type":"product","link":"https:\/\/electrovalcorp.com\/ecommerce\/producto\/linterna-frontal-led-recargable-light-array-con-correa-ajustable-56049-klein-tools\/","title":{"rendered":"Linterna frontal LED recargable Light Array con correa ajustable 56049 Klein Tools"},"content":{"rendered":"<ul class=\"features-list no-indent\">\n<li>Linterna frontal recargable con una matriz de luz rectangular que ofrece un campo de luz m\u00e1s utilizable<\/li>\n<li>La correa de tela ajustable de LED Light con agarre de silicona viene equipada con un marcador conveniente y un soporte para l\u00e1pices de carpintero<\/li>\n<li>Se monta magn\u00e9ticamente con un im\u00e1n trasero fuerte para su uso como luz de trabajo<\/li>\n<li>El soporte de los faros de dise\u00f1o inteligente tambi\u00e9n se conecta directamente a los cascos Klein\u00ae (equipados con sistema de soporte)<\/li>\n<li>El indicador de bater\u00eda indica el nivel de duraci\u00f3n de la bater\u00eda con luces LED de colores<\/li>\n<li>La luz de perfil m\u00e1s delgada con soporte pivotante permite un \u00e1ngulo de iluminaci\u00f3n de hasta 64 grados<\/li>\n<li>Luz brillante durante todo el d\u00eda: 260 l\u00famenes durante 9 horas y 125 durante 14 horas largas<\/li>\n<li>La luz se puede quitar f\u00e1cilmente del soporte para recargarla mediante un cable USB-C (incluido)<\/li>\n<li>Linterna frontal duradera: clasificaci\u00f3n de prueba de ca\u00edda de 6 pies (1,8 m), resistente al polvo y al agua<\/li>\n<\/ul>\n","protected":false},"excerpt":{"rendered":"<p>Linterna frontal recargable con una matriz de luz rectangular que ofrece un campo de luz m\u00e1s utilizable La correa de tela ajustable de LED Light con agarre de silicona viene equipada con un marcador conveniente y un soporte para l\u00e1pices de carpintero Se monta magn\u00e9ticamente con un im\u00e1n trasero fuerte para su uso como luz [&hellip;]<\/p>\n","protected":false},"featured_media":19226,"comment_status":"open","ping_status":"closed","template":"","meta":[],"product_brand":[],"product_cat":[195,201],"product_tag":[],"class_list":{"0":"post-19235","1":"product","2":"type-product","3":"status-publish","4":"has-post-thumbnail","6":"product_cat-iluminacion","7":"product_cat-klein-tools","9":"first","10":"instock","11":"taxable","12":"shipping-taxable","13":"purchasable","14":"product-type-simple","15":"add-to-wishlist-after_add_to_cart"},"aioseo_notices":[],"_links":{"self":[{"href":"https:\/\/electrovalcorp.com\/ecommerce\/wp-json\/wp\/v2\/product\/19235","targetHints":{"allow":["GET"]}}],"collection":[{"href":"https:\/\/electrovalcorp.com\/ecommerce\/wp-json\/wp\/v2\/product"}],"about":[{"href":"https:\/\/electrovalcorp.com\/ecommerce\/wp-json\/wp\/v2\/types\/product"}],"replies":[{"embeddable":true,"href":"https:\/\/electrovalcorp.com\/ecommerce\/wp-json\/wp\/v2\/comments?post=19235"}],"wp:featuredmedia":[{"embeddable":true,"href":"https:\/\/electrovalcorp.com\/ecommerce\/wp-json\/wp\/v2\/media\/19226"}],"wp:attachment":[{"href":"https:\/\/electrovalcorp.com\/ecommerce\/wp-json\/wp\/v2\/media?parent=19235"}],"wp:term":[{"taxonomy":"product_brand","embeddable":true,"href":"https:\/\/electrovalcorp.com\/ecommerce\/wp-json\/wp\/v2\/product_brand?post=19235"},{"taxonomy":"product_cat","embeddable":true,"href":"https:\/\/electrovalcorp.com\/ecommerce\/wp-json\/wp\/v2\/product_cat?post=19235"},{"taxonomy":"product_tag","embeddable":true,"href":"https:\/\/electrovalcorp.com\/ecommerce\/wp-json\/wp\/v2\/product_tag?post=19235"}],"curies":[{"name":"wp","href":"https:\/\/api.w.org\/{rel}","templated":true}]}}