{"id":19255,"date":"2023-03-06T21:04:20","date_gmt":"2023-03-06T21:04:20","guid":{"rendered":"https:\/\/electrovalcorp.com\/ecommerce\/?post_type=product&#038;p=19255"},"modified":"2026-03-24T15:30:40","modified_gmt":"2026-03-24T15:30:40","slug":"kit-de-prueba-electrica-de-pinza-amperimetrica-cl120kit-klein-tools","status":"publish","type":"product","link":"https:\/\/electrovalcorp.com\/ecommerce\/producto\/kit-de-prueba-electrica-de-pinza-amperimetrica-cl120kit-klein-tools\/","title":{"rendered":"Kit de prueba el\u00e9ctrica de pinza amperim\u00e9trica CL120KIT Klein Tools"},"content":{"rendered":"<ul class=\"features-list no-indent\">\n<li>Mida la corriente de CA a trav\u00e9s de la abrazadera y el voltaje de CA \/ CC, la resistencia y la continuidad a trav\u00e9s de cables de prueba<\/li>\n<li>Detecta los problemas de cableado m\u00e1s comunes en recept\u00e1culos est\u00e1ndar y GFCI, incluyendo tierra abierta, polaridad inversa, caliente abierta, neutro abierto y caliente\/tierra invertida<\/li>\n<li>El divisor de l\u00ednea permite la medici\u00f3n de un consumo de corriente de hasta 15 A sin dividir el cable de alimentaci\u00f3n de la carga<\/li>\n<li>CAT III 600V, Clase 2, Clasificaci\u00f3n de seguridad de doble aislamiento<\/li>\n<li>Pinza amperim\u00e9trica digital de 400 amperios de rango autom\u00e1tico de CA<\/li>\n<li>Pantalla retroiluminada para lecturas claras<\/li>\n<li>Incluye un estuche, cables de prueba y bater\u00edas<\/li>\n<\/ul>\n","protected":false},"excerpt":{"rendered":"<p>Mida la corriente de CA a trav\u00e9s de la abrazadera y el voltaje de CA \/ CC, la resistencia y la continuidad a trav\u00e9s de cables de prueba Detecta los problemas de cableado m\u00e1s comunes en recept\u00e1culos est\u00e1ndar y GFCI, incluyendo tierra abierta, polaridad inversa, caliente abierta, neutro abierto y caliente\/tierra invertida El divisor de [&hellip;]<\/p>\n","protected":false},"featured_media":19245,"comment_status":"open","ping_status":"closed","template":"","meta":[],"product_brand":[],"product_cat":[188,201],"product_tag":[],"class_list":{"0":"post-19255","1":"product","2":"type-product","3":"status-publish","4":"has-post-thumbnail","6":"product_cat-herramienta-a-bateria","7":"product_cat-klein-tools","9":"first","10":"outofstock","11":"taxable","12":"shipping-taxable","13":"purchasable","14":"product-type-simple","15":"add-to-wishlist-after_add_to_cart"},"aioseo_notices":[],"_links":{"self":[{"href":"https:\/\/electrovalcorp.com\/ecommerce\/wp-json\/wp\/v2\/product\/19255","targetHints":{"allow":["GET"]}}],"collection":[{"href":"https:\/\/electrovalcorp.com\/ecommerce\/wp-json\/wp\/v2\/product"}],"about":[{"href":"https:\/\/electrovalcorp.com\/ecommerce\/wp-json\/wp\/v2\/types\/product"}],"replies":[{"embeddable":true,"href":"https:\/\/electrovalcorp.com\/ecommerce\/wp-json\/wp\/v2\/comments?post=19255"}],"wp:featuredmedia":[{"embeddable":true,"href":"https:\/\/electrovalcorp.com\/ecommerce\/wp-json\/wp\/v2\/media\/19245"}],"wp:attachment":[{"href":"https:\/\/electrovalcorp.com\/ecommerce\/wp-json\/wp\/v2\/media?parent=19255"}],"wp:term":[{"taxonomy":"product_brand","embeddable":true,"href":"https:\/\/electrovalcorp.com\/ecommerce\/wp-json\/wp\/v2\/product_brand?post=19255"},{"taxonomy":"product_cat","embeddable":true,"href":"https:\/\/electrovalcorp.com\/ecommerce\/wp-json\/wp\/v2\/product_cat?post=19255"},{"taxonomy":"product_tag","embeddable":true,"href":"https:\/\/electrovalcorp.com\/ecommerce\/wp-json\/wp\/v2\/product_tag?post=19255"}],"curies":[{"name":"wp","href":"https:\/\/api.w.org\/{rel}","templated":true}]}}