{"id":19277,"date":"2023-03-07T15:59:51","date_gmt":"2023-03-07T15:59:51","guid":{"rendered":"https:\/\/electrovalcorp.com\/ecommerce\/?post_type=product&#038;p=19277"},"modified":"2026-04-08T14:59:41","modified_gmt":"2026-04-08T14:59:41","slug":"cuchilla-pelacables-aislada-con-guia-de-deslizamiento-98-55-knipex","status":"publish","type":"product","link":"https:\/\/electrovalcorp.com\/ecommerce\/producto\/cuchilla-pelacables-aislada-con-guia-de-deslizamiento-98-55-knipex\/","title":{"rendered":"Cuchilla pelacables aislada Con gu\u00eda de deslizamiento 98 55 knipex"},"content":{"rendered":"<ul class=\"product--variation-field--variation_field_product_description__1441 field field--name-field-product-description field--type-text-long field--label-hidden field__items\">\n<li class=\"field__item\">Cuchilla de gancho solidamente fijada, forma de hoz<\/li>\n<li class=\"field__item\">Con gu\u00eda de deslizamiento en la punta de la cuchilla<\/li>\n<li class=\"field__item\">No da\u00f1a el aislamiento del hilo conductor<\/li>\n<li class=\"field__item\">Hoja de cuchilla: acero para cirug\u00eda, inoxidable, templado al aire<\/li>\n<li class=\"field__item\">Forma del mango con dise\u00f1o ergon\u00f3mico y protecci\u00f3n de deslizamiento agradablemente dise\u00f1ada<\/li>\n<li class=\"field__item\">M\u00e1s seguridad por componentes blandos antideslizantes<\/li>\n<li class=\"field__item\">El hueco para el pulgar y el &#8220;gancho&#8221; para los dedos al final del mango aseguran una \u00f3ptima transmisi\u00f3n de fuerza cuando se presiona la cuchilla<\/li>\n<li class=\"field__item\">Capuch\u00f3n de protecci\u00f3n transparente<\/li>\n<\/ul>\n","protected":false},"excerpt":{"rendered":"<p>Cuchilla de gancho solidamente fijada, forma de hoz Con gu\u00eda de deslizamiento en la punta de la cuchilla No da\u00f1a el aislamiento del hilo conductor Hoja de cuchilla: acero para cirug\u00eda, inoxidable, templado al aire Forma del mango con dise\u00f1o ergon\u00f3mico y protecci\u00f3n de deslizamiento agradablemente dise\u00f1ada M\u00e1s seguridad por componentes blandos antideslizantes El hueco [&hellip;]<\/p>\n","protected":false},"featured_media":19272,"comment_status":"open","ping_status":"closed","template":"","meta":[],"product_brand":[],"product_cat":[199,193,198],"product_tag":[],"class_list":{"0":"post-19277","1":"product","2":"type-product","3":"status-publish","4":"has-post-thumbnail","6":"product_cat-aislado","7":"product_cat-herramienta-manual","8":"product_cat-knipex","10":"first","11":"instock","12":"taxable","13":"shipping-taxable","14":"purchasable","15":"product-type-simple","16":"add-to-wishlist-after_add_to_cart"},"aioseo_notices":[],"_links":{"self":[{"href":"https:\/\/electrovalcorp.com\/ecommerce\/wp-json\/wp\/v2\/product\/19277","targetHints":{"allow":["GET"]}}],"collection":[{"href":"https:\/\/electrovalcorp.com\/ecommerce\/wp-json\/wp\/v2\/product"}],"about":[{"href":"https:\/\/electrovalcorp.com\/ecommerce\/wp-json\/wp\/v2\/types\/product"}],"replies":[{"embeddable":true,"href":"https:\/\/electrovalcorp.com\/ecommerce\/wp-json\/wp\/v2\/comments?post=19277"}],"wp:featuredmedia":[{"embeddable":true,"href":"https:\/\/electrovalcorp.com\/ecommerce\/wp-json\/wp\/v2\/media\/19272"}],"wp:attachment":[{"href":"https:\/\/electrovalcorp.com\/ecommerce\/wp-json\/wp\/v2\/media?parent=19277"}],"wp:term":[{"taxonomy":"product_brand","embeddable":true,"href":"https:\/\/electrovalcorp.com\/ecommerce\/wp-json\/wp\/v2\/product_brand?post=19277"},{"taxonomy":"product_cat","embeddable":true,"href":"https:\/\/electrovalcorp.com\/ecommerce\/wp-json\/wp\/v2\/product_cat?post=19277"},{"taxonomy":"product_tag","embeddable":true,"href":"https:\/\/electrovalcorp.com\/ecommerce\/wp-json\/wp\/v2\/product_tag?post=19277"}],"curies":[{"name":"wp","href":"https:\/\/api.w.org\/{rel}","templated":true}]}}