{"id":19278,"date":"2023-03-07T16:05:47","date_gmt":"2023-03-07T16:05:47","guid":{"rendered":"https:\/\/electrovalcorp.com\/ecommerce\/?post_type=product&#038;p=19278"},"modified":"2025-11-04T19:54:05","modified_gmt":"2025-11-04T19:54:05","slug":"alicate-de-electricista-aislado-240mm-09-08-240-sb-knipex","status":"publish","type":"product","link":"https:\/\/electrovalcorp.com\/ecommerce\/producto\/alicate-de-electricista-aislado-240mm-09-08-240-sb-knipex\/","title":{"rendered":"Alicate de electricista aislado 240mm 09 08 240 SB KNIPEX"},"content":{"rendered":"<p>Gran multiplicaci\u00f3n para un corte f\u00e1cil. Un 50 % menos de esfuerzo, en comparaci\u00f3n con las pinzas de electricista convencionales, gracias a su efecto palanca optimizado. Dise\u00f1o s\u00f3lido para carga pesada, de uso universal. Forma de mango ergon\u00f3micamente optimizada para tener un \u00f3ptimo contacto con la mano y trabajar sin cansarse. Zona de agarre especialmente eficaz con dentado en cruz en la boca de las pinzas \u2013 para agarrar y tirar fuertemente. Zona de sujeci\u00f3n adicional por debajo de la articulaci\u00f3n, para apalancar y presionar con fuerza. Para cortar alambre blando y duro. Filos de corte templados adicionalmente por inducci\u00f3n. Dureza aprox. de los filos de corte 64 HRC.<\/p>\n<p>&nbsp;<\/p>\n<ul>\n<li><b>Capacidad de corte alambre semiduro:\u00a0<\/b>\u00d8 4.6<\/li>\n<li><b>Capacidad de corte alambre duro:\u00a0<\/b>\u00d8 3.0<\/li>\n<li><b>Longitud:<\/b>\u00a0240 mm<\/li>\n<li><b>Ancho:<\/b>\u00a055 mm<\/li>\n<li><b>Altura:<\/b>\u00a017 mm<\/li>\n<li><b>Peso:<\/b>\u00a0495 g<\/li>\n<\/ul>\n","protected":false},"excerpt":{"rendered":"<p>Gran multiplicaci\u00f3n para un corte f\u00e1cil. Un 50 % menos de esfuerzo, en comparaci\u00f3n con las pinzas de electricista convencionales, gracias a su efecto palanca optimizado. Dise\u00f1o s\u00f3lido para carga pesada, de uso universal. Forma de mango ergon\u00f3micamente optimizada para tener un \u00f3ptimo contacto con la mano y trabajar sin cansarse. Zona de agarre especialmente [&hellip;]<\/p>\n","protected":false},"featured_media":19274,"comment_status":"open","ping_status":"closed","template":"","meta":[],"product_brand":[],"product_cat":[199,193,198],"product_tag":[],"class_list":{"0":"post-19278","1":"product","2":"type-product","3":"status-publish","4":"has-post-thumbnail","6":"product_cat-aislado","7":"product_cat-herramienta-manual","8":"product_cat-knipex","10":"first","11":"instock","12":"taxable","13":"shipping-taxable","14":"purchasable","15":"product-type-simple","16":"add-to-wishlist-after_add_to_cart"},"aioseo_notices":[],"_links":{"self":[{"href":"https:\/\/electrovalcorp.com\/ecommerce\/wp-json\/wp\/v2\/product\/19278","targetHints":{"allow":["GET"]}}],"collection":[{"href":"https:\/\/electrovalcorp.com\/ecommerce\/wp-json\/wp\/v2\/product"}],"about":[{"href":"https:\/\/electrovalcorp.com\/ecommerce\/wp-json\/wp\/v2\/types\/product"}],"replies":[{"embeddable":true,"href":"https:\/\/electrovalcorp.com\/ecommerce\/wp-json\/wp\/v2\/comments?post=19278"}],"wp:featuredmedia":[{"embeddable":true,"href":"https:\/\/electrovalcorp.com\/ecommerce\/wp-json\/wp\/v2\/media\/19274"}],"wp:attachment":[{"href":"https:\/\/electrovalcorp.com\/ecommerce\/wp-json\/wp\/v2\/media?parent=19278"}],"wp:term":[{"taxonomy":"product_brand","embeddable":true,"href":"https:\/\/electrovalcorp.com\/ecommerce\/wp-json\/wp\/v2\/product_brand?post=19278"},{"taxonomy":"product_cat","embeddable":true,"href":"https:\/\/electrovalcorp.com\/ecommerce\/wp-json\/wp\/v2\/product_cat?post=19278"},{"taxonomy":"product_tag","embeddable":true,"href":"https:\/\/electrovalcorp.com\/ecommerce\/wp-json\/wp\/v2\/product_tag?post=19278"}],"curies":[{"name":"wp","href":"https:\/\/api.w.org\/{rel}","templated":true}]}}