{"id":19291,"date":"2023-03-07T18:31:36","date_gmt":"2023-03-07T18:31:36","guid":{"rendered":"https:\/\/electrovalcorp.com\/ecommerce\/?post_type=product&#038;p=19291"},"modified":"2023-03-07T18:31:36","modified_gmt":"2023-03-07T18:31:36","slug":"cizalla-para-varillas-760mm-30-71-72-760-knipex","status":"publish","type":"product","link":"https:\/\/electrovalcorp.com\/ecommerce\/producto\/cizalla-para-varillas-760mm-30-71-72-760-knipex\/","title":{"rendered":"Cizalla para varillas 760mm (30&#8243;) 71 72 760 Knipex"},"content":{"rendered":"<ul class=\"product--variation-field--variation_field_product_description__1941 field field--name-field-product-description field--type-text-long field--label-hidden field__items\">\n<li class=\"field__item\">Capacidad de corte hasta una dureza de 48 HRC<\/li>\n<li class=\"field__item\">Filos de corte robustos, templados adicionalmente por inducci\u00f3n, dureza de los filos de aprox. 62 HRC<\/li>\n<li class=\"field__item\">Tope forjado con amortiguador confortable<\/li>\n<li class=\"field__item\">F\u00e1cil acceso a la pieza de trabajo gracias a su dise\u00f1o esbelto en la zona de la cabeza y la articulaci\u00f3n<\/li>\n<li class=\"field__item\">Brazos ergon\u00f3micamente acodados para trabajar sin cansarse<\/li>\n<li class=\"field__item\">Mangos en dos componentes bicolor robustos y manejables<\/li>\n<li class=\"field__item\">Ajuste preciso (en 12 posiciones) por medio de tornillos exc\u00e9ntricos<\/li>\n<li class=\"field__item\">Se requiere poco esfuerzo en el corte gracias a la perfecta coordinaci\u00f3n del \u00e1ngulo de corte y la proporci\u00f3n de las palancas<\/li>\n<li class=\"field__item\">Cabeza de corte atornillada, intercambiable<\/li>\n<li class=\"field__item\">Articulaci\u00f3n: acero especial para herramientas, forjado<\/li>\n<li class=\"field__item\">Mangos: tubo de acero, recubierto de pintura pulverizada<\/li>\n<li class=\"field__item\">Cuchilla: acero de alto rendimiento de cromo vanadio, forjado, templado al aceite en varias etapas.<\/li>\n<li>\n<div class=\"field__item\">\n<div class=\"key-value-class-item \">\n<div class=\"key\">HRC 19: \u00d8 11 mm<\/div>\n<\/div>\n<\/div>\n<div class=\"field__item\">\n<div class=\"key-value-class-item \">\n<div class=\"key\">HRC 40: \u00d8 9 mm<\/div>\n<\/div>\n<\/div>\n<div class=\"field__item\">\n<div class=\"key-value-class-item \">\n<div class=\"key\">HRC 48: \u00d8 8 mm<\/div>\n<\/div>\n<\/div>\n<div class=\"field__item\">\n<div class=\"key-value-class-item \">\n<div class=\"key\">Longitud de la cuchilla mm: 36,5 mm<\/div>\n<\/div>\n<\/div>\n<div class=\"field__item\">\n<div class=\"key-value-class-item \">\n<div class=\"key\">Espesor de la cabeza: 42 mm<\/div>\n<\/div>\n<\/div>\n<\/li>\n<\/ul>\n","protected":false},"excerpt":{"rendered":"<p>Capacidad de corte hasta una dureza de 48 HRC Filos de corte robustos, templados adicionalmente por inducci\u00f3n, dureza de los filos de aprox. 62 HRC Tope forjado con amortiguador confortable F\u00e1cil acceso a la pieza de trabajo gracias a su dise\u00f1o esbelto en la zona de la cabeza y la articulaci\u00f3n Brazos ergon\u00f3micamente acodados para [&hellip;]<\/p>\n","protected":false},"featured_media":19281,"comment_status":"open","ping_status":"closed","template":"","meta":[],"product_brand":[],"product_cat":[193,198],"product_tag":[],"class_list":{"0":"post-19291","1":"product","2":"type-product","3":"status-publish","4":"has-post-thumbnail","6":"product_cat-herramienta-manual","7":"product_cat-knipex","9":"first","10":"instock","11":"taxable","12":"shipping-taxable","13":"purchasable","14":"product-type-simple","15":"add-to-wishlist-after_add_to_cart"},"aioseo_notices":[],"_links":{"self":[{"href":"https:\/\/electrovalcorp.com\/ecommerce\/wp-json\/wp\/v2\/product\/19291","targetHints":{"allow":["GET"]}}],"collection":[{"href":"https:\/\/electrovalcorp.com\/ecommerce\/wp-json\/wp\/v2\/product"}],"about":[{"href":"https:\/\/electrovalcorp.com\/ecommerce\/wp-json\/wp\/v2\/types\/product"}],"replies":[{"embeddable":true,"href":"https:\/\/electrovalcorp.com\/ecommerce\/wp-json\/wp\/v2\/comments?post=19291"}],"wp:featuredmedia":[{"embeddable":true,"href":"https:\/\/electrovalcorp.com\/ecommerce\/wp-json\/wp\/v2\/media\/19281"}],"wp:attachment":[{"href":"https:\/\/electrovalcorp.com\/ecommerce\/wp-json\/wp\/v2\/media?parent=19291"}],"wp:term":[{"taxonomy":"product_brand","embeddable":true,"href":"https:\/\/electrovalcorp.com\/ecommerce\/wp-json\/wp\/v2\/product_brand?post=19291"},{"taxonomy":"product_cat","embeddable":true,"href":"https:\/\/electrovalcorp.com\/ecommerce\/wp-json\/wp\/v2\/product_cat?post=19291"},{"taxonomy":"product_tag","embeddable":true,"href":"https:\/\/electrovalcorp.com\/ecommerce\/wp-json\/wp\/v2\/product_tag?post=19291"}],"curies":[{"name":"wp","href":"https:\/\/api.w.org\/{rel}","templated":true}]}}