{"id":19295,"date":"2023-03-07T18:49:20","date_gmt":"2023-03-07T18:49:20","guid":{"rendered":"https:\/\/electrovalcorp.com\/ecommerce\/?post_type=product&#038;p=19295"},"modified":"2026-04-08T14:58:07","modified_gmt":"2026-04-08T14:58:07","slug":"tenaza-de-armador-280mm-99-01-280-knipex","status":"publish","type":"product","link":"https:\/\/electrovalcorp.com\/ecommerce\/producto\/tenaza-de-armador-280mm-99-01-280-knipex\/","title":{"rendered":"Tenaza de armador 280mm 99 01 280 Knipex"},"content":{"rendered":"<ul class=\"product--variation-field--variation_field_product_description__16299 field field--name-field-product-description field--type-text-long field--label-hidden field__items\">\n<li class=\"field__item\">Para torcer y cortar alambre de atar en una sola operaci\u00f3n: r\u00e1pida, fiable y econ\u00f3mica<\/li>\n<li class=\"field__item\">Filos de corte templados adicionalmente; dureza de los filos aprox. 61 HRC<\/li>\n<li class=\"field__item\">Acero especial para herramientas de excepcional calidad, forjado, templado al aceite en varias etapas<\/li>\n<li>\n<div class=\"field__item\">\n<div class=\"key-value-class-item \">\n<div class=\"key\">Capacidad de corte alambre semiduro (di\u00e1metro) \u00d8 2,8 mm<\/div>\n<\/div>\n<\/div>\n<div class=\"field__item\">\n<div class=\"key-value-class-item \">\n<div class=\"key\">Capacidad de corte alambre duro (di\u00e1metro) \u00d8 1,8 mm<\/div>\n<\/div>\n<\/div>\n<\/li>\n<\/ul>\n","protected":false},"excerpt":{"rendered":"<p>Para torcer y cortar alambre de atar en una sola operaci\u00f3n: r\u00e1pida, fiable y econ\u00f3mica Filos de corte templados adicionalmente; dureza de los filos aprox. 61 HRC Acero especial para herramientas de excepcional calidad, forjado, templado al aceite en varias etapas Capacidad de corte alambre semiduro (di\u00e1metro) \u00d8 2,8 mm Capacidad de corte alambre duro [&hellip;]<\/p>\n","protected":false},"featured_media":19293,"comment_status":"open","ping_status":"closed","template":"","meta":[],"product_brand":[],"product_cat":[193,198],"product_tag":[],"class_list":{"0":"post-19295","1":"product","2":"type-product","3":"status-publish","4":"has-post-thumbnail","6":"product_cat-herramienta-manual","7":"product_cat-knipex","9":"first","10":"instock","11":"taxable","12":"shipping-taxable","13":"purchasable","14":"product-type-simple","15":"add-to-wishlist-after_add_to_cart"},"aioseo_notices":[],"_links":{"self":[{"href":"https:\/\/electrovalcorp.com\/ecommerce\/wp-json\/wp\/v2\/product\/19295","targetHints":{"allow":["GET"]}}],"collection":[{"href":"https:\/\/electrovalcorp.com\/ecommerce\/wp-json\/wp\/v2\/product"}],"about":[{"href":"https:\/\/electrovalcorp.com\/ecommerce\/wp-json\/wp\/v2\/types\/product"}],"replies":[{"embeddable":true,"href":"https:\/\/electrovalcorp.com\/ecommerce\/wp-json\/wp\/v2\/comments?post=19295"}],"wp:featuredmedia":[{"embeddable":true,"href":"https:\/\/electrovalcorp.com\/ecommerce\/wp-json\/wp\/v2\/media\/19293"}],"wp:attachment":[{"href":"https:\/\/electrovalcorp.com\/ecommerce\/wp-json\/wp\/v2\/media?parent=19295"}],"wp:term":[{"taxonomy":"product_brand","embeddable":true,"href":"https:\/\/electrovalcorp.com\/ecommerce\/wp-json\/wp\/v2\/product_brand?post=19295"},{"taxonomy":"product_cat","embeddable":true,"href":"https:\/\/electrovalcorp.com\/ecommerce\/wp-json\/wp\/v2\/product_cat?post=19295"},{"taxonomy":"product_tag","embeddable":true,"href":"https:\/\/electrovalcorp.com\/ecommerce\/wp-json\/wp\/v2\/product_tag?post=19295"}],"curies":[{"name":"wp","href":"https:\/\/api.w.org\/{rel}","templated":true}]}}