{"id":19327,"date":"2023-03-14T22:56:59","date_gmt":"2023-03-14T22:56:59","guid":{"rendered":"https:\/\/electrovalcorp.com\/ecommerce\/?post_type=product&#038;p=19327"},"modified":"2026-04-23T23:42:37","modified_gmt":"2026-04-23T23:42:37","slug":"linterna-frontal-de-casco-redlithium-usb-600-lumenes-2163-21-milwaukee","status":"publish","type":"product","link":"https:\/\/electrovalcorp.com\/ecommerce\/producto\/linterna-frontal-de-casco-redlithium-usb-600-lumenes-2163-21-milwaukee\/","title":{"rendered":"Linterna frontal de casco REDLITHIUM\u2122 USB 600 lumenes 2163-21 Milwaukee"},"content":{"rendered":"<p>Nuestro faro MILWAUKEE\u00ae REDLTHIUM\u2122 USB Hard Hat es un 20% m\u00e1s ligero, m\u00e1s brillante y ofrece M\u00c1S TIEMPO DE EJECUCI\u00d3N. Este faro compacto de alto rendimiento funciona con la bater\u00eda USB REDLITHIUM\u2122. Este faro recargable es un dise\u00f1o ligero y compacto que ofrece 600 l\u00famenes de SALIDA DE ALTA DEFINICI\u00d3N TRUEVIEW\u2122 con modos h\u00edbrido, spot e flood. El faro se separa f\u00e1cilmente del soporte para facilitar la carga y ayudar a que la luz entre en esos lugares dif\u00edciles de alcanzar. Ahora puede optimizar la posici\u00f3n de la luz con 180 grados de movilidad y 5 modos de salida diferentes. Esta linterna frontal tiene clasificaci\u00f3n IP54 como resistente a la intemperie y al polvo y sobrevive a impactos de hasta 2 metros para soportar las duras condiciones del lugar de trabajo. El faro REDLITHIUM USB Hard Hat est\u00e1 alimentado por la bater\u00eda REDLITHIUM\u2122\u2122 USB 3.0AH, que proporciona tiempo de funcionamiento durante todo el d\u00eda, m\u00e1s recargas y un tiempo de carga 3 veces m\u00e1s r\u00e1pido. La bater\u00eda USB REDLITHIUM se puede recargar en la linterna a trav\u00e9s de USB &#8211; C o intercambiarse con bater\u00edas USB REDLITHIUM\u2122\u2122 adicionales para pr\u00e1cticamente ning\u00fan tiempo de inactividad. La linterna frontal de casco duro USB REDLITHIUM\u2122 est\u00e1 cubierta por una garant\u00eda limitada de por vida.<\/p>\n","protected":false},"excerpt":{"rendered":"<p>Nuestro faro MILWAUKEE\u00ae REDLTHIUM\u2122 USB Hard Hat es un 20% m\u00e1s ligero, m\u00e1s brillante y ofrece M\u00c1S TIEMPO DE EJECUCI\u00d3N. Este faro compacto de alto rendimiento funciona con la bater\u00eda USB REDLITHIUM\u2122. Este faro recargable es un dise\u00f1o ligero y compacto que ofrece 600 l\u00famenes de SALIDA DE ALTA DEFINICI\u00d3N TRUEVIEW\u2122 con modos h\u00edbrido, spot [&hellip;]<\/p>\n","protected":false},"featured_media":19328,"comment_status":"open","ping_status":"closed","template":"","meta":[],"product_brand":[],"product_cat":[195,190],"product_tag":[],"class_list":{"0":"post-19327","1":"product","2":"type-product","3":"status-publish","4":"has-post-thumbnail","6":"product_cat-iluminacion","7":"product_cat-milwaukee","9":"first","10":"instock","11":"taxable","12":"shipping-taxable","13":"purchasable","14":"product-type-simple","15":"add-to-wishlist-after_add_to_cart"},"aioseo_notices":[],"_links":{"self":[{"href":"https:\/\/electrovalcorp.com\/ecommerce\/wp-json\/wp\/v2\/product\/19327","targetHints":{"allow":["GET"]}}],"collection":[{"href":"https:\/\/electrovalcorp.com\/ecommerce\/wp-json\/wp\/v2\/product"}],"about":[{"href":"https:\/\/electrovalcorp.com\/ecommerce\/wp-json\/wp\/v2\/types\/product"}],"replies":[{"embeddable":true,"href":"https:\/\/electrovalcorp.com\/ecommerce\/wp-json\/wp\/v2\/comments?post=19327"}],"wp:featuredmedia":[{"embeddable":true,"href":"https:\/\/electrovalcorp.com\/ecommerce\/wp-json\/wp\/v2\/media\/19328"}],"wp:attachment":[{"href":"https:\/\/electrovalcorp.com\/ecommerce\/wp-json\/wp\/v2\/media?parent=19327"}],"wp:term":[{"taxonomy":"product_brand","embeddable":true,"href":"https:\/\/electrovalcorp.com\/ecommerce\/wp-json\/wp\/v2\/product_brand?post=19327"},{"taxonomy":"product_cat","embeddable":true,"href":"https:\/\/electrovalcorp.com\/ecommerce\/wp-json\/wp\/v2\/product_cat?post=19327"},{"taxonomy":"product_tag","embeddable":true,"href":"https:\/\/electrovalcorp.com\/ecommerce\/wp-json\/wp\/v2\/product_tag?post=19327"}],"curies":[{"name":"wp","href":"https:\/\/api.w.org\/{rel}","templated":true}]}}