{"id":19372,"date":"2023-03-17T14:23:16","date_gmt":"2023-03-17T14:23:16","guid":{"rendered":"https:\/\/electrovalcorp.com\/ecommerce\/?post_type=product&#038;p=19372"},"modified":"2025-10-31T17:34:16","modified_gmt":"2025-10-31T17:34:16","slug":"cinta-magnetica-compacta-de-hoja-ancha-5m-48-22-0317-milwaukee","status":"publish","type":"product","link":"https:\/\/electrovalcorp.com\/ecommerce\/producto\/cinta-magnetica-compacta-de-hoja-ancha-5m-48-22-0317-milwaukee\/","title":{"rendered":"Cinta magn\u00e9tica compacta de hoja ancha 5m 48-22-1217M- Milwaukee"},"content":{"rendered":"<p>Nuestras cintas m\u00e9tricas compactas de hoja ancha tienen hasta 15&#8242; de alcance, lo que le permite tomar medidas r\u00e1pidamente. La cinta es resistente al desgaste y al impacto con protecci\u00f3n de cuchilla de nylon y un recubrimiento antidesgarro adicional en los primeros 6&#8243; de la hoja, lo que reduce el desgarro de la cinta. Construidas para soportar el lugar de trabajo, las cintas de medici\u00f3n compactas est\u00e1n construidas con un marco reforzado de 5 puntos para resistencia al impacto.<\/p>\n<h3>Longitud de la hoja de cinta &#8211;\u00a0<span id=\"hand-tool-family-item__selected\">&#8211; 5m \/ 16ft (48-22-1217M)<\/span><\/h3>\n","protected":false},"excerpt":{"rendered":"<p>Nuestras cintas m\u00e9tricas compactas de hoja ancha tienen hasta 15&#8242; de alcance, lo que le permite tomar medidas r\u00e1pidamente. La cinta es resistente al desgaste y al impacto con protecci\u00f3n de cuchilla de nylon y un recubrimiento antidesgarro adicional en los primeros 6&#8243; de la hoja, lo que reduce el desgarro de la cinta. Construidas [&hellip;]<\/p>\n","protected":false},"featured_media":19365,"comment_status":"open","ping_status":"closed","template":"","meta":[],"product_brand":[],"product_cat":[193,190],"product_tag":[],"class_list":{"0":"post-19372","1":"product","2":"type-product","3":"status-publish","4":"has-post-thumbnail","6":"product_cat-herramienta-manual","7":"product_cat-milwaukee","9":"first","10":"instock","11":"taxable","12":"shipping-taxable","13":"purchasable","14":"product-type-simple","15":"add-to-wishlist-after_add_to_cart"},"aioseo_notices":[],"_links":{"self":[{"href":"https:\/\/electrovalcorp.com\/ecommerce\/wp-json\/wp\/v2\/product\/19372","targetHints":{"allow":["GET"]}}],"collection":[{"href":"https:\/\/electrovalcorp.com\/ecommerce\/wp-json\/wp\/v2\/product"}],"about":[{"href":"https:\/\/electrovalcorp.com\/ecommerce\/wp-json\/wp\/v2\/types\/product"}],"replies":[{"embeddable":true,"href":"https:\/\/electrovalcorp.com\/ecommerce\/wp-json\/wp\/v2\/comments?post=19372"}],"wp:featuredmedia":[{"embeddable":true,"href":"https:\/\/electrovalcorp.com\/ecommerce\/wp-json\/wp\/v2\/media\/19365"}],"wp:attachment":[{"href":"https:\/\/electrovalcorp.com\/ecommerce\/wp-json\/wp\/v2\/media?parent=19372"}],"wp:term":[{"taxonomy":"product_brand","embeddable":true,"href":"https:\/\/electrovalcorp.com\/ecommerce\/wp-json\/wp\/v2\/product_brand?post=19372"},{"taxonomy":"product_cat","embeddable":true,"href":"https:\/\/electrovalcorp.com\/ecommerce\/wp-json\/wp\/v2\/product_cat?post=19372"},{"taxonomy":"product_tag","embeddable":true,"href":"https:\/\/electrovalcorp.com\/ecommerce\/wp-json\/wp\/v2\/product_tag?post=19372"}],"curies":[{"name":"wp","href":"https:\/\/api.w.org\/{rel}","templated":true}]}}