{"id":19527,"date":"2023-07-18T16:51:22","date_gmt":"2023-07-18T16:51:22","guid":{"rendered":"https:\/\/electrovalcorp.com\/ecommerce\/?post_type=product&#038;p=19527"},"modified":"2025-03-06T20:05:05","modified_gmt":"2025-03-06T20:05:05","slug":"cortador-de-lamina-tijeras-de-aviacion-con-cortador-de-alambre-recta-1201r-klein-tools-copia","status":"publish","type":"product","link":"https:\/\/electrovalcorp.com\/ecommerce\/producto\/cortador-de-lamina-tijeras-de-aviacion-con-cortador-de-alambre-recta-1201r-klein-tools-copia\/","title":{"rendered":"Cortador de lamina (tijeras de aviaci\u00f3n) con cortador de alambre, recta 1202S Klein tools"},"content":{"rendered":"<ul class=\"features-list no-indent\">\n<li>Cuchillas dentadas de acero forjado para una resistencia y durabilidad superiores<\/li>\n<li>Cortador de alambre integrado \u00fanico en el exterior de la cuchilla para el conducto y el alambre de suspensi\u00f3n del techo<\/li>\n<li>Corta acero calibre 18 y acero inoxidable calibre 22<\/li>\n<li>El bloqueo de acci\u00f3n de resorte permite abrir la herramienta con una sola mano<\/li>\n<li>Cuenta con c\u00f3modos pu\u00f1os contorneados codificados por colores<\/li>\n<li>Conveniente orificio para colgar para un f\u00e1cil almacenamiento<\/li>\n<li>Cumple con el est\u00e1ndar de rendimiento ASME B107.16M<\/li>\n<\/ul>\n","protected":false},"excerpt":{"rendered":"<p>Cuchillas dentadas de acero forjado para una resistencia y durabilidad superiores Cortador de alambre integrado \u00fanico en el exterior de la cuchilla para el conducto y el alambre de suspensi\u00f3n del techo Corta acero calibre 18 y acero inoxidable calibre 22 El bloqueo de acci\u00f3n de resorte permite abrir la herramienta con una sola mano [&hellip;]<\/p>\n","protected":false},"featured_media":19522,"comment_status":"open","ping_status":"closed","template":"","meta":[],"product_brand":[],"product_cat":[193,201],"product_tag":[],"class_list":{"0":"post-19527","1":"product","2":"type-product","3":"status-publish","4":"has-post-thumbnail","6":"product_cat-herramienta-manual","7":"product_cat-klein-tools","9":"first","10":"instock","11":"taxable","12":"shipping-taxable","13":"purchasable","14":"product-type-simple","15":"add-to-wishlist-after_add_to_cart"},"aioseo_notices":[],"_links":{"self":[{"href":"https:\/\/electrovalcorp.com\/ecommerce\/wp-json\/wp\/v2\/product\/19527","targetHints":{"allow":["GET"]}}],"collection":[{"href":"https:\/\/electrovalcorp.com\/ecommerce\/wp-json\/wp\/v2\/product"}],"about":[{"href":"https:\/\/electrovalcorp.com\/ecommerce\/wp-json\/wp\/v2\/types\/product"}],"replies":[{"embeddable":true,"href":"https:\/\/electrovalcorp.com\/ecommerce\/wp-json\/wp\/v2\/comments?post=19527"}],"wp:featuredmedia":[{"embeddable":true,"href":"https:\/\/electrovalcorp.com\/ecommerce\/wp-json\/wp\/v2\/media\/19522"}],"wp:attachment":[{"href":"https:\/\/electrovalcorp.com\/ecommerce\/wp-json\/wp\/v2\/media?parent=19527"}],"wp:term":[{"taxonomy":"product_brand","embeddable":true,"href":"https:\/\/electrovalcorp.com\/ecommerce\/wp-json\/wp\/v2\/product_brand?post=19527"},{"taxonomy":"product_cat","embeddable":true,"href":"https:\/\/electrovalcorp.com\/ecommerce\/wp-json\/wp\/v2\/product_cat?post=19527"},{"taxonomy":"product_tag","embeddable":true,"href":"https:\/\/electrovalcorp.com\/ecommerce\/wp-json\/wp\/v2\/product_tag?post=19527"}],"curies":[{"name":"wp","href":"https:\/\/api.w.org\/{rel}","templated":true}]}}