{"id":19613,"date":"2023-07-21T12:36:20","date_gmt":"2023-07-21T12:36:20","guid":{"rendered":"https:\/\/electrovalcorp.com\/ecommerce\/?post_type=product&#038;p=19613"},"modified":"2025-07-15T17:42:25","modified_gmt":"2025-07-15T17:42:25","slug":"juego-de-5-brocas-roscadoras-de-taladro-en-pulgadas-48-89-4874-milwaukee","status":"publish","type":"product","link":"https:\/\/electrovalcorp.com\/ecommerce\/producto\/juego-de-5-brocas-roscadoras-de-taladro-en-pulgadas-48-89-4874-milwaukee\/","title":{"rendered":"JUEGO DE 5 BROCAS ROSCADORAS DE TALADRO EN PULGADAS 48-89-4874 MILWAUKEE"},"content":{"rendered":"<p>Milwaukee\u00ae Shockwave\u2122 5PC\u00a0 Impact Drill Tap Set taladros y grifos al mismo tiempo. Los bits est\u00e1n dise\u00f1ados para su uso en metal de hasta 1\/4&#8243;. El tama\u00f1o grabado con l\u00e1ser permite una f\u00e1cil identificaci\u00f3n del tama\u00f1o. La broca est\u00e1 dise\u00f1ada para su uso en impactadores y taladros.<\/p>\n<ul>\n<li>\u00a08-32<\/li>\n<li>10-24<\/li>\n<li>10-32<\/li>\n<li>12-24<\/li>\n<li>1\/4-20<\/li>\n<\/ul>\n","protected":false},"excerpt":{"rendered":"<p>Milwaukee\u00ae Shockwave\u2122 5PC\u00a0 Impact Drill Tap Set taladros y grifos al mismo tiempo. Los bits est\u00e1n dise\u00f1ados para su uso en metal de hasta 1\/4&#8243;. El tama\u00f1o grabado con l\u00e1ser permite una f\u00e1cil identificaci\u00f3n del tama\u00f1o. La broca est\u00e1 dise\u00f1ada para su uso en impactadores y taladros. \u00a08-32 10-24 10-32 12-24 1\/4-20<\/p>\n","protected":false},"featured_media":18759,"comment_status":"closed","ping_status":"closed","template":"","meta":[],"product_brand":[],"product_cat":[197,190],"product_tag":[],"class_list":{"0":"post-19613","1":"product","2":"type-product","3":"status-publish","4":"has-post-thumbnail","6":"product_cat-accesorios","7":"product_cat-milwaukee","9":"first","10":"instock","11":"taxable","12":"shipping-taxable","13":"purchasable","14":"product-type-simple","15":"add-to-wishlist-after_add_to_cart"},"aioseo_notices":[],"_links":{"self":[{"href":"https:\/\/electrovalcorp.com\/ecommerce\/wp-json\/wp\/v2\/product\/19613","targetHints":{"allow":["GET"]}}],"collection":[{"href":"https:\/\/electrovalcorp.com\/ecommerce\/wp-json\/wp\/v2\/product"}],"about":[{"href":"https:\/\/electrovalcorp.com\/ecommerce\/wp-json\/wp\/v2\/types\/product"}],"replies":[{"embeddable":true,"href":"https:\/\/electrovalcorp.com\/ecommerce\/wp-json\/wp\/v2\/comments?post=19613"}],"wp:featuredmedia":[{"embeddable":true,"href":"https:\/\/electrovalcorp.com\/ecommerce\/wp-json\/wp\/v2\/media\/18759"}],"wp:attachment":[{"href":"https:\/\/electrovalcorp.com\/ecommerce\/wp-json\/wp\/v2\/media?parent=19613"}],"wp:term":[{"taxonomy":"product_brand","embeddable":true,"href":"https:\/\/electrovalcorp.com\/ecommerce\/wp-json\/wp\/v2\/product_brand?post=19613"},{"taxonomy":"product_cat","embeddable":true,"href":"https:\/\/electrovalcorp.com\/ecommerce\/wp-json\/wp\/v2\/product_cat?post=19613"},{"taxonomy":"product_tag","embeddable":true,"href":"https:\/\/electrovalcorp.com\/ecommerce\/wp-json\/wp\/v2\/product_tag?post=19613"}],"curies":[{"name":"wp","href":"https:\/\/api.w.org\/{rel}","templated":true}]}}