{"id":20060,"date":"2024-10-07T16:51:14","date_gmt":"2024-10-07T16:51:14","guid":{"rendered":"https:\/\/electrovalcorp.com\/ecommerce\/?post_type=product&#038;p=20060"},"modified":"2025-07-14T18:31:57","modified_gmt":"2025-07-14T18:31:57","slug":"anteojo-de-seguridad-oscuro","status":"publish","type":"product","link":"https:\/\/electrovalcorp.com\/ecommerce\/producto\/anteojo-de-seguridad-oscuro\/","title":{"rendered":"Anteojo de seguridad oscuro 60471"},"content":{"rendered":"<ul class=\"features-list no-indent\">\n<li>Las gafas de seguridad brindan una cobertura adicional con marco completo, lentes anchos y dise\u00f1o de patillas para una cobertura ajustada en la parte frontal y lateral del rostro.<\/li>\n<li>La junta de espuma con correa de nailon crea un sello herm\u00e9tico y c\u00f3modo alrededor de los ojos para evitar que entre suciedad; ambas son reemplazables<\/li>\n<li>Protecci\u00f3n superior contra impactos: probado contra impactos seg\u00fan las \u00faltimas normas ANSI Z87.1+ y CSA Z94.3<\/li>\n<li>Lente resistente a rayones; especialmente tratada para mayor durabilidad para sobrevivir en lugares de trabajo exigentes<\/li>\n<li>Antivaho; revestimiento duradero y eficaz que no se desgasta y funciona incluso con m\u00e1scaras antipolvo.<\/li>\n<li>Protecci\u00f3n UV: Probado seg\u00fan el est\u00e1ndar ANSI Z87.1 U6, que bloquea eficazmente el 99,9 por ciento de los rayos UV da\u00f1inos.<\/li>\n<li>Lente de policarbonato transparente de alta calidad; probada para una distorsi\u00f3n m\u00ednima para garantizar una visi\u00f3n sin concesiones<\/li>\n<li>Comodidad a largo plazo; dise\u00f1ado con materiales livianos y flexibles para adaptarse a su rostro.<\/li>\n<li>Ajuste antideslizante; pieza nasal y puntas de patillas de goma para un ajuste y agarre seguros<\/li>\n<li>Incluye una bolsa de almacenamiento de microfibra que tambi\u00e9n funciona como pa\u00f1o de limpieza.<\/li>\n<\/ul>\n","protected":false},"excerpt":{"rendered":"<p>Las gafas de seguridad brindan una cobertura adicional con marco completo, lentes anchos y dise\u00f1o de patillas para una cobertura ajustada en la parte frontal y lateral del rostro. La junta de espuma con correa de nailon crea un sello herm\u00e9tico y c\u00f3modo alrededor de los ojos para evitar que entre suciedad; ambas son reemplazables [&hellip;]<\/p>\n","protected":false},"featured_media":20061,"comment_status":"open","ping_status":"closed","template":"","meta":[],"product_brand":[],"product_cat":[197,201],"product_tag":[],"class_list":{"0":"post-20060","1":"product","2":"type-product","3":"status-publish","4":"has-post-thumbnail","6":"product_cat-accesorios","7":"product_cat-klein-tools","9":"first","10":"instock","11":"taxable","12":"shipping-taxable","13":"purchasable","14":"product-type-simple","15":"add-to-wishlist-after_add_to_cart"},"aioseo_notices":[],"_links":{"self":[{"href":"https:\/\/electrovalcorp.com\/ecommerce\/wp-json\/wp\/v2\/product\/20060","targetHints":{"allow":["GET"]}}],"collection":[{"href":"https:\/\/electrovalcorp.com\/ecommerce\/wp-json\/wp\/v2\/product"}],"about":[{"href":"https:\/\/electrovalcorp.com\/ecommerce\/wp-json\/wp\/v2\/types\/product"}],"replies":[{"embeddable":true,"href":"https:\/\/electrovalcorp.com\/ecommerce\/wp-json\/wp\/v2\/comments?post=20060"}],"wp:featuredmedia":[{"embeddable":true,"href":"https:\/\/electrovalcorp.com\/ecommerce\/wp-json\/wp\/v2\/media\/20061"}],"wp:attachment":[{"href":"https:\/\/electrovalcorp.com\/ecommerce\/wp-json\/wp\/v2\/media?parent=20060"}],"wp:term":[{"taxonomy":"product_brand","embeddable":true,"href":"https:\/\/electrovalcorp.com\/ecommerce\/wp-json\/wp\/v2\/product_brand?post=20060"},{"taxonomy":"product_cat","embeddable":true,"href":"https:\/\/electrovalcorp.com\/ecommerce\/wp-json\/wp\/v2\/product_cat?post=20060"},{"taxonomy":"product_tag","embeddable":true,"href":"https:\/\/electrovalcorp.com\/ecommerce\/wp-json\/wp\/v2\/product_tag?post=20060"}],"curies":[{"name":"wp","href":"https:\/\/api.w.org\/{rel}","templated":true}]}}