{"id":20151,"date":"2024-10-07T21:17:43","date_gmt":"2024-10-07T21:17:43","guid":{"rendered":"https:\/\/electrovalcorp.com\/ecommerce\/?post_type=product&#038;p=20151"},"modified":"2025-05-15T16:26:34","modified_gmt":"2025-05-15T16:26:34","slug":"multimetro-digital-autorango-y-tecnologia-trms-1000-v","status":"publish","type":"product","link":"https:\/\/electrovalcorp.com\/ecommerce\/producto\/multimetro-digital-autorango-y-tecnologia-trms-1000-v\/","title":{"rendered":"Mult\u00edmetro digital, autorango y tecnolog\u00eda TRMS, 1000 V MM720"},"content":{"rendered":"<ul class=\"features-list no-indent\">\n<li>Mult\u00edmetro con rango autom\u00e1tico y tecnolog\u00eda TRMS (verdadera ra\u00edz cuadrada media) para una mayor precisi\u00f3n<\/li>\n<li>El comprobador mide hasta 1000 V CA\/CC de voltaje, 10 A CA\/CC de corriente y 60 MOhms de resistencia, adem\u00e1s de temperatura, capacitancia, frecuencia, baja impedancia (LoZ), ciclo de trabajo, diodos de prueba y continuidad.<\/li>\n<li>Pantalla de contraste inverso de alta visibilidad con sensor \u00f3ptico para optimizar autom\u00e1ticamente la visibilidad en ambientes con iluminaci\u00f3n oscura o brillante<\/li>\n<li>Modo de baja impedancia (LoZ) para identificar y eliminar voltajes fantasma o dispersos<\/li>\n<li>Indicador de bater\u00eda baja y compartimento de bater\u00eda y fusibles de f\u00e1cil acceso<\/li>\n<li>Medidor resistente dise\u00f1ado para soportar una ca\u00edda de 6,6 pies (2 m) y con clasificaci\u00f3n IP42<\/li>\n<li>Incluye bolsa de transporte, cables de prueba, termopar con adaptador y bater\u00edas.<\/li>\n<li>Clasificaci\u00f3n de seguridad CAT IV 600 V<\/li>\n<li>Para uso en entornos electromagn\u00e9ticos b\u00e1sicos y controlados, como ubicaciones residenciales, comerciales y de industria ligera.<\/li>\n<\/ul>\n","protected":false},"excerpt":{"rendered":"<p>Mult\u00edmetro con rango autom\u00e1tico y tecnolog\u00eda TRMS (verdadera ra\u00edz cuadrada media) para una mayor precisi\u00f3n El comprobador mide hasta 1000 V CA\/CC de voltaje, 10 A CA\/CC de corriente y 60 MOhms de resistencia, adem\u00e1s de temperatura, capacitancia, frecuencia, baja impedancia (LoZ), ciclo de trabajo, diodos de prueba y continuidad. Pantalla de contraste inverso de [&hellip;]<\/p>\n","protected":false},"featured_media":20152,"comment_status":"open","ping_status":"closed","template":"","meta":[],"product_brand":[],"product_cat":[201],"product_tag":[],"class_list":{"0":"post-20151","1":"product","2":"type-product","3":"status-publish","4":"has-post-thumbnail","6":"product_cat-klein-tools","8":"first","9":"instock","10":"taxable","11":"shipping-taxable","12":"purchasable","13":"product-type-simple","14":"add-to-wishlist-after_add_to_cart"},"aioseo_notices":[],"_links":{"self":[{"href":"https:\/\/electrovalcorp.com\/ecommerce\/wp-json\/wp\/v2\/product\/20151","targetHints":{"allow":["GET"]}}],"collection":[{"href":"https:\/\/electrovalcorp.com\/ecommerce\/wp-json\/wp\/v2\/product"}],"about":[{"href":"https:\/\/electrovalcorp.com\/ecommerce\/wp-json\/wp\/v2\/types\/product"}],"replies":[{"embeddable":true,"href":"https:\/\/electrovalcorp.com\/ecommerce\/wp-json\/wp\/v2\/comments?post=20151"}],"wp:featuredmedia":[{"embeddable":true,"href":"https:\/\/electrovalcorp.com\/ecommerce\/wp-json\/wp\/v2\/media\/20152"}],"wp:attachment":[{"href":"https:\/\/electrovalcorp.com\/ecommerce\/wp-json\/wp\/v2\/media?parent=20151"}],"wp:term":[{"taxonomy":"product_brand","embeddable":true,"href":"https:\/\/electrovalcorp.com\/ecommerce\/wp-json\/wp\/v2\/product_brand?post=20151"},{"taxonomy":"product_cat","embeddable":true,"href":"https:\/\/electrovalcorp.com\/ecommerce\/wp-json\/wp\/v2\/product_cat?post=20151"},{"taxonomy":"product_tag","embeddable":true,"href":"https:\/\/electrovalcorp.com\/ecommerce\/wp-json\/wp\/v2\/product_tag?post=20151"}],"curies":[{"name":"wp","href":"https:\/\/api.w.org\/{rel}","templated":true}]}}