{"id":20303,"date":"2025-02-05T16:55:31","date_gmt":"2025-02-05T16:55:31","guid":{"rendered":"https:\/\/electrovalcorp.com\/ecommerce\/?post_type=product&#038;p=20303"},"modified":"2025-02-12T17:53:07","modified_gmt":"2025-02-12T17:53:07","slug":"lampara-para-canasta-marca-milwaukee-modelo-2122-22hd","status":"publish","type":"product","link":"https:\/\/electrovalcorp.com\/ecommerce\/producto\/lampara-para-canasta-marca-milwaukee-modelo-2122-22hd\/","title":{"rendered":"LAMPARA PARA CANASTA.  MARCA:  MILWAUKEE.  MODELO:  2122-22HD"},"content":{"rendered":"<p>El kit de luz para baldes utilitarios MILWAUKEE M18 es el primero de su tipo y revoluciona la forma en que los linieros de servicios p\u00fablicos realizan trabajos en altura. Un mayor nivel de durabilidad y caracter\u00edsticas adicionales iluminan los espacios de trabajo de manera m\u00e1s efectiva. El dise\u00f1o de cabezal de luz doble brinda m\u00e1xima versatilidad para que un liniero use los modos de foco e inundaci\u00f3n con una luz, iluminando sus \u00e1reas de trabajo de maneras que no han podido hacer en el pasado. La luz para baldes utilitarios resiste los exigentes entornos de trabajo de los linieros con protecci\u00f3n clim\u00e1tica extrema y durabilidad de alto voltaje. Esta luz para baldes a bater\u00eda cuenta con una abrazadera patentada con resorte que se adapta a los bordes de baldes de todos los tama\u00f1os y permite a los usuarios mover la luz por el balde sin esfuerzo. Cuando se combina con una bater\u00eda M18 REDLITHIUM XC8.0, la luz para baldes utilitarios puede funcionar hasta 4 horas en modo de inundaci\u00f3n y modo de foco\/inundaci\u00f3n y hasta 6 horas en modo de foco.<\/p>\n","protected":false},"excerpt":{"rendered":"<p>El kit de luz para baldes utilitarios MILWAUKEE M18 es el primero de su tipo y revoluciona la forma en que los linieros de servicios p\u00fablicos realizan trabajos en altura. Un mayor nivel de durabilidad y caracter\u00edsticas adicionales iluminan los espacios de trabajo de manera m\u00e1s efectiva. El dise\u00f1o de cabezal de luz doble brinda [&hellip;]<\/p>\n","protected":false},"featured_media":20313,"comment_status":"open","ping_status":"closed","template":"","meta":[],"product_brand":[],"product_cat":[193,195,190],"product_tag":[],"class_list":{"0":"post-20303","1":"product","2":"type-product","3":"status-publish","4":"has-post-thumbnail","6":"product_cat-herramienta-manual","7":"product_cat-iluminacion","8":"product_cat-milwaukee","10":"first","11":"instock","12":"taxable","13":"shipping-taxable","14":"purchasable","15":"product-type-simple","16":"add-to-wishlist-after_add_to_cart"},"aioseo_notices":[],"_links":{"self":[{"href":"https:\/\/electrovalcorp.com\/ecommerce\/wp-json\/wp\/v2\/product\/20303","targetHints":{"allow":["GET"]}}],"collection":[{"href":"https:\/\/electrovalcorp.com\/ecommerce\/wp-json\/wp\/v2\/product"}],"about":[{"href":"https:\/\/electrovalcorp.com\/ecommerce\/wp-json\/wp\/v2\/types\/product"}],"replies":[{"embeddable":true,"href":"https:\/\/electrovalcorp.com\/ecommerce\/wp-json\/wp\/v2\/comments?post=20303"}],"wp:featuredmedia":[{"embeddable":true,"href":"https:\/\/electrovalcorp.com\/ecommerce\/wp-json\/wp\/v2\/media\/20313"}],"wp:attachment":[{"href":"https:\/\/electrovalcorp.com\/ecommerce\/wp-json\/wp\/v2\/media?parent=20303"}],"wp:term":[{"taxonomy":"product_brand","embeddable":true,"href":"https:\/\/electrovalcorp.com\/ecommerce\/wp-json\/wp\/v2\/product_brand?post=20303"},{"taxonomy":"product_cat","embeddable":true,"href":"https:\/\/electrovalcorp.com\/ecommerce\/wp-json\/wp\/v2\/product_cat?post=20303"},{"taxonomy":"product_tag","embeddable":true,"href":"https:\/\/electrovalcorp.com\/ecommerce\/wp-json\/wp\/v2\/product_tag?post=20303"}],"curies":[{"name":"wp","href":"https:\/\/api.w.org\/{rel}","templated":true}]}}