{"id":20321,"date":"2025-02-05T17:11:30","date_gmt":"2025-02-05T17:11:30","guid":{"rendered":"https:\/\/electrovalcorp.com\/ecommerce\/?post_type=product&#038;p=20321"},"modified":"2025-02-06T15:46:11","modified_gmt":"2025-02-06T15:46:11","slug":"lampara-rotativa-a-control-remoto-m18","status":"publish","type":"product","link":"https:\/\/electrovalcorp.com\/ecommerce\/producto\/lampara-rotativa-a-control-remoto-m18\/","title":{"rendered":"LAMPARA ROTATIVA A CONTROL REMOTO M18 2123-21HD"},"content":{"rendered":"<p>Kit de luz de b\u00fasqueda con control remoto para uso general M18\u2122 con base port\u00e1til es el primero de su tipo y permite a los usuarios de servicios p\u00fablicos el\u00e9ctricos IDENTIFICAR L\u00cdNEAS e INUNDAR CAMPOS desde una distancia de hasta 1250 yardas. Esta luz inal\u00e1mbrica funciona con hasta 4250 l\u00famenes de salida de alta definici\u00f3n TRUEVIEW\u2122 y se adapta para proporcionar un modo de foco o inundaci\u00f3n y la opci\u00f3n de usarla con una base magn\u00e9tica permanente o port\u00e1til. Tambi\u00e9n se incluye un control remoto inal\u00e1mbrico preemparejado que permite que la luz gire, se ajuste y se encienda a distancia. Esta luz tambi\u00e9n es compatible con ONE-KEY\u2122, lo que facilita el seguimiento a trav\u00e9s de la aplicaci\u00f3n en l\u00ednea ONE-KEY\u2122.<\/p>\n","protected":false},"excerpt":{"rendered":"<p>Kit de luz de b\u00fasqueda con control remoto para uso general M18\u2122 con base port\u00e1til es el primero de su tipo y permite a los usuarios de servicios p\u00fablicos el\u00e9ctricos IDENTIFICAR L\u00cdNEAS e INUNDAR CAMPOS desde una distancia de hasta 1250 yardas. Esta luz inal\u00e1mbrica funciona con hasta 4250 l\u00famenes de salida de alta definici\u00f3n [&hellip;]<\/p>\n","protected":false},"featured_media":20324,"comment_status":"open","ping_status":"closed","template":"","meta":[],"product_brand":[],"product_cat":[193,195,190],"product_tag":[],"class_list":{"0":"post-20321","1":"product","2":"type-product","3":"status-publish","4":"has-post-thumbnail","6":"product_cat-herramienta-manual","7":"product_cat-iluminacion","8":"product_cat-milwaukee","10":"first","11":"instock","12":"taxable","13":"shipping-taxable","14":"purchasable","15":"product-type-simple","16":"add-to-wishlist-after_add_to_cart"},"aioseo_notices":[],"_links":{"self":[{"href":"https:\/\/electrovalcorp.com\/ecommerce\/wp-json\/wp\/v2\/product\/20321","targetHints":{"allow":["GET"]}}],"collection":[{"href":"https:\/\/electrovalcorp.com\/ecommerce\/wp-json\/wp\/v2\/product"}],"about":[{"href":"https:\/\/electrovalcorp.com\/ecommerce\/wp-json\/wp\/v2\/types\/product"}],"replies":[{"embeddable":true,"href":"https:\/\/electrovalcorp.com\/ecommerce\/wp-json\/wp\/v2\/comments?post=20321"}],"wp:featuredmedia":[{"embeddable":true,"href":"https:\/\/electrovalcorp.com\/ecommerce\/wp-json\/wp\/v2\/media\/20324"}],"wp:attachment":[{"href":"https:\/\/electrovalcorp.com\/ecommerce\/wp-json\/wp\/v2\/media?parent=20321"}],"wp:term":[{"taxonomy":"product_brand","embeddable":true,"href":"https:\/\/electrovalcorp.com\/ecommerce\/wp-json\/wp\/v2\/product_brand?post=20321"},{"taxonomy":"product_cat","embeddable":true,"href":"https:\/\/electrovalcorp.com\/ecommerce\/wp-json\/wp\/v2\/product_cat?post=20321"},{"taxonomy":"product_tag","embeddable":true,"href":"https:\/\/electrovalcorp.com\/ecommerce\/wp-json\/wp\/v2\/product_tag?post=20321"}],"curies":[{"name":"wp","href":"https:\/\/api.w.org\/{rel}","templated":true}]}}