{"id":20770,"date":"2025-05-05T22:04:20","date_gmt":"2025-05-05T22:04:20","guid":{"rendered":"https:\/\/electrovalcorp.com\/ecommerce\/?post_type=product&#038;p=20770"},"modified":"2025-05-06T17:57:12","modified_gmt":"2025-05-06T17:57:12","slug":"guantes-de-cuero-para-constructor-talla-s-pyramex-safety-gl1001ws","status":"publish","type":"product","link":"https:\/\/electrovalcorp.com\/ecommerce\/producto\/guantes-de-cuero-para-constructor-talla-s-pyramex-safety-gl1001ws\/","title":{"rendered":"GUANTES DE CUERO PARA CONSTRUCTOR TALLA S Pyramex Safety GL1001WS"},"content":{"rendered":"<ul>\n<li><span>Piel de vacuno dividida seleccionada y resistente a la abrasi\u00f3n.<\/span><\/li>\n<li><span>Pulgar en forma de ala para mayor flexibilidad y uso prolongado.<\/span><\/li>\n<li><span>El dise\u00f1o de corte Gunn proporciona un uso c\u00f3modo.<\/span><\/li>\n<li><span>El pu\u00f1o de seguridad de goma resistente al agua protege la mu\u00f1eca y permite una extracci\u00f3n r\u00e1pida.<\/span><\/li>\n<li><span>Espalda el\u00e1stica para un ajuste seguro.<\/span><\/li>\n<li><span>Opci\u00f3n de etiqueta colgante para exhibici\u00f3n minorista<\/span><\/li>\n<\/ul>\n","protected":false},"excerpt":{"rendered":"<p>Piel de vacuno dividida seleccionada y resistente a la abrasi\u00f3n. Pulgar en forma de ala para mayor flexibilidad y uso prolongado. El dise\u00f1o de corte Gunn proporciona un uso c\u00f3modo. El pu\u00f1o de seguridad de goma resistente al agua protege la mu\u00f1eca y permite una extracci\u00f3n r\u00e1pida. Espalda el\u00e1stica para un ajuste seguro. Opci\u00f3n de [&hellip;]<\/p>\n","protected":false},"featured_media":20785,"comment_status":"open","ping_status":"closed","template":"","meta":[],"product_brand":[],"product_cat":[203,192],"product_tag":[],"class_list":{"0":"post-20770","1":"product","2":"type-product","3":"status-publish","4":"has-post-thumbnail","6":"product_cat-pyramex","7":"product_cat-seguridad-ocupacional","9":"first","10":"instock","11":"taxable","12":"shipping-taxable","13":"purchasable","14":"product-type-simple","15":"add-to-wishlist-after_add_to_cart"},"aioseo_notices":[],"_links":{"self":[{"href":"https:\/\/electrovalcorp.com\/ecommerce\/wp-json\/wp\/v2\/product\/20770","targetHints":{"allow":["GET"]}}],"collection":[{"href":"https:\/\/electrovalcorp.com\/ecommerce\/wp-json\/wp\/v2\/product"}],"about":[{"href":"https:\/\/electrovalcorp.com\/ecommerce\/wp-json\/wp\/v2\/types\/product"}],"replies":[{"embeddable":true,"href":"https:\/\/electrovalcorp.com\/ecommerce\/wp-json\/wp\/v2\/comments?post=20770"}],"wp:featuredmedia":[{"embeddable":true,"href":"https:\/\/electrovalcorp.com\/ecommerce\/wp-json\/wp\/v2\/media\/20785"}],"wp:attachment":[{"href":"https:\/\/electrovalcorp.com\/ecommerce\/wp-json\/wp\/v2\/media?parent=20770"}],"wp:term":[{"taxonomy":"product_brand","embeddable":true,"href":"https:\/\/electrovalcorp.com\/ecommerce\/wp-json\/wp\/v2\/product_brand?post=20770"},{"taxonomy":"product_cat","embeddable":true,"href":"https:\/\/electrovalcorp.com\/ecommerce\/wp-json\/wp\/v2\/product_cat?post=20770"},{"taxonomy":"product_tag","embeddable":true,"href":"https:\/\/electrovalcorp.com\/ecommerce\/wp-json\/wp\/v2\/product_tag?post=20770"}],"curies":[{"name":"wp","href":"https:\/\/api.w.org\/{rel}","templated":true}]}}