{"id":20771,"date":"2025-05-05T22:37:59","date_gmt":"2025-05-05T22:37:59","guid":{"rendered":"https:\/\/electrovalcorp.com\/ecommerce\/?post_type=product&#038;p=20771"},"modified":"2025-05-05T22:37:59","modified_gmt":"2025-05-05T22:37:59","slug":"casco-de-seguridad-blanco-hp14110","status":"publish","type":"product","link":"https:\/\/electrovalcorp.com\/ecommerce\/producto\/casco-de-seguridad-blanco-hp14110\/","title":{"rendered":"CASCO DE SEGURIDAD BLANCO HP14110"},"content":{"rendered":"<ul>\n<li>Dise\u00f1o de perfil bajo.<\/li>\n<li>Materiales de polietileno de alta densidad.<\/li>\n<li>Canal de lluvia.<\/li>\n<li>Ranuras para accesorios universales.<\/li>\n<li>Disponible con suspensiones de nailon de 4 y 6 puntos: estilos de cierre a presi\u00f3n y trinquete.<\/li>\n<li>Las suspensiones se ajustan desde un tama\u00f1o de cabeza de 6,5 a 8.<\/li>\n<li>Pases para orientaci\u00f3n inversa y baja temperatura (LT).<\/li>\n<li>Cumple con las clases E, G y C.<\/li>\n<li>Los colores de alta visibilidad han sido probados para obtener la marca HV.<\/li>\n<li>Impresi\u00f3n personalizada disponible.<\/li>\n<li><a href=\"https:\/\/www.pyramex.com\/blogs\/how-to-videos\/sl-series-cap-style-how-to-guide-suspension\">haga clic aqu\u00ed<\/a>\u00a0para descargar las<\/li>\n<\/ul>\n","protected":false},"excerpt":{"rendered":"<p>Dise\u00f1o de perfil bajo. Materiales de polietileno de alta densidad. Canal de lluvia. Ranuras para accesorios universales. Disponible con suspensiones de nailon de 4 y 6 puntos: estilos de cierre a presi\u00f3n y trinquete. Las suspensiones se ajustan desde un tama\u00f1o de cabeza de 6,5 a 8. Pases para orientaci\u00f3n inversa y baja temperatura (LT). [&hellip;]<\/p>\n","protected":false},"featured_media":20778,"comment_status":"open","ping_status":"closed","template":"","meta":[],"product_brand":[],"product_cat":[203,192],"product_tag":[],"class_list":{"0":"post-20771","1":"product","2":"type-product","3":"status-publish","4":"has-post-thumbnail","6":"product_cat-pyramex","7":"product_cat-seguridad-ocupacional","9":"first","10":"instock","11":"taxable","12":"shipping-taxable","13":"purchasable","14":"product-type-simple","15":"add-to-wishlist-after_add_to_cart"},"aioseo_notices":[],"_links":{"self":[{"href":"https:\/\/electrovalcorp.com\/ecommerce\/wp-json\/wp\/v2\/product\/20771","targetHints":{"allow":["GET"]}}],"collection":[{"href":"https:\/\/electrovalcorp.com\/ecommerce\/wp-json\/wp\/v2\/product"}],"about":[{"href":"https:\/\/electrovalcorp.com\/ecommerce\/wp-json\/wp\/v2\/types\/product"}],"replies":[{"embeddable":true,"href":"https:\/\/electrovalcorp.com\/ecommerce\/wp-json\/wp\/v2\/comments?post=20771"}],"wp:featuredmedia":[{"embeddable":true,"href":"https:\/\/electrovalcorp.com\/ecommerce\/wp-json\/wp\/v2\/media\/20778"}],"wp:attachment":[{"href":"https:\/\/electrovalcorp.com\/ecommerce\/wp-json\/wp\/v2\/media?parent=20771"}],"wp:term":[{"taxonomy":"product_brand","embeddable":true,"href":"https:\/\/electrovalcorp.com\/ecommerce\/wp-json\/wp\/v2\/product_brand?post=20771"},{"taxonomy":"product_cat","embeddable":true,"href":"https:\/\/electrovalcorp.com\/ecommerce\/wp-json\/wp\/v2\/product_cat?post=20771"},{"taxonomy":"product_tag","embeddable":true,"href":"https:\/\/electrovalcorp.com\/ecommerce\/wp-json\/wp\/v2\/product_tag?post=20771"}],"curies":[{"name":"wp","href":"https:\/\/api.w.org\/{rel}","templated":true}]}}