{"id":20811,"date":"2025-05-06T19:25:42","date_gmt":"2025-05-06T19:25:42","guid":{"rendered":"https:\/\/electrovalcorp.com\/ecommerce\/?post_type=product&#038;p=20811"},"modified":"2025-05-06T19:25:42","modified_gmt":"2025-05-06T19:25:42","slug":"casco-de-seguridad-amarillo-con-ala-completa-hp54130","status":"publish","type":"product","link":"https:\/\/electrovalcorp.com\/ecommerce\/producto\/casco-de-seguridad-amarillo-con-ala-completa-hp54130\/","title":{"rendered":"CASCO DE SEGURIDAD AMARILLO CON ALA COMPLETA HP54130"},"content":{"rendered":"<ul>\n<li><span>Material ABS.<\/span><\/li>\n<li><span>Dise\u00f1o de perfil bajo.<\/span><\/li>\n<li><span>Suspensi\u00f3n trasera acolchada.<\/span><\/li>\n<li><span>Puntos de arn\u00e9s de 4 posiciones.<\/span><\/li>\n<li><span>Banda para el sudor reemplazable.<\/span><\/li>\n<li><span>Almohadilla de presi\u00f3n ventilada.<\/span><\/li>\n<li><span>Ranuras para accesorios universales.\u00a0<\/span><\/li>\n<li><span>Pasa temperatura alta.<\/span><\/li>\n<li><span>Pasa baja temperatura.<\/span><\/li>\n<li><span>Perilla f\u00e1cil de agarrar y ajusta la suspensi\u00f3n de 6,5 a 8.<\/span><\/li>\n<li><span>Puntos de bisagra oscilantes.<\/span><\/li>\n<li><span>Impresi\u00f3n personalizada disponible.\u00a0<\/span><\/li>\n<\/ul>\n","protected":false},"excerpt":{"rendered":"<p>Material ABS. Dise\u00f1o de perfil bajo. Suspensi\u00f3n trasera acolchada. Puntos de arn\u00e9s de 4 posiciones. Banda para el sudor reemplazable. Almohadilla de presi\u00f3n ventilada. Ranuras para accesorios universales.\u00a0 Pasa temperatura alta. Pasa baja temperatura. Perilla f\u00e1cil de agarrar y ajusta la suspensi\u00f3n de 6,5 a 8. Puntos de bisagra oscilantes. Impresi\u00f3n personalizada disponible.\u00a0<\/p>\n","protected":false},"featured_media":20815,"comment_status":"open","ping_status":"closed","template":"","meta":[],"product_brand":[],"product_cat":[203,192],"product_tag":[],"class_list":{"0":"post-20811","1":"product","2":"type-product","3":"status-publish","4":"has-post-thumbnail","6":"product_cat-pyramex","7":"product_cat-seguridad-ocupacional","9":"first","10":"instock","11":"taxable","12":"shipping-taxable","13":"purchasable","14":"product-type-simple","15":"add-to-wishlist-after_add_to_cart"},"aioseo_notices":[],"_links":{"self":[{"href":"https:\/\/electrovalcorp.com\/ecommerce\/wp-json\/wp\/v2\/product\/20811","targetHints":{"allow":["GET"]}}],"collection":[{"href":"https:\/\/electrovalcorp.com\/ecommerce\/wp-json\/wp\/v2\/product"}],"about":[{"href":"https:\/\/electrovalcorp.com\/ecommerce\/wp-json\/wp\/v2\/types\/product"}],"replies":[{"embeddable":true,"href":"https:\/\/electrovalcorp.com\/ecommerce\/wp-json\/wp\/v2\/comments?post=20811"}],"wp:featuredmedia":[{"embeddable":true,"href":"https:\/\/electrovalcorp.com\/ecommerce\/wp-json\/wp\/v2\/media\/20815"}],"wp:attachment":[{"href":"https:\/\/electrovalcorp.com\/ecommerce\/wp-json\/wp\/v2\/media?parent=20811"}],"wp:term":[{"taxonomy":"product_brand","embeddable":true,"href":"https:\/\/electrovalcorp.com\/ecommerce\/wp-json\/wp\/v2\/product_brand?post=20811"},{"taxonomy":"product_cat","embeddable":true,"href":"https:\/\/electrovalcorp.com\/ecommerce\/wp-json\/wp\/v2\/product_cat?post=20811"},{"taxonomy":"product_tag","embeddable":true,"href":"https:\/\/electrovalcorp.com\/ecommerce\/wp-json\/wp\/v2\/product_tag?post=20811"}],"curies":[{"name":"wp","href":"https:\/\/api.w.org\/{rel}","templated":true}]}}