{"id":20880,"date":"2025-05-07T13:54:13","date_gmt":"2025-05-07T13:54:13","guid":{"rendered":"https:\/\/electrovalcorp.com\/ecommerce\/?post_type=product&#038;p=20880"},"modified":"2025-05-09T20:39:36","modified_gmt":"2025-05-09T20:39:36","slug":"anteojos-protectores-contra-salpicaduras-quimicas-d3-pyg205t","status":"publish","type":"product","link":"https:\/\/electrovalcorp.com\/ecommerce\/producto\/anteojos-protectores-contra-salpicaduras-quimicas-d3-pyg205t\/","title":{"rendered":"ANTEOJOS PROTECTORES CONTRA SALPICADURAS QUIMICAS D3 PYG205T"},"content":{"rendered":"<p>las gafas protectoras contra salpicaduras de productos qu\u00edmicos cuentan con tapas de ventilaci\u00f3n para restringir la entrada de l\u00edquidos.<\/p>\n<p>Cuerpo de gafas grueso.<\/p>\n","protected":false},"excerpt":{"rendered":"<p>las gafas protectoras contra salpicaduras de productos qu\u00edmicos cuentan con tapas de ventilaci\u00f3n para restringir la entrada de l\u00edquidos. Cuerpo de gafas grueso.<\/p>\n","protected":false},"featured_media":21082,"comment_status":"open","ping_status":"closed","template":"","meta":[],"product_brand":[],"product_cat":[203,192],"product_tag":[],"class_list":{"0":"post-20880","1":"product","2":"type-product","3":"status-publish","4":"has-post-thumbnail","6":"product_cat-pyramex","7":"product_cat-seguridad-ocupacional","9":"first","10":"instock","11":"taxable","12":"shipping-taxable","13":"product-type-simple","14":"add-to-wishlist-after_add_to_cart"},"aioseo_notices":[],"_links":{"self":[{"href":"https:\/\/electrovalcorp.com\/ecommerce\/wp-json\/wp\/v2\/product\/20880","targetHints":{"allow":["GET"]}}],"collection":[{"href":"https:\/\/electrovalcorp.com\/ecommerce\/wp-json\/wp\/v2\/product"}],"about":[{"href":"https:\/\/electrovalcorp.com\/ecommerce\/wp-json\/wp\/v2\/types\/product"}],"replies":[{"embeddable":true,"href":"https:\/\/electrovalcorp.com\/ecommerce\/wp-json\/wp\/v2\/comments?post=20880"}],"wp:featuredmedia":[{"embeddable":true,"href":"https:\/\/electrovalcorp.com\/ecommerce\/wp-json\/wp\/v2\/media\/21082"}],"wp:attachment":[{"href":"https:\/\/electrovalcorp.com\/ecommerce\/wp-json\/wp\/v2\/media?parent=20880"}],"wp:term":[{"taxonomy":"product_brand","embeddable":true,"href":"https:\/\/electrovalcorp.com\/ecommerce\/wp-json\/wp\/v2\/product_brand?post=20880"},{"taxonomy":"product_cat","embeddable":true,"href":"https:\/\/electrovalcorp.com\/ecommerce\/wp-json\/wp\/v2\/product_cat?post=20880"},{"taxonomy":"product_tag","embeddable":true,"href":"https:\/\/electrovalcorp.com\/ecommerce\/wp-json\/wp\/v2\/product_tag?post=20880"}],"curies":[{"name":"wp","href":"https:\/\/api.w.org\/{rel}","templated":true}]}}