{"id":20899,"date":"2025-05-07T14:23:18","date_gmt":"2025-05-07T14:23:18","guid":{"rendered":"https:\/\/electrovalcorp.com\/ecommerce\/?post_type=product&#038;p=20899"},"modified":"2025-05-07T14:23:18","modified_gmt":"2025-05-07T14:23:18","slug":"anteojos-amarillos-de-policarbonato-resistentes-a-rayones-pysb5730d","status":"publish","type":"product","link":"https:\/\/electrovalcorp.com\/ecommerce\/producto\/anteojos-amarillos-de-policarbonato-resistentes-a-rayones-pysb5730d\/","title":{"rendered":"ANTEOJOS AMARILLOS DE POLICARBONATO RESISTENTES A RAYONES PYSB5730D"},"content":{"rendered":"<ul>\n<li><span>La pieza nasal ventilada es suave y ajustable.<\/span><\/li>\n<li><span>La parte superior del marco est\u00e1 ventilada permitiendo que el aire circule.<\/span><\/li>\n<li><span>Las puntas de las patillas de goma suave de doble inyecci\u00f3n combinadas con patillas traseras rectas totalmente ajustables refuerzan el m\u00e1s alto nivel de comodidad y ajuste.<\/span><\/li>\n<li><span>La lente de curva base de 9,5 proporciona una excelente protecci\u00f3n lateral.<\/span><\/li>\n<li><span>La lente de policarbonato resistente a rayones proporciona un 99 % de protecci\u00f3n UVA\/B\/C.<\/span><\/li>\n<li><span>Empaquetado en bolsa tipo concha para venta al por menor.<\/span><\/li>\n<\/ul>\n","protected":false},"excerpt":{"rendered":"<p>La pieza nasal ventilada es suave y ajustable. La parte superior del marco est\u00e1 ventilada permitiendo que el aire circule. Las puntas de las patillas de goma suave de doble inyecci\u00f3n combinadas con patillas traseras rectas totalmente ajustables refuerzan el m\u00e1s alto nivel de comodidad y ajuste. La lente de curva base de 9,5 proporciona [&hellip;]<\/p>\n","protected":false},"featured_media":20902,"comment_status":"open","ping_status":"closed","template":"","meta":[],"product_brand":[],"product_cat":[203,192],"product_tag":[],"class_list":{"0":"post-20899","1":"product","2":"type-product","3":"status-publish","4":"has-post-thumbnail","6":"product_cat-pyramex","7":"product_cat-seguridad-ocupacional","9":"first","10":"instock","11":"taxable","12":"shipping-taxable","13":"purchasable","14":"product-type-simple","15":"add-to-wishlist-after_add_to_cart"},"aioseo_notices":[],"_links":{"self":[{"href":"https:\/\/electrovalcorp.com\/ecommerce\/wp-json\/wp\/v2\/product\/20899","targetHints":{"allow":["GET"]}}],"collection":[{"href":"https:\/\/electrovalcorp.com\/ecommerce\/wp-json\/wp\/v2\/product"}],"about":[{"href":"https:\/\/electrovalcorp.com\/ecommerce\/wp-json\/wp\/v2\/types\/product"}],"replies":[{"embeddable":true,"href":"https:\/\/electrovalcorp.com\/ecommerce\/wp-json\/wp\/v2\/comments?post=20899"}],"wp:featuredmedia":[{"embeddable":true,"href":"https:\/\/electrovalcorp.com\/ecommerce\/wp-json\/wp\/v2\/media\/20902"}],"wp:attachment":[{"href":"https:\/\/electrovalcorp.com\/ecommerce\/wp-json\/wp\/v2\/media?parent=20899"}],"wp:term":[{"taxonomy":"product_brand","embeddable":true,"href":"https:\/\/electrovalcorp.com\/ecommerce\/wp-json\/wp\/v2\/product_brand?post=20899"},{"taxonomy":"product_cat","embeddable":true,"href":"https:\/\/electrovalcorp.com\/ecommerce\/wp-json\/wp\/v2\/product_cat?post=20899"},{"taxonomy":"product_tag","embeddable":true,"href":"https:\/\/electrovalcorp.com\/ecommerce\/wp-json\/wp\/v2\/product_tag?post=20899"}],"curies":[{"name":"wp","href":"https:\/\/api.w.org\/{rel}","templated":true}]}}