{"id":20911,"date":"2025-05-07T14:39:47","date_gmt":"2025-05-07T14:39:47","guid":{"rendered":"https:\/\/electrovalcorp.com\/ecommerce\/?post_type=product&#038;p=20911"},"modified":"2025-05-09T20:47:30","modified_gmt":"2025-05-09T20:47:30","slug":"anteojos-de-seguridad-de-policarbonato-resistente-a-rayones-pysbg9610st","status":"publish","type":"product","link":"https:\/\/electrovalcorp.com\/ecommerce\/producto\/anteojos-de-seguridad-de-policarbonato-resistente-a-rayones-pysbg9610st\/","title":{"rendered":"ANTEOJOS DE SEGURIDAD DE POLICARBONATO RESISTENTE A RAYONES PYSBG9610ST"},"content":{"rendered":"<ul>\n<li>Gafas protectoras ligeras y duraderas.<\/li>\n<li>El protector de cejas incorporado protege contra part\u00edculas suspendidas en el aire.<\/li>\n<li>El dise\u00f1o especial de bisagra diel\u00e9ctrica no contiene partes met\u00e1licas.<\/li>\n<li>Las patillas curvas y co-material permiten un uso c\u00f3modo durante todo el d\u00eda.<\/li>\n<li>La lente de policarbonato antivaho H2X resistente a rayones brinda 99 % de protecci\u00f3n UVA\/B\/C.<\/li>\n<li>La lente envolvente de una pieza con base de 9,5 proporciona una excelente protecci\u00f3n lateral.<\/li>\n<li>La pieza nasal suave y ajustable proporciona un ajuste personalizado para evitar resbalones.<\/li>\n<\/ul>\n","protected":false},"excerpt":{"rendered":"<p>Gafas protectoras ligeras y duraderas. El protector de cejas incorporado protege contra part\u00edculas suspendidas en el aire. El dise\u00f1o especial de bisagra diel\u00e9ctrica no contiene partes met\u00e1licas. Las patillas curvas y co-material permiten un uso c\u00f3modo durante todo el d\u00eda. La lente de policarbonato antivaho H2X resistente a rayones brinda 99 % de protecci\u00f3n UVA\/B\/C. [&hellip;]<\/p>\n","protected":false},"featured_media":21084,"comment_status":"open","ping_status":"closed","template":"","meta":[],"product_brand":[],"product_cat":[203,192],"product_tag":[],"class_list":{"0":"post-20911","1":"product","2":"type-product","3":"status-publish","4":"has-post-thumbnail","6":"product_cat-pyramex","7":"product_cat-seguridad-ocupacional","9":"first","10":"instock","11":"taxable","12":"shipping-taxable","13":"purchasable","14":"product-type-simple","15":"add-to-wishlist-after_add_to_cart"},"aioseo_notices":[],"_links":{"self":[{"href":"https:\/\/electrovalcorp.com\/ecommerce\/wp-json\/wp\/v2\/product\/20911","targetHints":{"allow":["GET"]}}],"collection":[{"href":"https:\/\/electrovalcorp.com\/ecommerce\/wp-json\/wp\/v2\/product"}],"about":[{"href":"https:\/\/electrovalcorp.com\/ecommerce\/wp-json\/wp\/v2\/types\/product"}],"replies":[{"embeddable":true,"href":"https:\/\/electrovalcorp.com\/ecommerce\/wp-json\/wp\/v2\/comments?post=20911"}],"wp:featuredmedia":[{"embeddable":true,"href":"https:\/\/electrovalcorp.com\/ecommerce\/wp-json\/wp\/v2\/media\/21084"}],"wp:attachment":[{"href":"https:\/\/electrovalcorp.com\/ecommerce\/wp-json\/wp\/v2\/media?parent=20911"}],"wp:term":[{"taxonomy":"product_brand","embeddable":true,"href":"https:\/\/electrovalcorp.com\/ecommerce\/wp-json\/wp\/v2\/product_brand?post=20911"},{"taxonomy":"product_cat","embeddable":true,"href":"https:\/\/electrovalcorp.com\/ecommerce\/wp-json\/wp\/v2\/product_cat?post=20911"},{"taxonomy":"product_tag","embeddable":true,"href":"https:\/\/electrovalcorp.com\/ecommerce\/wp-json\/wp\/v2\/product_tag?post=20911"}],"curies":[{"name":"wp","href":"https:\/\/api.w.org\/{rel}","templated":true}]}}