{"id":20938,"date":"2025-05-08T15:42:09","date_gmt":"2025-05-08T15:42:09","guid":{"rendered":"https:\/\/electrovalcorp.com\/ecommerce\/?post_type=product&#038;p=20938"},"modified":"2025-05-08T15:42:09","modified_gmt":"2025-05-08T15:42:09","slug":"anteojos-medio-marco-color-negro-con-lente-panoromico-de-policarbonato-sb6310sp","status":"publish","type":"product","link":"https:\/\/electrovalcorp.com\/ecommerce\/producto\/anteojos-medio-marco-color-negro-con-lente-panoromico-de-policarbonato-sb6310sp\/","title":{"rendered":"ANTEOJOS MEDIO MARCO COLOR NEGRO CON LENTE PANOROMICO DE POLICARBONATO SB6310SP"},"content":{"rendered":"<p><span>Experimente la combinaci\u00f3n perfecta de comodidad y protecci\u00f3n con\u00a0 las gafas de seguridad\u00a0<\/span><strong><span>PMXTREME<\/span><\/strong><span>\u00a0\u2122\u00a0\u00a0<\/span><span>. Su dise\u00f1o ligero con patillas ventiladas y flexibles, y su lente envolvente garantizan una visi\u00f3n n\u00edtida y un ajuste seguro sin sacrificar la comodidad.<\/span><\/p>\n<ul>\n<li><strong><span>Comodidad durante todo el d\u00eda:<\/span><\/strong><span>\u00a0Dise\u00f1ado con marcos livianos y medios para brindar un ajuste c\u00f3modo y una visi\u00f3n clara.<\/span><\/li>\n<li><strong><span>Campo de visi\u00f3n mejorado:<\/span><\/strong><span>\u00a0la lente panor\u00e1mica envolvente de policarbonato ofrece un campo de visi\u00f3n extendido crucial para la seguridad en entornos de trabajo activos, al mismo tiempo que brinda protecci\u00f3n UV para una seguridad ocular integral.<\/span><\/li>\n<li><strong><span>Ajuste c\u00f3modo con agarre:<\/span><\/strong><span>\u00a0la pieza nasal de goma y las puntas de las patillas, combinadas con patillas traseras rectas y ventiladas, brindan un ajuste seguro y una transpirabilidad mejorada para un uso prolongado.<\/span><\/li>\n<li><strong><span>Correa de seguridad:<\/span><\/strong><span>\u00a0el cord\u00f3n negro evita p\u00e9rdidas o da\u00f1os en entornos de trabajo con mucha actividad.<\/span><\/li>\n<li><strong><span>Claridad antivaho:<\/span><\/strong><span>\u00a0(estilos seleccionados) Las lentes antivaho garantizan una visi\u00f3n clara en todas las condiciones<\/span><\/li>\n<\/ul>\n","protected":false},"excerpt":{"rendered":"<p>Experimente la combinaci\u00f3n perfecta de comodidad y protecci\u00f3n con\u00a0 las gafas de seguridad\u00a0PMXTREME\u00a0\u2122\u00a0\u00a0. Su dise\u00f1o ligero con patillas ventiladas y flexibles, y su lente envolvente garantizan una visi\u00f3n n\u00edtida y un ajuste seguro sin sacrificar la comodidad. Comodidad durante todo el d\u00eda:\u00a0Dise\u00f1ado con marcos livianos y medios para brindar un ajuste c\u00f3modo y una visi\u00f3n [&hellip;]<\/p>\n","protected":false},"featured_media":20943,"comment_status":"open","ping_status":"closed","template":"","meta":[],"product_brand":[],"product_cat":[203,192],"product_tag":[],"class_list":{"0":"post-20938","1":"product","2":"type-product","3":"status-publish","4":"has-post-thumbnail","6":"product_cat-pyramex","7":"product_cat-seguridad-ocupacional","9":"first","10":"instock","11":"taxable","12":"shipping-taxable","13":"purchasable","14":"product-type-simple","15":"add-to-wishlist-after_add_to_cart"},"aioseo_notices":[],"_links":{"self":[{"href":"https:\/\/electrovalcorp.com\/ecommerce\/wp-json\/wp\/v2\/product\/20938","targetHints":{"allow":["GET"]}}],"collection":[{"href":"https:\/\/electrovalcorp.com\/ecommerce\/wp-json\/wp\/v2\/product"}],"about":[{"href":"https:\/\/electrovalcorp.com\/ecommerce\/wp-json\/wp\/v2\/types\/product"}],"replies":[{"embeddable":true,"href":"https:\/\/electrovalcorp.com\/ecommerce\/wp-json\/wp\/v2\/comments?post=20938"}],"wp:featuredmedia":[{"embeddable":true,"href":"https:\/\/electrovalcorp.com\/ecommerce\/wp-json\/wp\/v2\/media\/20943"}],"wp:attachment":[{"href":"https:\/\/electrovalcorp.com\/ecommerce\/wp-json\/wp\/v2\/media?parent=20938"}],"wp:term":[{"taxonomy":"product_brand","embeddable":true,"href":"https:\/\/electrovalcorp.com\/ecommerce\/wp-json\/wp\/v2\/product_brand?post=20938"},{"taxonomy":"product_cat","embeddable":true,"href":"https:\/\/electrovalcorp.com\/ecommerce\/wp-json\/wp\/v2\/product_cat?post=20938"},{"taxonomy":"product_tag","embeddable":true,"href":"https:\/\/electrovalcorp.com\/ecommerce\/wp-json\/wp\/v2\/product_tag?post=20938"}],"curies":[{"name":"wp","href":"https:\/\/api.w.org\/{rel}","templated":true}]}}