{"id":20971,"date":"2025-05-08T17:13:15","date_gmt":"2025-05-08T17:13:15","guid":{"rendered":"https:\/\/electrovalcorp.com\/ecommerce\/?post_type=product&#038;p=20971"},"modified":"2025-05-08T17:13:15","modified_gmt":"2025-05-08T17:13:15","slug":"careta-de-soldador-electronica-98x87mm-wham3030fl","status":"publish","type":"product","link":"https:\/\/electrovalcorp.com\/ecommerce\/producto\/careta-de-soldador-electronica-98x87mm-wham3030fl\/","title":{"rendered":"CARETA DE SOLDADOR ELECTRONICA-98x87mm WHAM3030FL"},"content":{"rendered":"<ul>\n<li><span>Casco de soldadura con oscurecimiento autom\u00e1tico Leadhead\u00ae<\/span><\/li>\n<li><span>9-13 tonos variables sin escalonamientos.<\/span><\/li>\n<li><span>\u00c1rea de visi\u00f3n de 3,858&#8243; x 3,425&#8243; (98 x 87 mm).<\/span><\/li>\n<li><span>Controles internos manuales.<\/span><\/li>\n<li><span>Comodidad superior con arn\u00e9s estilo pivotante.<\/span><\/li>\n<li><span>Fabricado en nailon resistente a altos impactos.<\/span><\/li>\n<li><span>Cuatro sensores de arco independientes en un dise\u00f1o escalonado para brindar la detecci\u00f3n de arco m\u00e1s confiable.<\/span><\/li>\n<li><span>Modos de corte y rectificado.<\/span><\/li>\n<li><span>Lente de alta velocidad 1\/30.000 segundos.<\/span><\/li>\n<li><span>Alimentado por c\u00e9lulas solares y bater\u00eda de litio reemplazable.<\/span><\/li>\n<li><span>Incluye soporte para lente de aumento.<\/span><\/li>\n<li><span>Suspensi\u00f3n de nailon totalmente ajustable.<\/span><\/li>\n<\/ul>\n","protected":false},"excerpt":{"rendered":"<p>Casco de soldadura con oscurecimiento autom\u00e1tico Leadhead\u00ae 9-13 tonos variables sin escalonamientos. \u00c1rea de visi\u00f3n de 3,858&#8243; x 3,425&#8243; (98 x 87 mm). Controles internos manuales. Comodidad superior con arn\u00e9s estilo pivotante. Fabricado en nailon resistente a altos impactos. Cuatro sensores de arco independientes en un dise\u00f1o escalonado para brindar la detecci\u00f3n de arco m\u00e1s [&hellip;]<\/p>\n","protected":false},"featured_media":20975,"comment_status":"open","ping_status":"closed","template":"","meta":[],"product_brand":[],"product_cat":[203,192],"product_tag":[],"class_list":{"0":"post-20971","1":"product","2":"type-product","3":"status-publish","4":"has-post-thumbnail","6":"product_cat-pyramex","7":"product_cat-seguridad-ocupacional","9":"first","10":"instock","11":"taxable","12":"shipping-taxable","13":"purchasable","14":"product-type-simple","15":"add-to-wishlist-after_add_to_cart"},"aioseo_notices":[],"_links":{"self":[{"href":"https:\/\/electrovalcorp.com\/ecommerce\/wp-json\/wp\/v2\/product\/20971","targetHints":{"allow":["GET"]}}],"collection":[{"href":"https:\/\/electrovalcorp.com\/ecommerce\/wp-json\/wp\/v2\/product"}],"about":[{"href":"https:\/\/electrovalcorp.com\/ecommerce\/wp-json\/wp\/v2\/types\/product"}],"replies":[{"embeddable":true,"href":"https:\/\/electrovalcorp.com\/ecommerce\/wp-json\/wp\/v2\/comments?post=20971"}],"wp:featuredmedia":[{"embeddable":true,"href":"https:\/\/electrovalcorp.com\/ecommerce\/wp-json\/wp\/v2\/media\/20975"}],"wp:attachment":[{"href":"https:\/\/electrovalcorp.com\/ecommerce\/wp-json\/wp\/v2\/media?parent=20971"}],"wp:term":[{"taxonomy":"product_brand","embeddable":true,"href":"https:\/\/electrovalcorp.com\/ecommerce\/wp-json\/wp\/v2\/product_brand?post=20971"},{"taxonomy":"product_cat","embeddable":true,"href":"https:\/\/electrovalcorp.com\/ecommerce\/wp-json\/wp\/v2\/product_cat?post=20971"},{"taxonomy":"product_tag","embeddable":true,"href":"https:\/\/electrovalcorp.com\/ecommerce\/wp-json\/wp\/v2\/product_tag?post=20971"}],"curies":[{"name":"wp","href":"https:\/\/api.w.org\/{rel}","templated":true}]}}