{"id":20985,"date":"2025-05-08T17:43:22","date_gmt":"2025-05-08T17:43:22","guid":{"rendered":"https:\/\/electrovalcorp.com\/ecommerce\/?post_type=product&#038;p=20985"},"modified":"2025-07-15T17:02:06","modified_gmt":"2025-07-15T17:02:06","slug":"guante-anticorte-ansi-isea-105-corte-a1-abrasion-3-perforacion-2-talla-m-pyramex-safety-gl401m","status":"publish","type":"product","link":"https:\/\/electrovalcorp.com\/ecommerce\/producto\/guante-anticorte-ansi-isea-105-corte-a1-abrasion-3-perforacion-2-talla-m-pyramex-safety-gl401m\/","title":{"rendered":"GUANTE ANTICORTE ANSI\/ISEA 105 \u2013 CORTE A1 -ABRASI\u00d3N 3 -PERFORACI\u00d3N 2 TALLA M Pyramex Safety GL401M"},"content":{"rendered":"<p><span class=\"fontstyle0\">ANSI\/ISEA 105 \u2013 CORTE A1 | ABRASI\u00d3N 3 | PERFORACI\u00d3N 2<br \/>\nEN388 \u2013 ABRASI\u00d3N 4 | CORTE 1 | DESGARRO 3 | PERFORACI\u00d3N 1 | CORTE-TDM 100 X<\/span><\/p>\n<ul>\n<li>Recubrimiento de poliuretano en la palma y los dedos para un buen agarre y un manejo preciso.<\/li>\n<li>El revestimiento de nailon de calibre 13 es resistente pero liviano.<\/li>\n<li>El dise\u00f1o del guante ofrece una excelente sensibilidad t\u00e1ctil y baja emisi\u00f3n de part\u00edculas.<\/li>\n<li>El pu\u00f1o tejido crea un ajuste ce\u00f1ido para evitar la entrada de residuos.<\/li>\n<li>Opci\u00f3n de etiqueta colgante para exhibici\u00f3n minorista.<\/li>\n<li>Opci\u00f3n de embalaje disponible para m\u00e1quinas expendedoras.<\/li>\n<\/ul>\n","protected":false},"excerpt":{"rendered":"<p>ANSI\/ISEA 105 \u2013 CORTE A1 | ABRASI\u00d3N 3 | PERFORACI\u00d3N 2 EN388 \u2013 ABRASI\u00d3N 4 | CORTE 1 | DESGARRO 3 | PERFORACI\u00d3N 1 | CORTE-TDM 100 X Recubrimiento de poliuretano en la palma y los dedos para un buen agarre y un manejo preciso. El revestimiento de nailon de calibre 13 es resistente pero [&hellip;]<\/p>\n","protected":false},"featured_media":20984,"comment_status":"open","ping_status":"closed","template":"","meta":[],"product_brand":[],"product_cat":[203,192],"product_tag":[],"class_list":{"0":"post-20985","1":"product","2":"type-product","3":"status-publish","4":"has-post-thumbnail","6":"product_cat-pyramex","7":"product_cat-seguridad-ocupacional","9":"first","10":"instock","11":"taxable","12":"shipping-taxable","13":"purchasable","14":"product-type-simple","15":"add-to-wishlist-after_add_to_cart"},"aioseo_notices":[],"_links":{"self":[{"href":"https:\/\/electrovalcorp.com\/ecommerce\/wp-json\/wp\/v2\/product\/20985","targetHints":{"allow":["GET"]}}],"collection":[{"href":"https:\/\/electrovalcorp.com\/ecommerce\/wp-json\/wp\/v2\/product"}],"about":[{"href":"https:\/\/electrovalcorp.com\/ecommerce\/wp-json\/wp\/v2\/types\/product"}],"replies":[{"embeddable":true,"href":"https:\/\/electrovalcorp.com\/ecommerce\/wp-json\/wp\/v2\/comments?post=20985"}],"wp:featuredmedia":[{"embeddable":true,"href":"https:\/\/electrovalcorp.com\/ecommerce\/wp-json\/wp\/v2\/media\/20984"}],"wp:attachment":[{"href":"https:\/\/electrovalcorp.com\/ecommerce\/wp-json\/wp\/v2\/media?parent=20985"}],"wp:term":[{"taxonomy":"product_brand","embeddable":true,"href":"https:\/\/electrovalcorp.com\/ecommerce\/wp-json\/wp\/v2\/product_brand?post=20985"},{"taxonomy":"product_cat","embeddable":true,"href":"https:\/\/electrovalcorp.com\/ecommerce\/wp-json\/wp\/v2\/product_cat?post=20985"},{"taxonomy":"product_tag","embeddable":true,"href":"https:\/\/electrovalcorp.com\/ecommerce\/wp-json\/wp\/v2\/product_tag?post=20985"}],"curies":[{"name":"wp","href":"https:\/\/api.w.org\/{rel}","templated":true}]}}