{"id":20990,"date":"2025-05-08T18:07:35","date_gmt":"2025-05-08T18:07:35","guid":{"rendered":"https:\/\/electrovalcorp.com\/ecommerce\/?post_type=product&#038;p=20990"},"modified":"2025-05-08T18:07:36","modified_gmt":"2025-05-08T18:07:36","slug":"guante-anticorte-de-latex-ansi-isea-105-corte-a1-abrasion-4-perforacion-3-talla-m-pyramex-safety-gl503m","status":"publish","type":"product","link":"https:\/\/electrovalcorp.com\/ecommerce\/producto\/guante-anticorte-de-latex-ansi-isea-105-corte-a1-abrasion-4-perforacion-3-talla-m-pyramex-safety-gl503m\/","title":{"rendered":"GUANTE ANTICORTE DE LATEX ANSI\/ISEA 105 \u2013 CORTE A1-ABRASI\u00d3N 4 -PERFORACI\u00d3N 3 TALLA  M Pyramex Safety GL503M"},"content":{"rendered":"<p><span>ANSI\/ISEA 105 \u2013 CORTE A1 | ABRASI\u00d3N 4 | PERFORACI\u00d3N 3<\/span><br \/>\n<span>EN388 \u2013 ABRASI\u00d3N 3 | CORTE 2 | DESGARRO 4 | PERFORACI\u00d3N 2 | CORTE TDM-100 X<\/span><br \/>\n<span>EN407 \u2013 CALOR POR CONTACTO 2<\/span><\/p>\n<ul>\n<li><span>El revestimiento de l\u00e1tex arrugado duradero en la palma y los dedos ofrece un contacto superior en superficies secas o h\u00famedas al canalizar los l\u00edquidos.<\/span><\/li>\n<li><span>El forro de poli\u00e9ster de calibre 10 es transpirable y de secado r\u00e1pido.<\/span><\/li>\n<li><span>Protecci\u00f3n t\u00e9rmica de contacto hasta 482\u00b0F\/250\u00b0C.<\/span><\/li>\n<li><span>Opci\u00f3n de etiqueta colgante para exhibici\u00f3n minorista.<\/span><\/li>\n<li><span>Opci\u00f3n de embalaje disponible para m\u00e1quinas expendedoras.<\/span><\/li>\n<\/ul>\n","protected":false},"excerpt":{"rendered":"<p>ANSI\/ISEA 105 \u2013 CORTE A1 | ABRASI\u00d3N 4 | PERFORACI\u00d3N 3 EN388 \u2013 ABRASI\u00d3N 3 | CORTE 2 | DESGARRO 4 | PERFORACI\u00d3N 2 | CORTE TDM-100 X EN407 \u2013 CALOR POR CONTACTO 2 El revestimiento de l\u00e1tex arrugado duradero en la palma y los dedos ofrece un contacto superior en superficies secas o h\u00famedas [&hellip;]<\/p>\n","protected":false},"featured_media":20988,"comment_status":"open","ping_status":"closed","template":"","meta":[],"product_brand":[],"product_cat":[203,192],"product_tag":[],"class_list":{"0":"post-20990","1":"product","2":"type-product","3":"status-publish","4":"has-post-thumbnail","6":"product_cat-pyramex","7":"product_cat-seguridad-ocupacional","9":"first","10":"instock","11":"taxable","12":"shipping-taxable","13":"purchasable","14":"product-type-simple","15":"add-to-wishlist-after_add_to_cart"},"aioseo_notices":[],"_links":{"self":[{"href":"https:\/\/electrovalcorp.com\/ecommerce\/wp-json\/wp\/v2\/product\/20990","targetHints":{"allow":["GET"]}}],"collection":[{"href":"https:\/\/electrovalcorp.com\/ecommerce\/wp-json\/wp\/v2\/product"}],"about":[{"href":"https:\/\/electrovalcorp.com\/ecommerce\/wp-json\/wp\/v2\/types\/product"}],"replies":[{"embeddable":true,"href":"https:\/\/electrovalcorp.com\/ecommerce\/wp-json\/wp\/v2\/comments?post=20990"}],"wp:featuredmedia":[{"embeddable":true,"href":"https:\/\/electrovalcorp.com\/ecommerce\/wp-json\/wp\/v2\/media\/20988"}],"wp:attachment":[{"href":"https:\/\/electrovalcorp.com\/ecommerce\/wp-json\/wp\/v2\/media?parent=20990"}],"wp:term":[{"taxonomy":"product_brand","embeddable":true,"href":"https:\/\/electrovalcorp.com\/ecommerce\/wp-json\/wp\/v2\/product_brand?post=20990"},{"taxonomy":"product_cat","embeddable":true,"href":"https:\/\/electrovalcorp.com\/ecommerce\/wp-json\/wp\/v2\/product_cat?post=20990"},{"taxonomy":"product_tag","embeddable":true,"href":"https:\/\/electrovalcorp.com\/ecommerce\/wp-json\/wp\/v2\/product_tag?post=20990"}],"curies":[{"name":"wp","href":"https:\/\/api.w.org\/{rel}","templated":true}]}}