{"id":21000,"date":"2025-05-08T18:48:44","date_gmt":"2025-05-08T18:48:44","guid":{"rendered":"https:\/\/electrovalcorp.com\/ecommerce\/?post_type=product&#038;p=21000"},"modified":"2025-05-08T18:53:35","modified_gmt":"2025-05-08T18:53:35","slug":"guates-de-nitrilo-anticorte-ansi-isea-105-corte-a1-abrasion-6-perforacion-2-talla-m-gl601m","status":"publish","type":"product","link":"https:\/\/electrovalcorp.com\/ecommerce\/producto\/guates-de-nitrilo-anticorte-ansi-isea-105-corte-a1-abrasion-6-perforacion-2-talla-m-gl601m\/","title":{"rendered":"GUATES DE NITRILO ANTICORTE ANSI\/ISEA 105 \u2013 CORTE A1 | ABRASI\u00d3N 6 | PERFORACI\u00d3N 2 TALLA M GL601M"},"content":{"rendered":"<ul>\n<li><span>Tipo: Guante sumergido<\/span><\/li>\n<li><span>Material: Microespuma de nitrilo<\/span><\/li>\n<li><span>Forro: nailon calibre 15 + forro de spandex<\/span><\/li>\n<li><span>Pu\u00f1o: El\u00e1stico de nailon y l\u00e1tex<\/span><\/li>\n<li><span>El recubrimiento de microespuma de nitrilo en la palma y los dedos ofrece un excelente agarre en superficies secas o h\u00famedas al canalizar los l\u00edquidos.\u00a0<\/span><\/li>\n<li><span>El pu\u00f1o tejido crea un ajuste ce\u00f1ido para evitar la entrada de residuos.<\/span><\/li>\n<li><span>Ofrece una sensibilidad t\u00e1ctil distintiva.<\/span><\/li>\n<\/ul>\n","protected":false},"excerpt":{"rendered":"<p>Tipo: Guante sumergido Material: Microespuma de nitrilo Forro: nailon calibre 15 + forro de spandex Pu\u00f1o: El\u00e1stico de nailon y l\u00e1tex El recubrimiento de microespuma de nitrilo en la palma y los dedos ofrece un excelente agarre en superficies secas o h\u00famedas al canalizar los l\u00edquidos.\u00a0 El pu\u00f1o tejido crea un ajuste ce\u00f1ido para evitar [&hellip;]<\/p>\n","protected":false},"featured_media":21004,"comment_status":"open","ping_status":"closed","template":"","meta":[],"product_brand":[],"product_cat":[203,192],"product_tag":[],"class_list":{"0":"post-21000","1":"product","2":"type-product","3":"status-publish","4":"has-post-thumbnail","6":"product_cat-pyramex","7":"product_cat-seguridad-ocupacional","9":"first","10":"instock","11":"taxable","12":"shipping-taxable","13":"purchasable","14":"product-type-simple","15":"add-to-wishlist-after_add_to_cart"},"aioseo_notices":[],"_links":{"self":[{"href":"https:\/\/electrovalcorp.com\/ecommerce\/wp-json\/wp\/v2\/product\/21000","targetHints":{"allow":["GET"]}}],"collection":[{"href":"https:\/\/electrovalcorp.com\/ecommerce\/wp-json\/wp\/v2\/product"}],"about":[{"href":"https:\/\/electrovalcorp.com\/ecommerce\/wp-json\/wp\/v2\/types\/product"}],"replies":[{"embeddable":true,"href":"https:\/\/electrovalcorp.com\/ecommerce\/wp-json\/wp\/v2\/comments?post=21000"}],"wp:featuredmedia":[{"embeddable":true,"href":"https:\/\/electrovalcorp.com\/ecommerce\/wp-json\/wp\/v2\/media\/21004"}],"wp:attachment":[{"href":"https:\/\/electrovalcorp.com\/ecommerce\/wp-json\/wp\/v2\/media?parent=21000"}],"wp:term":[{"taxonomy":"product_brand","embeddable":true,"href":"https:\/\/electrovalcorp.com\/ecommerce\/wp-json\/wp\/v2\/product_brand?post=21000"},{"taxonomy":"product_cat","embeddable":true,"href":"https:\/\/electrovalcorp.com\/ecommerce\/wp-json\/wp\/v2\/product_cat?post=21000"},{"taxonomy":"product_tag","embeddable":true,"href":"https:\/\/electrovalcorp.com\/ecommerce\/wp-json\/wp\/v2\/product_tag?post=21000"}],"curies":[{"name":"wp","href":"https:\/\/api.w.org\/{rel}","templated":true}]}}