{"id":21165,"date":"2025-05-26T22:45:09","date_gmt":"2025-05-26T22:45:09","guid":{"rendered":"https:\/\/electrovalcorp.com\/ecommerce\/?post_type=product&#038;p=21165"},"modified":"2025-05-27T14:48:05","modified_gmt":"2025-05-27T14:48:05","slug":"alicate-de-corte-lateral-de-punta-puntiguada-marca-knipex-2526160","status":"publish","type":"product","link":"https:\/\/electrovalcorp.com\/ecommerce\/producto\/alicate-de-corte-lateral-de-punta-puntiguada-marca-knipex-2526160\/","title":{"rendered":"ALICATE DE CORTE LATERAL DE PUNTA PUNTIGUADA.  MARCA:  KNIPEX.  2526160"},"content":{"rendered":"<ul class=\"product--variation-field--variation_field_product_desc_highlighted__1613 field field--name-field-product-desc-highlighted field--type-text-long field--label-hidden field__items\">\n<li class=\"field__item\">\u00a0Mand\u00edbulas semicirculares, largas y c\u00f3nicas<\/li>\n<li class=\"field__item\">\u00a0Adecuado para trabajos de agarre y corte m\u00e1s finos, tambi\u00e9n en zonas de f\u00e1cil y semi-dif\u00edcil acceso.<\/li>\n<\/ul>\n<ul class=\"product--variation-field--variation_field_product_description__1613 field field--name-field-product-description field--type-text-long field--label-hidden field__items\">\n<li class=\"field__item\">\u00a0Superficies de agarre moleteadas<\/li>\n<li class=\"field__item\">\u00a0Con filos de corte para alambre blando, semiduro y duro.<\/li>\n<li class=\"field__item\">\u00a0Filos de corte templados adicionalmente por inducci\u00f3n, dureza del filo de corte aprox. 61 HRC<\/li>\n<\/ul>\n","protected":false},"excerpt":{"rendered":"<p>\u00a0Mand\u00edbulas semicirculares, largas y c\u00f3nicas \u00a0Adecuado para trabajos de agarre y corte m\u00e1s finos, tambi\u00e9n en zonas de f\u00e1cil y semi-dif\u00edcil acceso. \u00a0Superficies de agarre moleteadas \u00a0Con filos de corte para alambre blando, semiduro y duro. \u00a0Filos de corte templados adicionalmente por inducci\u00f3n, dureza del filo de corte aprox. 61 HRC<\/p>\n","protected":false},"featured_media":21169,"comment_status":"open","ping_status":"closed","template":"","meta":[],"product_brand":[],"product_cat":[193,198],"product_tag":[],"class_list":{"0":"post-21165","1":"product","2":"type-product","3":"status-publish","4":"has-post-thumbnail","6":"product_cat-herramienta-manual","7":"product_cat-knipex","9":"first","10":"instock","11":"taxable","12":"shipping-taxable","13":"purchasable","14":"product-type-simple","15":"add-to-wishlist-after_add_to_cart"},"aioseo_notices":[],"_links":{"self":[{"href":"https:\/\/electrovalcorp.com\/ecommerce\/wp-json\/wp\/v2\/product\/21165","targetHints":{"allow":["GET"]}}],"collection":[{"href":"https:\/\/electrovalcorp.com\/ecommerce\/wp-json\/wp\/v2\/product"}],"about":[{"href":"https:\/\/electrovalcorp.com\/ecommerce\/wp-json\/wp\/v2\/types\/product"}],"replies":[{"embeddable":true,"href":"https:\/\/electrovalcorp.com\/ecommerce\/wp-json\/wp\/v2\/comments?post=21165"}],"wp:featuredmedia":[{"embeddable":true,"href":"https:\/\/electrovalcorp.com\/ecommerce\/wp-json\/wp\/v2\/media\/21169"}],"wp:attachment":[{"href":"https:\/\/electrovalcorp.com\/ecommerce\/wp-json\/wp\/v2\/media?parent=21165"}],"wp:term":[{"taxonomy":"product_brand","embeddable":true,"href":"https:\/\/electrovalcorp.com\/ecommerce\/wp-json\/wp\/v2\/product_brand?post=21165"},{"taxonomy":"product_cat","embeddable":true,"href":"https:\/\/electrovalcorp.com\/ecommerce\/wp-json\/wp\/v2\/product_cat?post=21165"},{"taxonomy":"product_tag","embeddable":true,"href":"https:\/\/electrovalcorp.com\/ecommerce\/wp-json\/wp\/v2\/product_tag?post=21165"}],"curies":[{"name":"wp","href":"https:\/\/api.w.org\/{rel}","templated":true}]}}