{"id":21184,"date":"2025-05-27T15:47:49","date_gmt":"2025-05-27T15:47:49","guid":{"rendered":"https:\/\/electrovalcorp.com\/ecommerce\/?post_type=product&#038;p=21184"},"modified":"2025-05-27T15:47:51","modified_gmt":"2025-05-27T15:47:51","slug":"llave-ajustable-xs-8604100","status":"publish","type":"product","link":"https:\/\/electrovalcorp.com\/ecommerce\/producto\/llave-ajustable-xs-8604100\/","title":{"rendered":"LLAVE AJUSTABLE XS 8604100"},"content":{"rendered":"<ul class=\"product--variation-field--variation_field_product_desc_highlighted__24206 field field--name-field-product-desc-highlighted field--type-text-long field--label-hidden field__items\">\n<li class=\"field__item\"><span>Accesibilidad \u00f3ptima, incluso en espacios reducidos: dise\u00f1o especialmente compacto, cabezal muy delgado<\/span><\/li>\n<li class=\"field__item\"><span>\u00a0Ajuste fino con una sola mano presionando para el ajuste m\u00e1s simple a diferentes tama\u00f1os de piezas de trabajo<\/span><\/li>\n<\/ul>\n<ul class=\"product--variation-field--variation_field_product_description__24206 field field--name-field-product-description field--type-text-long field--label-hidden field__items\">\n<li class=\"field__item\"><span>\u00a0Enorme capacidad de agarre con una longitud de herramienta de solo 100 mm; la apertura de la mordaza paralela agarra de forma continua hasta 21 mm de ancho entre caras<\/span><\/li>\n<li class=\"field__item\"><span>\u00a0La junta deslizante robusta ofrece alta estabilidad y resiliencia.<\/span><\/li>\n<li class=\"field__item\"><span>\u00a0Mordazas lisas para el montaje cuidadoso de accesorios y piezas sensibles con acabados superficiales delicados: se pueden utilizar directamente sobre cromo gracias al contacto suave en toda la superficie.<\/span><\/li>\n<li class=\"field__item\"><span>\u00a0\u00c1reas de aplicaci\u00f3n vers\u00e1tiles: ingenier\u00eda de precisi\u00f3n, plomer\u00eda, una parte esencial de cualquier kit de herramientas de bicicleta o motocicleta, EDC (Every Day Carry), fabricaci\u00f3n de modelos<\/span><\/li>\n<li class=\"field__item\"><span>\u00a0La protecci\u00f3n contra pellizcos evita que los dedos de los operadores queden atrapados<\/span><\/li>\n<li class=\"field__item\"><span>\u00a0Ajuste fino con 10 posiciones de ajuste.<\/span><\/li>\n<\/ul>\n","protected":false},"excerpt":{"rendered":"<p>Accesibilidad \u00f3ptima, incluso en espacios reducidos: dise\u00f1o especialmente compacto, cabezal muy delgado \u00a0Ajuste fino con una sola mano presionando para el ajuste m\u00e1s simple a diferentes tama\u00f1os de piezas de trabajo \u00a0Enorme capacidad de agarre con una longitud de herramienta de solo 100 mm; la apertura de la mordaza paralela agarra de forma continua hasta [&hellip;]<\/p>\n","protected":false},"featured_media":21189,"comment_status":"open","ping_status":"closed","template":"","meta":[],"product_brand":[],"product_cat":[193,198],"product_tag":[],"class_list":{"0":"post-21184","1":"product","2":"type-product","3":"status-publish","4":"has-post-thumbnail","6":"product_cat-herramienta-manual","7":"product_cat-knipex","9":"first","10":"instock","11":"taxable","12":"shipping-taxable","13":"purchasable","14":"product-type-simple","15":"add-to-wishlist-after_add_to_cart"},"aioseo_notices":[],"_links":{"self":[{"href":"https:\/\/electrovalcorp.com\/ecommerce\/wp-json\/wp\/v2\/product\/21184","targetHints":{"allow":["GET"]}}],"collection":[{"href":"https:\/\/electrovalcorp.com\/ecommerce\/wp-json\/wp\/v2\/product"}],"about":[{"href":"https:\/\/electrovalcorp.com\/ecommerce\/wp-json\/wp\/v2\/types\/product"}],"replies":[{"embeddable":true,"href":"https:\/\/electrovalcorp.com\/ecommerce\/wp-json\/wp\/v2\/comments?post=21184"}],"wp:featuredmedia":[{"embeddable":true,"href":"https:\/\/electrovalcorp.com\/ecommerce\/wp-json\/wp\/v2\/media\/21189"}],"wp:attachment":[{"href":"https:\/\/electrovalcorp.com\/ecommerce\/wp-json\/wp\/v2\/media?parent=21184"}],"wp:term":[{"taxonomy":"product_brand","embeddable":true,"href":"https:\/\/electrovalcorp.com\/ecommerce\/wp-json\/wp\/v2\/product_brand?post=21184"},{"taxonomy":"product_cat","embeddable":true,"href":"https:\/\/electrovalcorp.com\/ecommerce\/wp-json\/wp\/v2\/product_cat?post=21184"},{"taxonomy":"product_tag","embeddable":true,"href":"https:\/\/electrovalcorp.com\/ecommerce\/wp-json\/wp\/v2\/product_tag?post=21184"}],"curies":[{"name":"wp","href":"https:\/\/api.w.org\/{rel}","templated":true}]}}