{"id":21201,"date":"2025-05-27T16:37:05","date_gmt":"2025-05-27T16:37:05","guid":{"rendered":"https:\/\/electrovalcorp.com\/ecommerce\/?post_type=product&#038;p=21201"},"modified":"2025-05-27T16:37:06","modified_gmt":"2025-05-27T16:37:06","slug":"tenasa-ajustable-tipo-cobra-marca-knipex-modelo-8701560","status":"publish","type":"product","link":"https:\/\/electrovalcorp.com\/ecommerce\/producto\/tenasa-ajustable-tipo-cobra-marca-knipex-modelo-8701560\/","title":{"rendered":"TENASA AJUSTABLE TIPO COBRA + MARCA KNIPEX + MODELO 8701560"},"content":{"rendered":"<ul class=\"product--variation-field--variation_field_product_description__17683 field field--name-field-product-description field--type-text-long field--label-hidden field__items\">\n<li class=\"field__item\"><span>Mayor capacidad de agarre pero mucho menor peso que otras llaves para tubos comparables<\/span><\/li>\n<li class=\"field__item\"><span>\u00a0Ajuste r\u00e1pido mediante pulsador directamente en la pieza de trabajo, sin deslizamiento involuntario de la junta<\/span><\/li>\n<li class=\"field__item\"><span>\u00a0Ajuste fino para una adaptaci\u00f3n \u00f3ptima a diferentes tama\u00f1os de piezas de trabajo y un ancho de mango c\u00f3modo.<\/span><\/li>\n<li class=\"field__item\"><span>\u00a0Autosujeci\u00f3n en tubos y tuercas: sin deslizamiento sobre la pieza de trabajo, trabajo sin esfuerzo<\/span><\/li>\n<li class=\"field__item\"><span>\u00a0Superficies de agarre con dientes endurecidos especiales, dureza de los dientes aprox. 61 HRC: alta resistencia al desgaste y agarre estable.<\/span><\/li>\n<li class=\"field__item\"><span>\u00a0Dise\u00f1o de junta de caja para una alta estabilidad gracias a la doble gu\u00eda<\/span><\/li>\n<li class=\"field__item\"><span>\u00a0La protecci\u00f3n contra pellizcos evita que los dedos de los operadores queden atrapados<\/span><\/li>\n<\/ul>\n","protected":false},"excerpt":{"rendered":"<p>Mayor capacidad de agarre pero mucho menor peso que otras llaves para tubos comparables \u00a0Ajuste r\u00e1pido mediante pulsador directamente en la pieza de trabajo, sin deslizamiento involuntario de la junta \u00a0Ajuste fino para una adaptaci\u00f3n \u00f3ptima a diferentes tama\u00f1os de piezas de trabajo y un ancho de mango c\u00f3modo. \u00a0Autosujeci\u00f3n en tubos y tuercas: sin [&hellip;]<\/p>\n","protected":false},"featured_media":21207,"comment_status":"open","ping_status":"closed","template":"","meta":[],"product_brand":[],"product_cat":[193,198],"product_tag":[],"class_list":{"0":"post-21201","1":"product","2":"type-product","3":"status-publish","4":"has-post-thumbnail","6":"product_cat-herramienta-manual","7":"product_cat-knipex","9":"first","10":"instock","11":"taxable","12":"shipping-taxable","13":"purchasable","14":"product-type-simple","15":"add-to-wishlist-after_add_to_cart"},"aioseo_notices":[],"_links":{"self":[{"href":"https:\/\/electrovalcorp.com\/ecommerce\/wp-json\/wp\/v2\/product\/21201","targetHints":{"allow":["GET"]}}],"collection":[{"href":"https:\/\/electrovalcorp.com\/ecommerce\/wp-json\/wp\/v2\/product"}],"about":[{"href":"https:\/\/electrovalcorp.com\/ecommerce\/wp-json\/wp\/v2\/types\/product"}],"replies":[{"embeddable":true,"href":"https:\/\/electrovalcorp.com\/ecommerce\/wp-json\/wp\/v2\/comments?post=21201"}],"wp:featuredmedia":[{"embeddable":true,"href":"https:\/\/electrovalcorp.com\/ecommerce\/wp-json\/wp\/v2\/media\/21207"}],"wp:attachment":[{"href":"https:\/\/electrovalcorp.com\/ecommerce\/wp-json\/wp\/v2\/media?parent=21201"}],"wp:term":[{"taxonomy":"product_brand","embeddable":true,"href":"https:\/\/electrovalcorp.com\/ecommerce\/wp-json\/wp\/v2\/product_brand?post=21201"},{"taxonomy":"product_cat","embeddable":true,"href":"https:\/\/electrovalcorp.com\/ecommerce\/wp-json\/wp\/v2\/product_cat?post=21201"},{"taxonomy":"product_tag","embeddable":true,"href":"https:\/\/electrovalcorp.com\/ecommerce\/wp-json\/wp\/v2\/product_tag?post=21201"}],"curies":[{"name":"wp","href":"https:\/\/api.w.org\/{rel}","templated":true}]}}