{"id":21208,"date":"2025-05-27T16:45:55","date_gmt":"2025-05-27T16:45:55","guid":{"rendered":"https:\/\/electrovalcorp.com\/ecommerce\/?post_type=product&#038;p=21208"},"modified":"2025-05-27T16:45:56","modified_gmt":"2025-05-27T16:45:56","slug":"tenaza-cobra-ajustable-180mm-knipex-8702180","status":"publish","type":"product","link":"https:\/\/electrovalcorp.com\/ecommerce\/producto\/tenaza-cobra-ajustable-180mm-knipex-8702180\/","title":{"rendered":"TENAZA COBRA AJUSTABLE 180MM KNIPEX 8702180"},"content":{"rendered":"<ul class=\"product--variation-field--variation_field_product_description__1683 field field--name-field-product-description field--type-text-long field--label-hidden field__items\">\n<li class=\"field__item\"><span>Presione el bot\u00f3n para realizar el ajuste en la pieza de trabajo.<\/span><\/li>\n<li class=\"field__item\"><span>\u00a0Ajuste fino para una adaptaci\u00f3n \u00f3ptima a diferentes tama\u00f1os de piezas de trabajo y un ancho de mango c\u00f3modo.<\/span><\/li>\n<li class=\"field__item\"><span>\u00a0Autosujeci\u00f3n en tubos y tuercas: sin deslizamiento sobre la pieza de trabajo, trabajo sin esfuerzo<\/span><\/li>\n<li class=\"field__item\"><span>\u00a0Superficies de agarre con dientes endurecidos especiales, dureza de los dientes aprox. 61 HRC: alta resistencia al desgaste y agarre estable.<\/span><\/li>\n<li class=\"field__item\"><span>\u00a0Dise\u00f1o de junta de caja para una alta estabilidad gracias a la doble gu\u00eda<\/span><\/li>\n<li class=\"field__item\"><span>\u00a0Enganche fiable del perno de la bisagra: sin desplazamientos involuntarios<\/span><\/li>\n<li class=\"field__item\"><span>\u00a0La protecci\u00f3n contra pellizcos evita que los dedos de los operadores queden atrapados<\/span><\/li>\n<\/ul>\n","protected":false},"excerpt":{"rendered":"<p>Presione el bot\u00f3n para realizar el ajuste en la pieza de trabajo. \u00a0Ajuste fino para una adaptaci\u00f3n \u00f3ptima a diferentes tama\u00f1os de piezas de trabajo y un ancho de mango c\u00f3modo. \u00a0Autosujeci\u00f3n en tubos y tuercas: sin deslizamiento sobre la pieza de trabajo, trabajo sin esfuerzo \u00a0Superficies de agarre con dientes endurecidos especiales, dureza de [&hellip;]<\/p>\n","protected":false},"featured_media":21212,"comment_status":"open","ping_status":"closed","template":"","meta":[],"product_brand":[],"product_cat":[193,198],"product_tag":[],"class_list":{"0":"post-21208","1":"product","2":"type-product","3":"status-publish","4":"has-post-thumbnail","6":"product_cat-herramienta-manual","7":"product_cat-knipex","9":"first","10":"instock","11":"taxable","12":"shipping-taxable","13":"purchasable","14":"product-type-simple","15":"add-to-wishlist-after_add_to_cart"},"aioseo_notices":[],"_links":{"self":[{"href":"https:\/\/electrovalcorp.com\/ecommerce\/wp-json\/wp\/v2\/product\/21208","targetHints":{"allow":["GET"]}}],"collection":[{"href":"https:\/\/electrovalcorp.com\/ecommerce\/wp-json\/wp\/v2\/product"}],"about":[{"href":"https:\/\/electrovalcorp.com\/ecommerce\/wp-json\/wp\/v2\/types\/product"}],"replies":[{"embeddable":true,"href":"https:\/\/electrovalcorp.com\/ecommerce\/wp-json\/wp\/v2\/comments?post=21208"}],"wp:featuredmedia":[{"embeddable":true,"href":"https:\/\/electrovalcorp.com\/ecommerce\/wp-json\/wp\/v2\/media\/21212"}],"wp:attachment":[{"href":"https:\/\/electrovalcorp.com\/ecommerce\/wp-json\/wp\/v2\/media?parent=21208"}],"wp:term":[{"taxonomy":"product_brand","embeddable":true,"href":"https:\/\/electrovalcorp.com\/ecommerce\/wp-json\/wp\/v2\/product_brand?post=21208"},{"taxonomy":"product_cat","embeddable":true,"href":"https:\/\/electrovalcorp.com\/ecommerce\/wp-json\/wp\/v2\/product_cat?post=21208"},{"taxonomy":"product_tag","embeddable":true,"href":"https:\/\/electrovalcorp.com\/ecommerce\/wp-json\/wp\/v2\/product_tag?post=21208"}],"curies":[{"name":"wp","href":"https:\/\/api.w.org\/{rel}","templated":true}]}}