{"id":21213,"date":"2025-05-27T16:54:51","date_gmt":"2025-05-27T16:54:51","guid":{"rendered":"https:\/\/electrovalcorp.com\/ecommerce\/?post_type=product&#038;p=21213"},"modified":"2025-05-27T16:54:51","modified_gmt":"2025-05-27T16:54:51","slug":"tenaza-para-bombas-de-agua-aislada-marca-knipex-modelo-8726250","status":"publish","type":"product","link":"https:\/\/electrovalcorp.com\/ecommerce\/producto\/tenaza-para-bombas-de-agua-aislada-marca-knipex-modelo-8726250\/","title":{"rendered":"Tenaza para bombas de agua, aislada MARCA: KNIPEX MODELO: 8726250"},"content":{"rendered":"<div class=\"bulletpoint-container\">\n<ul class=\"product--variation-field--variation_field_product_description__1685 field field--name-field-product-description field--type-text-long field--label-hidden field__items\">\n<li class=\"field__item\"><span>\u00a0Ajuste deslizando una mordaza directamente sobre la pieza de trabajo: manejo r\u00e1pido, fiable y c\u00f3modo<\/span><\/li>\n<li class=\"field__item\"><span>\u00a0Ajuste fino: permite un ajuste \u00f3ptimo a piezas de trabajo de diferentes tama\u00f1os y una posici\u00f3n c\u00f3moda del mango.<\/span><\/li>\n<li class=\"field__item\"><span>\u00a0Buen acceso a la pieza de trabajo gracias al tama\u00f1o reducido del cabezal y del \u00e1rea de la articulaci\u00f3n<\/span><\/li>\n<li class=\"field__item\"><span>\u00a0Autosujeci\u00f3n en tubos y tuercas: sin deslizamiento sobre la pieza de trabajo, trabajo sin esfuerzo<\/span><\/li>\n<li class=\"field__item\"><span>\u00a0Superficies de agarre con dientes endurecidos especiales, dureza de los dientes aprox. 61 HRC: alta resistencia al desgaste y agarre estable.<\/span><\/li>\n<li class=\"field__item\"><span>\u00a0Dise\u00f1o de junta de caja para una alta estabilidad gracias a la doble gu\u00eda<\/span><\/li>\n<li class=\"field__item\"><span>\u00a0La protecci\u00f3n contra pellizcos evita que los dedos de los operadores queden atrapados<\/span><\/li>\n<\/ul>\n<\/div>\n<div class=\"field field--name-variations field--type-entity-reference field--label-hidden field__items\">\n<div class=\"field__item\">\n<div id=\"commerce-product-add-to-cart-form\">\n<form id=\"commerce-order-item-add-to-cart-form-commerce-product-1685\" class=\"commerce-order-item-add-to-cart-form-commerce-product-1685 commerce-order-item-add-to-cart-form\" accept-charset=\"UTF-8\" action=\"https:\/\/www.knipex.com\/products\/pipe-wrenches-and-water-pump-pliers\/knipex-cobra-vde-high-tech-water-pump-pliers\/knipex-cobra-vde-high-tech-water-pump-pliers\/8726250\" method=\"post\" data-drupal-selector=\"commerce-order-item-add-to-cart-form-commerce-product-1685\">\n<div id=\"edit-purchased-entity-wrapper\" class=\"field--type-entity-reference field--name-purchased-entity field--widget-commerce-product-variation-attributes-redirect js-form-wrapper form-wrapper\" data-drupal-selector=\"edit-purchased-entity-wrapper\">\n<div id=\"edit-purchased-entity-0-attributes\" class=\"attribute-widgets js-form-wrapper form-wrapper\" data-drupal-selector=\"edit-purchased-entity-0-attributes\"><\/div>\n<\/div>\n<\/form>\n<\/div>\n<\/div>\n<\/div>\n","protected":false},"excerpt":{"rendered":"<p>\u00a0Ajuste deslizando una mordaza directamente sobre la pieza de trabajo: manejo r\u00e1pido, fiable y c\u00f3modo \u00a0Ajuste fino: permite un ajuste \u00f3ptimo a piezas de trabajo de diferentes tama\u00f1os y una posici\u00f3n c\u00f3moda del mango. \u00a0Buen acceso a la pieza de trabajo gracias al tama\u00f1o reducido del cabezal y del \u00e1rea de la articulaci\u00f3n \u00a0Autosujeci\u00f3n en [&hellip;]<\/p>\n","protected":false},"featured_media":21217,"comment_status":"open","ping_status":"closed","template":"","meta":[],"product_brand":[],"product_cat":[193,198],"product_tag":[],"class_list":{"0":"post-21213","1":"product","2":"type-product","3":"status-publish","4":"has-post-thumbnail","6":"product_cat-herramienta-manual","7":"product_cat-knipex","9":"first","10":"instock","11":"taxable","12":"shipping-taxable","13":"purchasable","14":"product-type-simple","15":"add-to-wishlist-after_add_to_cart"},"aioseo_notices":[],"_links":{"self":[{"href":"https:\/\/electrovalcorp.com\/ecommerce\/wp-json\/wp\/v2\/product\/21213","targetHints":{"allow":["GET"]}}],"collection":[{"href":"https:\/\/electrovalcorp.com\/ecommerce\/wp-json\/wp\/v2\/product"}],"about":[{"href":"https:\/\/electrovalcorp.com\/ecommerce\/wp-json\/wp\/v2\/types\/product"}],"replies":[{"embeddable":true,"href":"https:\/\/electrovalcorp.com\/ecommerce\/wp-json\/wp\/v2\/comments?post=21213"}],"wp:featuredmedia":[{"embeddable":true,"href":"https:\/\/electrovalcorp.com\/ecommerce\/wp-json\/wp\/v2\/media\/21217"}],"wp:attachment":[{"href":"https:\/\/electrovalcorp.com\/ecommerce\/wp-json\/wp\/v2\/media?parent=21213"}],"wp:term":[{"taxonomy":"product_brand","embeddable":true,"href":"https:\/\/electrovalcorp.com\/ecommerce\/wp-json\/wp\/v2\/product_brand?post=21213"},{"taxonomy":"product_cat","embeddable":true,"href":"https:\/\/electrovalcorp.com\/ecommerce\/wp-json\/wp\/v2\/product_cat?post=21213"},{"taxonomy":"product_tag","embeddable":true,"href":"https:\/\/electrovalcorp.com\/ecommerce\/wp-json\/wp\/v2\/product_tag?post=21213"}],"curies":[{"name":"wp","href":"https:\/\/api.w.org\/{rel}","templated":true}]}}