{"id":21234,"date":"2025-05-27T17:18:43","date_gmt":"2025-05-27T17:18:43","guid":{"rendered":"https:\/\/electrovalcorp.com\/ecommerce\/?post_type=product&#038;p=21234"},"modified":"2025-05-27T17:18:43","modified_gmt":"2025-05-27T17:18:43","slug":"cortatubos-para-conductos-de-plastico-marca-knipex-modelo-9410185","status":"publish","type":"product","link":"https:\/\/electrovalcorp.com\/ecommerce\/producto\/cortatubos-para-conductos-de-plastico-marca-knipex-modelo-9410185\/","title":{"rendered":"CORTATUBOS PARA CONDUCTOS DE PLASTICO.  MARCA:  KNIPEX.  MODELO:  9410185"},"content":{"rendered":"<ul class=\"product--variation-field--variation_field_product_desc_highlighted__29591 field field--name-field-product-desc-highlighted field--type-text-long field--label-hidden field__items\">\n<li class=\"field__item\"><span>\u00a0Para un corte limpio de tubos de pl\u00e1stico de paredes delgadas (por ejemplo, tubos de pl\u00e1stico para conductos) con \u00d8 6,0 &#8211; 35,0 mm<\/span><\/li>\n<li class=\"field__item\"><span>\u00a0Requerimiento de fuerza reducido gracias a la geometr\u00eda especial de la cuchilla y a la transmisi\u00f3n \u00f3ptima<\/span><\/li>\n<\/ul>\n<ul class=\"product--variation-field--variation_field_product_description__29591 field field--name-field-product-description field--type-text-long field--label-hidden field__items\">\n<li class=\"field__item\"><span>\u00a0La hoja es reemplazable y se puede retraer desde cualquier posici\u00f3n.<\/span><\/li>\n<li class=\"field__item\"><span>\u00a0M\u00ednima fatiga del operador gracias al dise\u00f1o ergon\u00f3mico del mango y al avance incremental de la hoja con trinquete<\/span><\/li>\n<li class=\"field__item\"><span>\u00a0No apto para cortar cables<\/span><\/li>\n<\/ul>\n","protected":false},"excerpt":{"rendered":"<p>\u00a0Para un corte limpio de tubos de pl\u00e1stico de paredes delgadas (por ejemplo, tubos de pl\u00e1stico para conductos) con \u00d8 6,0 &#8211; 35,0 mm \u00a0Requerimiento de fuerza reducido gracias a la geometr\u00eda especial de la cuchilla y a la transmisi\u00f3n \u00f3ptima \u00a0La hoja es reemplazable y se puede retraer desde cualquier posici\u00f3n. \u00a0M\u00ednima fatiga del [&hellip;]<\/p>\n","protected":false},"featured_media":21237,"comment_status":"open","ping_status":"closed","template":"","meta":[],"product_brand":[],"product_cat":[193,198],"product_tag":[],"class_list":{"0":"post-21234","1":"product","2":"type-product","3":"status-publish","4":"has-post-thumbnail","6":"product_cat-herramienta-manual","7":"product_cat-knipex","9":"first","10":"instock","11":"taxable","12":"shipping-taxable","13":"purchasable","14":"product-type-simple","15":"add-to-wishlist-after_add_to_cart"},"aioseo_notices":[],"_links":{"self":[{"href":"https:\/\/electrovalcorp.com\/ecommerce\/wp-json\/wp\/v2\/product\/21234","targetHints":{"allow":["GET"]}}],"collection":[{"href":"https:\/\/electrovalcorp.com\/ecommerce\/wp-json\/wp\/v2\/product"}],"about":[{"href":"https:\/\/electrovalcorp.com\/ecommerce\/wp-json\/wp\/v2\/types\/product"}],"replies":[{"embeddable":true,"href":"https:\/\/electrovalcorp.com\/ecommerce\/wp-json\/wp\/v2\/comments?post=21234"}],"wp:featuredmedia":[{"embeddable":true,"href":"https:\/\/electrovalcorp.com\/ecommerce\/wp-json\/wp\/v2\/media\/21237"}],"wp:attachment":[{"href":"https:\/\/electrovalcorp.com\/ecommerce\/wp-json\/wp\/v2\/media?parent=21234"}],"wp:term":[{"taxonomy":"product_brand","embeddable":true,"href":"https:\/\/electrovalcorp.com\/ecommerce\/wp-json\/wp\/v2\/product_brand?post=21234"},{"taxonomy":"product_cat","embeddable":true,"href":"https:\/\/electrovalcorp.com\/ecommerce\/wp-json\/wp\/v2\/product_cat?post=21234"},{"taxonomy":"product_tag","embeddable":true,"href":"https:\/\/electrovalcorp.com\/ecommerce\/wp-json\/wp\/v2\/product_tag?post=21234"}],"curies":[{"name":"wp","href":"https:\/\/api.w.org\/{rel}","templated":true}]}}