{"id":21256,"date":"2025-05-27T18:13:17","date_gmt":"2025-05-27T18:13:17","guid":{"rendered":"https:\/\/electrovalcorp.com\/ecommerce\/?post_type=product&#038;p=21256"},"modified":"2025-05-27T18:13:17","modified_gmt":"2025-05-27T18:13:17","slug":"desatornillador-plano-4mm-aislado-marca-knipex-982040","status":"publish","type":"product","link":"https:\/\/electrovalcorp.com\/ecommerce\/producto\/desatornillador-plano-4mm-aislado-marca-knipex-982040\/","title":{"rendered":"DESATORNILLADOR PLANO 4MM AISLADO. MARCA: KNIPEX 982040"},"content":{"rendered":"<ul class=\"product--variation-field--variation_field_product_description__1907 field field--name-field-product-description field--type-text-long field--label-hidden field__items\">\n<li class=\"field__item\"><span>\u00a0Mango de dos componentes ergon\u00f3micamente optimizado para reducir la fatiga en el trabajo y una transmisi\u00f3n \u00f3ptima de la fuerza.<\/span><\/li>\n<li class=\"field__item\"><span>\u00a0El dise\u00f1o del mango evita que ruede<\/span><\/li>\n<\/ul>\n","protected":false},"excerpt":{"rendered":"<p>\u00a0Mango de dos componentes ergon\u00f3micamente optimizado para reducir la fatiga en el trabajo y una transmisi\u00f3n \u00f3ptima de la fuerza. \u00a0El dise\u00f1o del mango evita que ruede<\/p>\n","protected":false},"featured_media":21257,"comment_status":"open","ping_status":"closed","template":"","meta":[],"product_brand":[],"product_cat":[193,198],"product_tag":[],"class_list":{"0":"post-21256","1":"product","2":"type-product","3":"status-publish","4":"has-post-thumbnail","6":"product_cat-herramienta-manual","7":"product_cat-knipex","9":"first","10":"instock","11":"taxable","12":"shipping-taxable","13":"purchasable","14":"product-type-simple","15":"add-to-wishlist-after_add_to_cart"},"aioseo_notices":[],"_links":{"self":[{"href":"https:\/\/electrovalcorp.com\/ecommerce\/wp-json\/wp\/v2\/product\/21256","targetHints":{"allow":["GET"]}}],"collection":[{"href":"https:\/\/electrovalcorp.com\/ecommerce\/wp-json\/wp\/v2\/product"}],"about":[{"href":"https:\/\/electrovalcorp.com\/ecommerce\/wp-json\/wp\/v2\/types\/product"}],"replies":[{"embeddable":true,"href":"https:\/\/electrovalcorp.com\/ecommerce\/wp-json\/wp\/v2\/comments?post=21256"}],"wp:featuredmedia":[{"embeddable":true,"href":"https:\/\/electrovalcorp.com\/ecommerce\/wp-json\/wp\/v2\/media\/21257"}],"wp:attachment":[{"href":"https:\/\/electrovalcorp.com\/ecommerce\/wp-json\/wp\/v2\/media?parent=21256"}],"wp:term":[{"taxonomy":"product_brand","embeddable":true,"href":"https:\/\/electrovalcorp.com\/ecommerce\/wp-json\/wp\/v2\/product_brand?post=21256"},{"taxonomy":"product_cat","embeddable":true,"href":"https:\/\/electrovalcorp.com\/ecommerce\/wp-json\/wp\/v2\/product_cat?post=21256"},{"taxonomy":"product_tag","embeddable":true,"href":"https:\/\/electrovalcorp.com\/ecommerce\/wp-json\/wp\/v2\/product_tag?post=21256"}],"curies":[{"name":"wp","href":"https:\/\/api.w.org\/{rel}","templated":true}]}}