{"id":21260,"date":"2025-05-27T18:17:08","date_gmt":"2025-05-27T18:17:08","guid":{"rendered":"https:\/\/electrovalcorp.com\/ecommerce\/?post_type=product&#038;p=21260"},"modified":"2025-05-27T18:17:08","modified_gmt":"2025-05-27T18:17:08","slug":"destornillador-aislado-1000v-plano-6-5mm-x-262mm-marca-knipex-982065","status":"publish","type":"product","link":"https:\/\/electrovalcorp.com\/ecommerce\/producto\/destornillador-aislado-1000v-plano-6-5mm-x-262mm-marca-knipex-982065\/","title":{"rendered":"DESTORNILLADOR AISLADO 1000V PLANO 6.5MM X 262MM  + MARCA KNIPEX + 982065"},"content":{"rendered":"<ul class=\"product--variation-field--variation_field_product_description__1907 field field--name-field-product-description field--type-text-long field--label-hidden field__items\">\n<li class=\"field__item\"><span>\u00a0Mango de dos componentes ergon\u00f3micamente optimizado para reducir la fatiga en el trabajo y una transmisi\u00f3n \u00f3ptima de la fuerza.<\/span><\/li>\n<li class=\"field__item\"><span>\u00a0El dise\u00f1o del mango evita que ruede.<\/span><\/li>\n<\/ul>\n","protected":false},"excerpt":{"rendered":"<p>\u00a0Mango de dos componentes ergon\u00f3micamente optimizado para reducir la fatiga en el trabajo y una transmisi\u00f3n \u00f3ptima de la fuerza. \u00a0El dise\u00f1o del mango evita que ruede.<\/p>\n","protected":false},"featured_media":21261,"comment_status":"open","ping_status":"closed","template":"","meta":[],"product_brand":[],"product_cat":[193,198],"product_tag":[],"class_list":{"0":"post-21260","1":"product","2":"type-product","3":"status-publish","4":"has-post-thumbnail","6":"product_cat-herramienta-manual","7":"product_cat-knipex","9":"first","10":"instock","11":"taxable","12":"shipping-taxable","13":"purchasable","14":"product-type-simple","15":"add-to-wishlist-after_add_to_cart"},"aioseo_notices":[],"_links":{"self":[{"href":"https:\/\/electrovalcorp.com\/ecommerce\/wp-json\/wp\/v2\/product\/21260","targetHints":{"allow":["GET"]}}],"collection":[{"href":"https:\/\/electrovalcorp.com\/ecommerce\/wp-json\/wp\/v2\/product"}],"about":[{"href":"https:\/\/electrovalcorp.com\/ecommerce\/wp-json\/wp\/v2\/types\/product"}],"replies":[{"embeddable":true,"href":"https:\/\/electrovalcorp.com\/ecommerce\/wp-json\/wp\/v2\/comments?post=21260"}],"wp:featuredmedia":[{"embeddable":true,"href":"https:\/\/electrovalcorp.com\/ecommerce\/wp-json\/wp\/v2\/media\/21261"}],"wp:attachment":[{"href":"https:\/\/electrovalcorp.com\/ecommerce\/wp-json\/wp\/v2\/media?parent=21260"}],"wp:term":[{"taxonomy":"product_brand","embeddable":true,"href":"https:\/\/electrovalcorp.com\/ecommerce\/wp-json\/wp\/v2\/product_brand?post=21260"},{"taxonomy":"product_cat","embeddable":true,"href":"https:\/\/electrovalcorp.com\/ecommerce\/wp-json\/wp\/v2\/product_cat?post=21260"},{"taxonomy":"product_tag","embeddable":true,"href":"https:\/\/electrovalcorp.com\/ecommerce\/wp-json\/wp\/v2\/product_tag?post=21260"}],"curies":[{"name":"wp","href":"https:\/\/api.w.org\/{rel}","templated":true}]}}