{"id":21426,"date":"2025-08-01T17:40:23","date_gmt":"2025-08-01T17:40:23","guid":{"rendered":"https:\/\/electrovalcorp.com\/ecommerce\/?post_type=product&#038;p=21426"},"modified":"2025-09-04T21:00:29","modified_gmt":"2025-09-04T21:00:29","slug":"lampara-truble-m18-con-cargador-usb-de-700-lumenes-marca-milwaukee-modelo-2363-20","status":"publish","type":"product","link":"https:\/\/electrovalcorp.com\/ecommerce\/producto\/lampara-truble-m18-con-cargador-usb-de-700-lumenes-marca-milwaukee-modelo-2363-20\/","title":{"rendered":"LAMPARA TRUBLE M18 CON CARGADOR USB DE 700 LUMENES MARCA: MILWAUKEE MODELO: 2363-20"},"content":{"rendered":"<p>Nuestra luz de emergencia M18\u2122 con carga USB le ofrece m\u00e1s de 4 d\u00edas completos de luz y cuenta con un puerto USB de 2.1 A para cargarla en cualquier lugar. Esta luz LED de emergencia proporciona hasta 100 horas de funcionamiento en baja potencia o una jornada laboral completa (10 horas) en alta potencia al combinarse con nuestra bater\u00eda M18\u2122 REDLITHIUM\u2122 XC5.0. Cuenta con un collar giratorio que ajusta el \u00e1ngulo de la luz seg\u00fan la tarea a la iluminaci\u00f3n del \u00e1rea y un gancho de acero inoxidable para m\u00e1xima versatilidad. Con 700 l\u00famenes de salida de alta definici\u00f3n TRUEVIEW\u2122, ofrece una salida de luz inigualable para iluminar \u00e1reas de trabajo. Un puerto USB de alta potencia de 2.1 A le permite cargar r\u00e1pidamente tabletas, tel\u00e9fonos inteligentes y otros dispositivos electr\u00f3nicos en el lugar de trabajo. Nuestra luz LED de emergencia recargable cuenta con una lente resistente a impactos para soportar las duras condiciones del lugar de trabajo. La luz de emergencia MILWAUKEE\u00ae M18\u2122 con carga USB es compatible con todas nuestras bater\u00edas M18\u2122 REDLITHIUM\u2122 (se venden por separado) y tiene una garant\u00eda LED limitada de por vida; los LED nunca necesitan reemplazarse.<\/p>\n<div class=\"basis-full md:basis-[45.5%] mb-3 sm:mb-9 text-gray-900 relative font-helvetica55 last:mb-0 text-14 sm:text-16 md:text-18 md:[&amp;:nth-child(2n)]:ml-[8%] flex\">-Clasificaci\u00f3n IP54: resistente al agua y al polvo<\/div>\n<div class=\"basis-full md:basis-[45.5%] mb-3 sm:mb-9 text-gray-900 relative font-helvetica55 last:mb-0 text-14 sm:text-16 md:text-18 md:[&amp;:nth-child(2n)]:ml-[8%] flex\">\n<div class=\"mr-4\"><\/div>\n<p>-Cuatro modos: alto, medio, bajo y estrobosc\u00f3pico<\/p>\n<\/div>\n<div class=\"basis-full md:basis-[45.5%] mb-3 sm:mb-9 text-gray-900 relative font-helvetica55 last:mb-0 text-14 sm:text-16 md:text-18 md:[&amp;:nth-child(2n)]:ml-[8%] flex\">\n<div class=\"mr-4\"><\/div>\n<p>-Dos ganchos de acero inoxidable para colgarlo f\u00e1cilmente en el techo<\/p>\n<\/div>\n<div class=\"basis-full md:basis-[45.5%] mb-3 sm:mb-9 text-gray-900 relative font-helvetica55 last:mb-0 text-14 sm:text-16 md:text-18 md:[&amp;:nth-child(2n)]:ml-[8%] flex\">\n<div class=\"mr-4\"><\/div>\n<p>-Cargador USB 2.1A: para tabletas, tel\u00e9fonos inteligentes y otros dispositivos electr\u00f3nicos<\/p>\n<\/div>\n<div class=\"basis-full md:basis-[45.5%] mb-3 sm:mb-9 text-gray-900 relative font-helvetica55 last:mb-0 text-14 sm:text-16 md:text-18 md:[&amp;:nth-child(2n)]:ml-[8%] flex\">\n<div class=\"mr-4\"><\/div>\n<p>-Hasta 100 horas de autonom\u00eda con la bater\u00eda XC5.0 M18\u2122<\/p>\n<\/div>\n<div class=\"basis-full md:basis-[45.5%] mb-3 sm:mb-9 text-gray-900 relative font-helvetica55 last:mb-0 text-14 sm:text-16 md:text-18 md:[&amp;:nth-child(2n)]:ml-[8%] flex\">\n<div class=\"mr-4\"><\/div>\n<p>-La salida de alta definici\u00f3n TRUEVIEW\u2122 proporciona un color blanco neutro y produce un patr\u00f3n de haz uniforme para una visibilidad m\u00e1s clara<\/p>\n<\/div>\n<div class=\"basis-full md:basis-[45.5%] mb-3 sm:mb-9 text-gray-900 relative font-helvetica55 last:mb-0 text-14 sm:text-16 md:text-18 md:[&amp;:nth-child(2n)]:ml-[8%] flex\">\n<div class=\"mr-4\"><\/div>\n<p>-Un gancho de acero inoxidable para un f\u00e1cil montaje en altura<\/p>\n<\/div>\n<div class=\"basis-full md:basis-[45.5%] mb-3 sm:mb-9 text-gray-900 relative font-helvetica55 last:mb-0 text-14 sm:text-16 md:text-18 md:[&amp;:nth-child(2n)]:ml-[8%] flex\">\n<div class=\"mr-4\"><\/div>\n<p>-Garant\u00eda limitada de por vida de los LED: los LED nunca necesitan reemplazarse<\/p>\n<\/div>\n","protected":false},"excerpt":{"rendered":"<p>Nuestra luz de emergencia M18\u2122 con carga USB le ofrece m\u00e1s de 4 d\u00edas completos de luz y cuenta con un puerto USB de 2.1 A para cargarla en cualquier lugar. Esta luz LED de emergencia proporciona hasta 100 horas de funcionamiento en baja potencia o una jornada laboral completa (10 horas) en alta potencia [&hellip;]<\/p>\n","protected":false},"featured_media":21723,"comment_status":"open","ping_status":"closed","template":"","meta":[],"product_brand":[],"product_cat":[195,189,190],"product_tag":[],"class_list":{"0":"post-21426","1":"product","2":"type-product","3":"status-publish","4":"has-post-thumbnail","6":"product_cat-iluminacion","7":"product_cat-m18","8":"product_cat-milwaukee","10":"first","11":"instock","12":"taxable","13":"shipping-taxable","14":"purchasable","15":"product-type-simple","16":"add-to-wishlist-after_add_to_cart"},"aioseo_notices":[],"_links":{"self":[{"href":"https:\/\/electrovalcorp.com\/ecommerce\/wp-json\/wp\/v2\/product\/21426","targetHints":{"allow":["GET"]}}],"collection":[{"href":"https:\/\/electrovalcorp.com\/ecommerce\/wp-json\/wp\/v2\/product"}],"about":[{"href":"https:\/\/electrovalcorp.com\/ecommerce\/wp-json\/wp\/v2\/types\/product"}],"replies":[{"embeddable":true,"href":"https:\/\/electrovalcorp.com\/ecommerce\/wp-json\/wp\/v2\/comments?post=21426"}],"wp:featuredmedia":[{"embeddable":true,"href":"https:\/\/electrovalcorp.com\/ecommerce\/wp-json\/wp\/v2\/media\/21723"}],"wp:attachment":[{"href":"https:\/\/electrovalcorp.com\/ecommerce\/wp-json\/wp\/v2\/media?parent=21426"}],"wp:term":[{"taxonomy":"product_brand","embeddable":true,"href":"https:\/\/electrovalcorp.com\/ecommerce\/wp-json\/wp\/v2\/product_brand?post=21426"},{"taxonomy":"product_cat","embeddable":true,"href":"https:\/\/electrovalcorp.com\/ecommerce\/wp-json\/wp\/v2\/product_cat?post=21426"},{"taxonomy":"product_tag","embeddable":true,"href":"https:\/\/electrovalcorp.com\/ecommerce\/wp-json\/wp\/v2\/product_tag?post=21426"}],"curies":[{"name":"wp","href":"https:\/\/api.w.org\/{rel}","templated":true}]}}