{"id":21769,"date":"2025-09-24T17:11:39","date_gmt":"2025-09-24T17:11:39","guid":{"rendered":"https:\/\/electrovalcorp.com\/ecommerce\/?post_type=product&#038;p=21769"},"modified":"2026-03-18T20:35:04","modified_gmt":"2026-03-18T20:35:04","slug":"crimpadora-hexagonal-con-casquillo-de-trinquete-para-cables-de-10-a-22-awg-klein-tools-34056","status":"publish","type":"product","link":"https:\/\/electrovalcorp.com\/ecommerce\/producto\/crimpadora-hexagonal-con-casquillo-de-trinquete-para-cables-de-10-a-22-awg-klein-tools-34056\/","title":{"rendered":"Crimpadora hexagonal con casquillo de trinquete para cables de 10 a 22 AWG- KLEIN TOOLS- 34056"},"content":{"rendered":"<ul class=\"features-list no-indent\">\n<li><span dir=\"auto\">Dise\u00f1ado para terminales de cable trenzado de 10 a 22 AWG, el engarzador de trinquete ofrece resultados precisos en una variedad de aplicaciones, lo que garantiza versatilidad y confiabilidad.<\/span><\/li>\n<li><span dir=\"auto\">Seis matrices de precisi\u00f3n crean engarces hexagonales seguros de 360 \u200b\u200bgrados para conexiones duraderas y confiables.<\/span><\/li>\n<li><span dir=\"auto\">Un trinquete incorporado se ajusta autom\u00e1ticamente al tama\u00f1o de la f\u00e9rula, lo que proporciona engarces consistentes y completos.<\/span><\/li>\n<li><span dir=\"auto\">El dial de ajuste permite un ajuste fino, proporcionando resultados precisos y personalizados.<\/span><\/li>\n<\/ul>\n","protected":false},"excerpt":{"rendered":"<p>Dise\u00f1ado para terminales de cable trenzado de 10 a 22 AWG, el engarzador de trinquete ofrece resultados precisos en una variedad de aplicaciones, lo que garantiza versatilidad y confiabilidad. Seis matrices de precisi\u00f3n crean engarces hexagonales seguros de 360 \u200b\u200bgrados para conexiones duraderas y confiables. Un trinquete incorporado se ajusta autom\u00e1ticamente al tama\u00f1o de la [&hellip;]<\/p>\n","protected":false},"featured_media":21771,"comment_status":"open","ping_status":"closed","template":"","meta":[],"product_brand":[],"product_cat":[193,201],"product_tag":[],"class_list":{"0":"post-21769","1":"product","2":"type-product","3":"status-publish","4":"has-post-thumbnail","6":"product_cat-herramienta-manual","7":"product_cat-klein-tools","9":"first","10":"outofstock","11":"taxable","12":"shipping-taxable","13":"purchasable","14":"product-type-simple","15":"add-to-wishlist-after_add_to_cart"},"aioseo_notices":[],"_links":{"self":[{"href":"https:\/\/electrovalcorp.com\/ecommerce\/wp-json\/wp\/v2\/product\/21769","targetHints":{"allow":["GET"]}}],"collection":[{"href":"https:\/\/electrovalcorp.com\/ecommerce\/wp-json\/wp\/v2\/product"}],"about":[{"href":"https:\/\/electrovalcorp.com\/ecommerce\/wp-json\/wp\/v2\/types\/product"}],"replies":[{"embeddable":true,"href":"https:\/\/electrovalcorp.com\/ecommerce\/wp-json\/wp\/v2\/comments?post=21769"}],"wp:featuredmedia":[{"embeddable":true,"href":"https:\/\/electrovalcorp.com\/ecommerce\/wp-json\/wp\/v2\/media\/21771"}],"wp:attachment":[{"href":"https:\/\/electrovalcorp.com\/ecommerce\/wp-json\/wp\/v2\/media?parent=21769"}],"wp:term":[{"taxonomy":"product_brand","embeddable":true,"href":"https:\/\/electrovalcorp.com\/ecommerce\/wp-json\/wp\/v2\/product_brand?post=21769"},{"taxonomy":"product_cat","embeddable":true,"href":"https:\/\/electrovalcorp.com\/ecommerce\/wp-json\/wp\/v2\/product_cat?post=21769"},{"taxonomy":"product_tag","embeddable":true,"href":"https:\/\/electrovalcorp.com\/ecommerce\/wp-json\/wp\/v2\/product_tag?post=21769"}],"curies":[{"name":"wp","href":"https:\/\/api.w.org\/{rel}","templated":true}]}}