{"id":21773,"date":"2025-09-24T17:36:52","date_gmt":"2025-09-24T17:36:52","guid":{"rendered":"https:\/\/electrovalcorp.com\/ecommerce\/?post_type=product&#038;p=21773"},"modified":"2025-10-02T19:39:46","modified_gmt":"2025-10-02T19:39:46","slug":"casco-de-seguridad-ventilado-de-ala-completa-color-blanco-klein-tools-60401","status":"publish","type":"product","link":"https:\/\/electrovalcorp.com\/ecommerce\/producto\/casco-de-seguridad-ventilado-de-ala-completa-color-blanco-klein-tools-60401\/","title":{"rendered":"Casco de seguridad ventilado de ala completa, color blanco- KLEIN TOOLS- 60401"},"content":{"rendered":"<ul class=\"features-list no-indent\">\n<li><span dir=\"auto\">El casco de seguridad tiene soportes para accesorios patentados en la parte delantera y trasera que garantizan que los faros Klein se fijen de forma segura y precisa en todo momento; no se necesitan correas ni bridas.<\/span><\/li>\n<li><span dir=\"auto\">La banda transpirable y acolchada que absorbe el sudor y la almohadilla superior mejoran la comodidad y son lavables a m\u00e1quina.<\/span><\/li>\n<li><span dir=\"auto\">Las rejillas de ventilaci\u00f3n ajustables se pueden abrir o cerrar para lograr la m\u00e1xima circulaci\u00f3n de aire y al mismo tiempo cumplir con estrictos est\u00e1ndares de seguridad.<\/span><\/li>\n<li><span dir=\"auto\">El exclusivo sistema de suspensi\u00f3n presenta un dise\u00f1o de marco abierto flexible para proporcionar un ajuste \u00f3ptimo y una mejor circulaci\u00f3n del aire.<\/span><\/li>\n<li><span dir=\"auto\">Casco de seguridad Clase C, Tipo 1 con ventilaciones ajustables que cumple con las normas ANSI Z89.1-2014 (HT y LT), CSA Z94.1-15; EN397:2012+A1:2012-5.2.4 (Deformaci\u00f3n lateral-LD).<\/span><\/li>\n<li><span dir=\"auto\">EN12492:2012-4.2.1.2, 4.2.1.3, 4.2.1.4 (Impacto frontal\/trasero\/lateral)<\/span><\/li>\n<li><span dir=\"auto\">Ajuste f\u00e1cil con una sola mano con mecanismo de trinquete de perilla grande incluso con guantes puestos, y almohadilla suave para el cuello que gira para despejar nudos de pa\u00f1uelo y colas de caballo.<\/span><\/li>\n<li><span dir=\"auto\">Ranuras para accesorios universales en ambos lados para colocar protecci\u00f3n auditiva, protector facial y m\u00e1s.<\/span><\/li>\n<li><span dir=\"auto\">Accesorios\/piezas de repuesto (se venden por separado): Faros delanteros recargables (#56062, KHH56308), banda para el sudor, almohadilla superior, correa para la barbilla, suspensi\u00f3n (#KHHSWTBND, KHHTOPPAD, KHHSTRP, KHHSPN); Ventilador turbo n.\u00b0 60821<\/span><\/li>\n<\/ul>\n","protected":false},"excerpt":{"rendered":"<p>El casco de seguridad tiene soportes para accesorios patentados en la parte delantera y trasera que garantizan que los faros Klein se fijen de forma segura y precisa en todo momento; no se necesitan correas ni bridas. La banda transpirable y acolchada que absorbe el sudor y la almohadilla superior mejoran la comodidad y son [&hellip;]<\/p>\n","protected":false},"featured_media":21775,"comment_status":"open","ping_status":"closed","template":"","meta":[],"product_brand":[],"product_cat":[201,192],"product_tag":[],"class_list":{"0":"post-21773","1":"product","2":"type-product","3":"status-publish","4":"has-post-thumbnail","6":"product_cat-klein-tools","7":"product_cat-seguridad-ocupacional","9":"first","10":"instock","11":"taxable","12":"shipping-taxable","13":"purchasable","14":"product-type-simple","15":"add-to-wishlist-after_add_to_cart"},"aioseo_notices":[],"_links":{"self":[{"href":"https:\/\/electrovalcorp.com\/ecommerce\/wp-json\/wp\/v2\/product\/21773","targetHints":{"allow":["GET"]}}],"collection":[{"href":"https:\/\/electrovalcorp.com\/ecommerce\/wp-json\/wp\/v2\/product"}],"about":[{"href":"https:\/\/electrovalcorp.com\/ecommerce\/wp-json\/wp\/v2\/types\/product"}],"replies":[{"embeddable":true,"href":"https:\/\/electrovalcorp.com\/ecommerce\/wp-json\/wp\/v2\/comments?post=21773"}],"wp:featuredmedia":[{"embeddable":true,"href":"https:\/\/electrovalcorp.com\/ecommerce\/wp-json\/wp\/v2\/media\/21775"}],"wp:attachment":[{"href":"https:\/\/electrovalcorp.com\/ecommerce\/wp-json\/wp\/v2\/media?parent=21773"}],"wp:term":[{"taxonomy":"product_brand","embeddable":true,"href":"https:\/\/electrovalcorp.com\/ecommerce\/wp-json\/wp\/v2\/product_brand?post=21773"},{"taxonomy":"product_cat","embeddable":true,"href":"https:\/\/electrovalcorp.com\/ecommerce\/wp-json\/wp\/v2\/product_cat?post=21773"},{"taxonomy":"product_tag","embeddable":true,"href":"https:\/\/electrovalcorp.com\/ecommerce\/wp-json\/wp\/v2\/product_tag?post=21773"}],"curies":[{"name":"wp","href":"https:\/\/api.w.org\/{rel}","templated":true}]}}