{"id":21789,"date":"2025-09-24T20:24:56","date_gmt":"2025-09-24T20:24:56","guid":{"rendered":"https:\/\/electrovalcorp.com\/ecommerce\/?post_type=product&#038;p=21789"},"modified":"2025-09-24T20:24:56","modified_gmt":"2025-09-24T20:24:56","slug":"juego-de-llaves-combinadas-de-trinquete-de-90-dientes-metricas-8-piezas-klein-tools-69408mg","status":"publish","type":"product","link":"https:\/\/electrovalcorp.com\/ecommerce\/producto\/juego-de-llaves-combinadas-de-trinquete-de-90-dientes-metricas-8-piezas-klein-tools-69408mg\/","title":{"rendered":"Juego de llaves combinadas de trinquete de 90 dientes, m\u00e9tricas, 8 piezas- KLEIN TOOLS- 69408MG"},"content":{"rendered":"<ul class=\"features-list no-indent\">\n<li><span dir=\"auto\">El juego de llaves m\u00e9tricas de 8 piezas viene con llaves combinadas de trinquete de 8, 10, 12, 13, 14, 15, 17 y 19 mm.<\/span><\/li>\n<li><span dir=\"auto\">Mecanismo de trinquete de 90 dientes para minimizar el \u00e1ngulo de retorno para un acceso m\u00e1ximo con una mejora del 20 por ciento en los trinquetes de 72 dientes<\/span><\/li>\n<li><span dir=\"auto\">Mango ergon\u00f3mico con \u00e1reas empotradas para que el pulgar o el \u00edndice descansen de forma natural para un uso c\u00f3modo durante todo el d\u00eda.<\/span><\/li>\n<li><span dir=\"auto\">Marcas de tama\u00f1o codificadas por colores para identificar f\u00e1cilmente cada herramienta<\/span><\/li>\n<li><span dir=\"auto\">Bolsa de espuma premium con solapa interna para evitar que las herramientas se caigan y orificios para colgar para almacenamiento abierto.<\/span><\/li>\n<li><span dir=\"auto\">Marcas l\u00e1ser de &#8220;encendido&#8221; o &#8220;apagado&#8221; para identificar r\u00e1pidamente la direcci\u00f3n de sujeci\u00f3n y aflojamiento de la herramienta<\/span><\/li>\n<li><span dir=\"auto\">Acero forjado en fr\u00edo con acabado de mecanizado de precisi\u00f3n y revestimiento de fosfato negro para una prevenci\u00f3n duradera de la oxidaci\u00f3n.<\/span><\/li>\n<\/ul>\n","protected":false},"excerpt":{"rendered":"<p>El juego de llaves m\u00e9tricas de 8 piezas viene con llaves combinadas de trinquete de 8, 10, 12, 13, 14, 15, 17 y 19 mm. Mecanismo de trinquete de 90 dientes para minimizar el \u00e1ngulo de retorno para un acceso m\u00e1ximo con una mejora del 20 por ciento en los trinquetes de 72 dientes Mango [&hellip;]<\/p>\n","protected":false},"featured_media":21791,"comment_status":"open","ping_status":"closed","template":"","meta":[],"product_brand":[],"product_cat":[193,201],"product_tag":[],"class_list":{"0":"post-21789","1":"product","2":"type-product","3":"status-publish","4":"has-post-thumbnail","6":"product_cat-herramienta-manual","7":"product_cat-klein-tools","9":"first","10":"instock","11":"taxable","12":"shipping-taxable","13":"purchasable","14":"product-type-simple","15":"add-to-wishlist-after_add_to_cart"},"aioseo_notices":[],"_links":{"self":[{"href":"https:\/\/electrovalcorp.com\/ecommerce\/wp-json\/wp\/v2\/product\/21789","targetHints":{"allow":["GET"]}}],"collection":[{"href":"https:\/\/electrovalcorp.com\/ecommerce\/wp-json\/wp\/v2\/product"}],"about":[{"href":"https:\/\/electrovalcorp.com\/ecommerce\/wp-json\/wp\/v2\/types\/product"}],"replies":[{"embeddable":true,"href":"https:\/\/electrovalcorp.com\/ecommerce\/wp-json\/wp\/v2\/comments?post=21789"}],"wp:featuredmedia":[{"embeddable":true,"href":"https:\/\/electrovalcorp.com\/ecommerce\/wp-json\/wp\/v2\/media\/21791"}],"wp:attachment":[{"href":"https:\/\/electrovalcorp.com\/ecommerce\/wp-json\/wp\/v2\/media?parent=21789"}],"wp:term":[{"taxonomy":"product_brand","embeddable":true,"href":"https:\/\/electrovalcorp.com\/ecommerce\/wp-json\/wp\/v2\/product_brand?post=21789"},{"taxonomy":"product_cat","embeddable":true,"href":"https:\/\/electrovalcorp.com\/ecommerce\/wp-json\/wp\/v2\/product_cat?post=21789"},{"taxonomy":"product_tag","embeddable":true,"href":"https:\/\/electrovalcorp.com\/ecommerce\/wp-json\/wp\/v2\/product_tag?post=21789"}],"curies":[{"name":"wp","href":"https:\/\/api.w.org\/{rel}","templated":true}]}}