{"id":21795,"date":"2025-09-24T20:46:20","date_gmt":"2025-09-24T20:46:20","guid":{"rendered":"https:\/\/electrovalcorp.com\/ecommerce\/?post_type=product&#038;p=21795"},"modified":"2025-09-24T20:46:20","modified_gmt":"2025-09-24T20:46:20","slug":"tijera-para-electricista-knipex-78-03-125","status":"publish","type":"product","link":"https:\/\/electrovalcorp.com\/ecommerce\/producto\/tijera-para-electricista-knipex-78-03-125\/","title":{"rendered":"Tijera para electricista-KNIPEX- 78 03 125"},"content":{"rendered":"<ul class=\"product--variation-field--variation_field_product_description__2004 field field--name-field-product-description field--type-text-long field--label-hidden field__items\">\n<li class=\"field__item\">Alicates de precisi\u00f3n para los trabajos de corte m\u00e1s delicados p. ej. en electr\u00f3nica y mec\u00e1nica de precisi\u00f3n<\/li>\n<li class=\"field__item\">\u00a0Filos rectificados muy afilados sin bisel<\/li>\n<li class=\"field__item\">\u00a0Las puntas de configuraci\u00f3n precisa cortan tambi\u00e9n alambres colindantes a partir de \u00d8 0,2 mm<\/li>\n<li class=\"field__item\">\u00a0Corte de cizalla con micro desplazamiento controlado del canto de corte para un corte ultrapreciso incluso de hilos fin\u00edsimos y una larga vida \u00fatil<\/li>\n<li class=\"field__item\">\u00a0Articulaci\u00f3n con remache de acero afinado<\/li>\n<li class=\"field__item\">\u00a0Movimiento extremadamente suave que evita la fatiga del operario<\/li>\n<li class=\"field__item\">\u00a0Con muelle y limitador de apertura<\/li>\n<li class=\"field__item\">\u00a0Dureza aprox. de los filos de corte 54 HRC<\/li>\n<li class=\"field__item\">\u00a0Acero INOX para herramientas<\/li>\n<\/ul>\n","protected":false},"excerpt":{"rendered":"<p>Alicates de precisi\u00f3n para los trabajos de corte m\u00e1s delicados p. ej. en electr\u00f3nica y mec\u00e1nica de precisi\u00f3n \u00a0Filos rectificados muy afilados sin bisel \u00a0Las puntas de configuraci\u00f3n precisa cortan tambi\u00e9n alambres colindantes a partir de \u00d8 0,2 mm \u00a0Corte de cizalla con micro desplazamiento controlado del canto de corte para un corte ultrapreciso incluso [&hellip;]<\/p>\n","protected":false},"featured_media":21797,"comment_status":"open","ping_status":"closed","template":"","meta":[],"product_brand":[],"product_cat":[193,198],"product_tag":[],"class_list":{"0":"post-21795","1":"product","2":"type-product","3":"status-publish","4":"has-post-thumbnail","6":"product_cat-herramienta-manual","7":"product_cat-knipex","9":"first","10":"instock","11":"taxable","12":"shipping-taxable","13":"purchasable","14":"product-type-simple","15":"add-to-wishlist-after_add_to_cart"},"aioseo_notices":[],"_links":{"self":[{"href":"https:\/\/electrovalcorp.com\/ecommerce\/wp-json\/wp\/v2\/product\/21795","targetHints":{"allow":["GET"]}}],"collection":[{"href":"https:\/\/electrovalcorp.com\/ecommerce\/wp-json\/wp\/v2\/product"}],"about":[{"href":"https:\/\/electrovalcorp.com\/ecommerce\/wp-json\/wp\/v2\/types\/product"}],"replies":[{"embeddable":true,"href":"https:\/\/electrovalcorp.com\/ecommerce\/wp-json\/wp\/v2\/comments?post=21795"}],"wp:featuredmedia":[{"embeddable":true,"href":"https:\/\/electrovalcorp.com\/ecommerce\/wp-json\/wp\/v2\/media\/21797"}],"wp:attachment":[{"href":"https:\/\/electrovalcorp.com\/ecommerce\/wp-json\/wp\/v2\/media?parent=21795"}],"wp:term":[{"taxonomy":"product_brand","embeddable":true,"href":"https:\/\/electrovalcorp.com\/ecommerce\/wp-json\/wp\/v2\/product_brand?post=21795"},{"taxonomy":"product_cat","embeddable":true,"href":"https:\/\/electrovalcorp.com\/ecommerce\/wp-json\/wp\/v2\/product_cat?post=21795"},{"taxonomy":"product_tag","embeddable":true,"href":"https:\/\/electrovalcorp.com\/ecommerce\/wp-json\/wp\/v2\/product_tag?post=21795"}],"curies":[{"name":"wp","href":"https:\/\/api.w.org\/{rel}","templated":true}]}}