{"id":21820,"date":"2025-09-25T14:01:29","date_gmt":"2025-09-25T14:01:29","guid":{"rendered":"https:\/\/electrovalcorp.com\/ecommerce\/?post_type=product&#038;p=21820"},"modified":"2026-04-08T14:27:23","modified_gmt":"2026-04-08T14:27:23","slug":"pinza-amperimetrica-digital-profesional-de-rango-automatico-de-600-a-ca-cc-klein-tools-cl710","status":"publish","type":"product","link":"https:\/\/electrovalcorp.com\/ecommerce\/producto\/pinza-amperimetrica-digital-profesional-de-rango-automatico-de-600-a-ca-cc-klein-tools-cl710\/","title":{"rendered":"Pinza amperim\u00e9trica digital profesional de rango autom\u00e1tico de 600 A CA\/CC- KLEIN TOOLS- CL710"},"content":{"rendered":"<ul class=\"features-list no-indent\">\n<li><span dir=\"auto\">Pinza amperim\u00e9trica con RMS real que proporciona mediciones precisas y confiables en diversas aplicaciones<\/span><\/li>\n<li><span dir=\"auto\">Mide voltaje CA\/CC, corriente CA\/CC, resistencia, prueba de diodos, continuidad, capacitancia y frecuencia\/ciclo de trabajo.<\/span><\/li>\n<li><span dir=\"auto\">La pantalla transflectiva de contraste inverso proporciona una excelente visibilidad tanto en entornos con luz solar como oscuros.<\/span><\/li>\n<li><span dir=\"auto\">La esfera iluminada garantiza una visibilidad clara y una lectura f\u00e1cil, incluso en entornos con poca luz.<\/span><\/li>\n<li><span dir=\"auto\">Cuenta con un modo de baja impedancia (LoZ) para identificar y eliminar voltajes fantasma, evitando lecturas falsas y asegurando mediciones m\u00e1s precisas.<\/span><\/li>\n<li><span dir=\"auto\">La detecci\u00f3n de voltaje sin contacto est\u00e1 integrada en la mordaza de la abrazadera, con indicadores audibles y visuales que se intensifican a medida que la abrazadera se acerca a la fuente de voltaje.<\/span><\/li>\n<li><span dir=\"auto\">El medidor de pinza duradero tiene clasificaci\u00f3n IP40 para protecci\u00f3n contra ingreso y soporta ca\u00eddas de hasta 6,6 pies (2 m)<\/span><\/li>\n<li><span dir=\"auto\">Incluye cables de prueba de entrada en \u00e1ngulo recto, termopar, bolsa de almacenamiento, manual de instrucciones y 3 pilas AAA.<\/span><\/li>\n<li><span dir=\"auto\">El dise\u00f1o ergon\u00f3mico y el sobremolde proporcionan un agarre c\u00f3modo, con un f\u00e1cil ajuste del dial con el pulgar.<\/span><\/li>\n<li><span dir=\"auto\">El cuerpo de la abrazadera incluye un soporte para cable de prueba de montaje lateral y un montaje posterior que admite un soporte magn\u00e9tico opcional (n.\u00b0 de cat. 69445 o 69417) para operaci\u00f3n con manos libres.<\/span><\/li>\n<\/ul>\n","protected":false},"excerpt":{"rendered":"<p>Pinza amperim\u00e9trica con RMS real que proporciona mediciones precisas y confiables en diversas aplicaciones Mide voltaje CA\/CC, corriente CA\/CC, resistencia, prueba de diodos, continuidad, capacitancia y frecuencia\/ciclo de trabajo. La pantalla transflectiva de contraste inverso proporciona una excelente visibilidad tanto en entornos con luz solar como oscuros. La esfera iluminada garantiza una visibilidad clara y [&hellip;]<\/p>\n","protected":false},"featured_media":21823,"comment_status":"open","ping_status":"closed","template":"","meta":[],"product_brand":[],"product_cat":[15],"product_tag":[],"class_list":{"0":"post-21820","1":"product","2":"type-product","3":"status-publish","4":"has-post-thumbnail","6":"product_cat-sin-categorizar","8":"first","9":"instock","10":"taxable","11":"shipping-taxable","12":"purchasable","13":"product-type-simple","14":"add-to-wishlist-after_add_to_cart"},"aioseo_notices":[],"_links":{"self":[{"href":"https:\/\/electrovalcorp.com\/ecommerce\/wp-json\/wp\/v2\/product\/21820","targetHints":{"allow":["GET"]}}],"collection":[{"href":"https:\/\/electrovalcorp.com\/ecommerce\/wp-json\/wp\/v2\/product"}],"about":[{"href":"https:\/\/electrovalcorp.com\/ecommerce\/wp-json\/wp\/v2\/types\/product"}],"replies":[{"embeddable":true,"href":"https:\/\/electrovalcorp.com\/ecommerce\/wp-json\/wp\/v2\/comments?post=21820"}],"wp:featuredmedia":[{"embeddable":true,"href":"https:\/\/electrovalcorp.com\/ecommerce\/wp-json\/wp\/v2\/media\/21823"}],"wp:attachment":[{"href":"https:\/\/electrovalcorp.com\/ecommerce\/wp-json\/wp\/v2\/media?parent=21820"}],"wp:term":[{"taxonomy":"product_brand","embeddable":true,"href":"https:\/\/electrovalcorp.com\/ecommerce\/wp-json\/wp\/v2\/product_brand?post=21820"},{"taxonomy":"product_cat","embeddable":true,"href":"https:\/\/electrovalcorp.com\/ecommerce\/wp-json\/wp\/v2\/product_cat?post=21820"},{"taxonomy":"product_tag","embeddable":true,"href":"https:\/\/electrovalcorp.com\/ecommerce\/wp-json\/wp\/v2\/product_tag?post=21820"}],"curies":[{"name":"wp","href":"https:\/\/api.w.org\/{rel}","templated":true}]}}