{"id":21888,"date":"2026-01-09T14:37:40","date_gmt":"2026-01-09T14:37:40","guid":{"rendered":"https:\/\/electrovalcorp.com\/ecommerce\/?post_type=product&#038;p=21888"},"modified":"2026-03-06T17:37:29","modified_gmt":"2026-03-06T17:37:29","slug":"pistola-sopladora-de-mano-40v-bl-sin-bateria-ni-cargador-as001gz-makita","status":"publish","type":"product","link":"https:\/\/electrovalcorp.com\/ecommerce\/producto\/pistola-sopladora-de-mano-40v-bl-sin-bateria-ni-cargador-as001gz-makita\/","title":{"rendered":"PISTOLA SOPLADORA DE MANO 40V BL (SIN BATERIA NI CARGADOR)- AS001GZ-MAKITA"},"content":{"rendered":"<p>La Sopladora de Polvo de Alta Velocidad Brushless XGT\u00ae de 40V max es una soluci\u00f3n port\u00e1til con un pr\u00e1ctico dise\u00f1o en l\u00ednea para la eliminaci\u00f3n concentrada de polvo y residuos. El motor sin escobillas construido por Makita ofrece hasta 447 MPH y 39 CFM con cuatro configuraciones de velocidad. Con una variedad de boquillas, este modelo puede satisfacer una amplia gama de aplicaciones, desde el uso profesional hasta el dom\u00e9stico, como diversos trabajos de soplado, limpieza de filtros, inflado y desinflado de juguetes inflables y m\u00e1s. Con 4 niveles de volumen de aire; seleccionables seg\u00fan su aplicaci\u00f3n. Logra una mayor fuerza de soplado.<\/p>\n<div class=\"row\">\n<ul>\n<li class=\"col-md-6 title\">Volumen de aire: 0-1.1 m\u00b3\/min<\/li>\n<\/ul>\n<\/div>\n<div class=\"row\">\n<ul>\n<li class=\"col-md-6 title\">Velocidad del aire: 0-200 m\/s<\/li>\n<\/ul>\n<\/div>\n<div class=\"row\">\n<ul>\n<li class=\"col-md-6 title\">Presi\u00f3n de aire: 0-29.7 kPa<\/li>\n<\/ul>\n<\/div>\n<div class=\"row\">\n<ul>\n<li class=\"col-md-6 title\">Succi\u00f3n m\u00e1xima sellada: 10.3 kPa<\/li>\n<\/ul>\n<\/div>\n<div class=\"row\">\n<ul>\n<li class=\"col-md-6 title\">Dimensiones (L x A x A): 175 x 94 x 248 mm (6-7\/8 x 3-11\/16 x 9-3\/4&#8243;)<\/li>\n<\/ul>\n<\/div>\n<div class=\"row\">\n<ul>\n<li class=\"col-md-6 title\">Peso neto: 1.5 &#8211; 2.3 kg (3.3 &#8211; 5.1 lbs.)<\/li>\n<\/ul>\n<\/div>\n","protected":false},"excerpt":{"rendered":"<p>La Sopladora de Polvo de Alta Velocidad Brushless XGT\u00ae de 40V max es una soluci\u00f3n port\u00e1til con un pr\u00e1ctico dise\u00f1o en l\u00ednea para la eliminaci\u00f3n concentrada de polvo y residuos. El motor sin escobillas construido por Makita ofrece hasta 447 MPH y 39 CFM con cuatro configuraciones de velocidad. Con una variedad de boquillas, este [&hellip;]<\/p>\n","protected":false},"featured_media":21889,"comment_status":"open","ping_status":"closed","template":"","meta":[],"product_brand":[],"product_cat":[188,204],"product_tag":[],"class_list":{"0":"post-21888","1":"product","2":"type-product","3":"status-publish","4":"has-post-thumbnail","6":"product_cat-herramienta-a-bateria","7":"product_cat-makita","9":"first","10":"instock","11":"taxable","12":"shipping-taxable","13":"purchasable","14":"product-type-simple","15":"add-to-wishlist-after_add_to_cart"},"aioseo_notices":[],"_links":{"self":[{"href":"https:\/\/electrovalcorp.com\/ecommerce\/wp-json\/wp\/v2\/product\/21888","targetHints":{"allow":["GET"]}}],"collection":[{"href":"https:\/\/electrovalcorp.com\/ecommerce\/wp-json\/wp\/v2\/product"}],"about":[{"href":"https:\/\/electrovalcorp.com\/ecommerce\/wp-json\/wp\/v2\/types\/product"}],"replies":[{"embeddable":true,"href":"https:\/\/electrovalcorp.com\/ecommerce\/wp-json\/wp\/v2\/comments?post=21888"}],"wp:featuredmedia":[{"embeddable":true,"href":"https:\/\/electrovalcorp.com\/ecommerce\/wp-json\/wp\/v2\/media\/21889"}],"wp:attachment":[{"href":"https:\/\/electrovalcorp.com\/ecommerce\/wp-json\/wp\/v2\/media?parent=21888"}],"wp:term":[{"taxonomy":"product_brand","embeddable":true,"href":"https:\/\/electrovalcorp.com\/ecommerce\/wp-json\/wp\/v2\/product_brand?post=21888"},{"taxonomy":"product_cat","embeddable":true,"href":"https:\/\/electrovalcorp.com\/ecommerce\/wp-json\/wp\/v2\/product_cat?post=21888"},{"taxonomy":"product_tag","embeddable":true,"href":"https:\/\/electrovalcorp.com\/ecommerce\/wp-json\/wp\/v2\/product_tag?post=21888"}],"curies":[{"name":"wp","href":"https:\/\/api.w.org\/{rel}","templated":true}]}}