{"id":21898,"date":"2026-01-09T19:37:43","date_gmt":"2026-01-09T19:37:43","guid":{"rendered":"https:\/\/electrovalcorp.com\/ecommerce\/?post_type=product&#038;p=21898"},"modified":"2026-03-25T16:34:39","modified_gmt":"2026-03-25T16:34:39","slug":"ventilador-18v-7-1-8-lxt-sin-bateria-ni-cargador-dcf102z-makita","status":"publish","type":"product","link":"https:\/\/electrovalcorp.com\/ecommerce\/producto\/ventilador-18v-7-1-8-lxt-sin-bateria-ni-cargador-dcf102z-makita\/","title":{"rendered":"VENTILADOR 18V 7-1\/8&#8243; LXT  (SIN BATERIA NI CARGADOR)- DCF102Z- MAKITA"},"content":{"rendered":"<ul class=\"ul-features\">\n<li class=\"dyn-expand\">Dise\u00f1o resistente con ingenier\u00eda para soportar ambientes laborales<\/li>\n<li class=\"dyn-expand\">Topes protectores para resistencia incrementada<\/li>\n<li class=\"dyn-expand\">Dos ajustes (alto 1,700 RPM, bajo 1,200 RPM) para \u00f3ptimo control de velocidad de aire<\/li>\n<li class=\"dyn-expand\">Temporizador autom\u00e1tico de 3 etapas con selecci\u00f3n de apagado de 1, 2 y 4 horas<\/li>\n<li class=\"dyn-expand\">Mango grande para transportar para f\u00e1cil manejo<\/li>\n<li class=\"dyn-expand\">Plataforma ajustable a 45\u00b0 que permite un rango completo de posiciones del ventilador<\/li>\n<li class=\"dyn-expand\">Hasta 5.5 horas de funcionamiento continuo en baja velocidad con la bater\u00eda LXT\u00ae de 5.0Ah (no incluye bater\u00eda)<\/li>\n<li class=\"dyn-expand\">Funciona con bater\u00edas Litio-Ion de 14.4V-18V o con adaptador AC (bater\u00edas se venden por separado)<\/li>\n<li class=\"dyn-expand\">3 a\u00f1os de garant\u00eda limitada<\/li>\n<li class=\"dyn-expand\">Bater\u00eda y cargador se venden por separado<\/li>\n<\/ul>\n","protected":false},"excerpt":{"rendered":"<p>Dise\u00f1o resistente con ingenier\u00eda para soportar ambientes laborales Topes protectores para resistencia incrementada Dos ajustes (alto 1,700 RPM, bajo 1,200 RPM) para \u00f3ptimo control de velocidad de aire Temporizador autom\u00e1tico de 3 etapas con selecci\u00f3n de apagado de 1, 2 y 4 horas Mango grande para transportar para f\u00e1cil manejo Plataforma ajustable a 45\u00b0 que [&hellip;]<\/p>\n","protected":false},"featured_media":22351,"comment_status":"open","ping_status":"closed","template":"","meta":[],"product_brand":[],"product_cat":[188,204],"product_tag":[],"class_list":{"0":"post-21898","1":"product","2":"type-product","3":"status-publish","4":"has-post-thumbnail","6":"product_cat-herramienta-a-bateria","7":"product_cat-makita","9":"first","10":"instock","11":"taxable","12":"shipping-taxable","13":"purchasable","14":"product-type-simple","15":"add-to-wishlist-after_add_to_cart"},"aioseo_notices":[],"_links":{"self":[{"href":"https:\/\/electrovalcorp.com\/ecommerce\/wp-json\/wp\/v2\/product\/21898","targetHints":{"allow":["GET"]}}],"collection":[{"href":"https:\/\/electrovalcorp.com\/ecommerce\/wp-json\/wp\/v2\/product"}],"about":[{"href":"https:\/\/electrovalcorp.com\/ecommerce\/wp-json\/wp\/v2\/types\/product"}],"replies":[{"embeddable":true,"href":"https:\/\/electrovalcorp.com\/ecommerce\/wp-json\/wp\/v2\/comments?post=21898"}],"wp:featuredmedia":[{"embeddable":true,"href":"https:\/\/electrovalcorp.com\/ecommerce\/wp-json\/wp\/v2\/media\/22351"}],"wp:attachment":[{"href":"https:\/\/electrovalcorp.com\/ecommerce\/wp-json\/wp\/v2\/media?parent=21898"}],"wp:term":[{"taxonomy":"product_brand","embeddable":true,"href":"https:\/\/electrovalcorp.com\/ecommerce\/wp-json\/wp\/v2\/product_brand?post=21898"},{"taxonomy":"product_cat","embeddable":true,"href":"https:\/\/electrovalcorp.com\/ecommerce\/wp-json\/wp\/v2\/product_cat?post=21898"},{"taxonomy":"product_tag","embeddable":true,"href":"https:\/\/electrovalcorp.com\/ecommerce\/wp-json\/wp\/v2\/product_tag?post=21898"}],"curies":[{"name":"wp","href":"https:\/\/api.w.org\/{rel}","templated":true}]}}