{"id":21909,"date":"2026-01-09T20:09:11","date_gmt":"2026-01-09T20:09:11","guid":{"rendered":"https:\/\/electrovalcorp.com\/ecommerce\/?post_type=product&#038;p=21909"},"modified":"2026-03-06T17:43:27","modified_gmt":"2026-03-06T17:43:27","slug":"sierra-recipro-inalambrico-18v-lxy-djr187rte-makita","status":"publish","type":"product","link":"https:\/\/electrovalcorp.com\/ecommerce\/producto\/sierra-recipro-inalambrico-18v-lxy-djr187rte-makita\/","title":{"rendered":"SIERRA RECIPRO INALAMBRICO 18V LXY- DJR187RTE- MAKITA"},"content":{"rendered":"<p>La DJR187 es la primera sierra de sable de Makita que incorpora un motor sin escobillas. Los motores sin escobillas son de tama\u00f1o compacto y tienen bajos niveles de consumo &#8211; son aproximadamente un 30% m\u00e1s peque\u00f1os y ligeros que los motores con escobillas convencionales. Como indica su nombre, el motor sin escobillas no est\u00e1 equipado con escobillas de carb\u00f3n que generar\u00edan calor y fricci\u00f3n &#8211; una caracter\u00edstica que lo convierte en una alternativa de bajo mantenimiento y duradera.<\/p>\n<ul>\n<li class=\"usp\">Cambio de cuchillas y ajuste de zapatas sin herramientas<\/li>\n<li class=\"usp\">La luz LED ilumina el lugar de trabajo<\/li>\n<li class=\"usp\">Gancho colgante ancho, por ejemplo para andamios<\/li>\n<li class=\"usp\">Tecnolog\u00eda de protecci\u00f3n extrema (XPT) dise\u00f1ada para ofrecer una mayor resistencia al polvo y al agua en las duras condiciones del lugar de trabajo.<\/li>\n<li class=\"usp\">El sistema de protecci\u00f3n de la bater\u00eda corta autom\u00e1ticamente la alimentaci\u00f3n cuando el nivel de la bater\u00eda es bajo<\/li>\n<li class=\"usp\">Dise\u00f1o fino con empu\u00f1adura de goma para mayor comodidad<\/li>\n<\/ul>\n","protected":false},"excerpt":{"rendered":"<p>La DJR187 es la primera sierra de sable de Makita que incorpora un motor sin escobillas. Los motores sin escobillas son de tama\u00f1o compacto y tienen bajos niveles de consumo &#8211; son aproximadamente un 30% m\u00e1s peque\u00f1os y ligeros que los motores con escobillas convencionales. Como indica su nombre, el motor sin escobillas no est\u00e1 [&hellip;]<\/p>\n","protected":false},"featured_media":21911,"comment_status":"open","ping_status":"closed","template":"","meta":[],"product_brand":[],"product_cat":[188,204],"product_tag":[],"class_list":{"0":"post-21909","1":"product","2":"type-product","3":"status-publish","4":"has-post-thumbnail","6":"product_cat-herramienta-a-bateria","7":"product_cat-makita","9":"first","10":"instock","11":"taxable","12":"shipping-taxable","13":"purchasable","14":"product-type-simple","15":"add-to-wishlist-after_add_to_cart"},"aioseo_notices":[],"_links":{"self":[{"href":"https:\/\/electrovalcorp.com\/ecommerce\/wp-json\/wp\/v2\/product\/21909","targetHints":{"allow":["GET"]}}],"collection":[{"href":"https:\/\/electrovalcorp.com\/ecommerce\/wp-json\/wp\/v2\/product"}],"about":[{"href":"https:\/\/electrovalcorp.com\/ecommerce\/wp-json\/wp\/v2\/types\/product"}],"replies":[{"embeddable":true,"href":"https:\/\/electrovalcorp.com\/ecommerce\/wp-json\/wp\/v2\/comments?post=21909"}],"wp:featuredmedia":[{"embeddable":true,"href":"https:\/\/electrovalcorp.com\/ecommerce\/wp-json\/wp\/v2\/media\/21911"}],"wp:attachment":[{"href":"https:\/\/electrovalcorp.com\/ecommerce\/wp-json\/wp\/v2\/media?parent=21909"}],"wp:term":[{"taxonomy":"product_brand","embeddable":true,"href":"https:\/\/electrovalcorp.com\/ecommerce\/wp-json\/wp\/v2\/product_brand?post=21909"},{"taxonomy":"product_cat","embeddable":true,"href":"https:\/\/electrovalcorp.com\/ecommerce\/wp-json\/wp\/v2\/product_cat?post=21909"},{"taxonomy":"product_tag","embeddable":true,"href":"https:\/\/electrovalcorp.com\/ecommerce\/wp-json\/wp\/v2\/product_tag?post=21909"}],"curies":[{"name":"wp","href":"https:\/\/api.w.org\/{rel}","templated":true}]}}