{"id":21918,"date":"2026-01-09T20:29:35","date_gmt":"2026-01-09T20:29:35","guid":{"rendered":"https:\/\/electrovalcorp.com\/ecommerce\/?post_type=product&#038;p=21918"},"modified":"2026-03-25T21:33:44","modified_gmt":"2026-03-25T21:33:44","slug":"linterna-inalambrica-tripode-18v-lxt-1250-lumenes-dml814-makita","status":"publish","type":"product","link":"https:\/\/electrovalcorp.com\/ecommerce\/producto\/linterna-inalambrica-tripode-18v-lxt-1250-lumenes-dml814-makita\/","title":{"rendered":"LINTERNA INALAMBRICA TRIPODE 18V LXT 1250 LUMENES(SIN BATERIA NI CARGADOR)- DML814- MAKITA"},"content":{"rendered":"<p>Torre para Iluminaci\u00f3n de Zona\/Multidireccional LXT\u00ae de 18V (DML814, s\u00f3lo herramienta) es una luz en forma de torre, alta que se extiende para una altura total de 7-1\/4 pies. Entrega 3,000\/1,700\/900 l\u00famenes en las configuraciones Alta\/Media\/Baja.<\/p>\n<ul class=\"ul-features\">\n<li class=\"dyn-expand\">Tres cabezales de luz ajustables que giran 180\u00b0 de manera vertical<\/li>\n<li class=\"dyn-expand\">Se extiende para una altura total de 7-1\/4 ft. con un dise\u00f1o plegable para instalaci\u00f3n y desmontaje r\u00e1pidos<\/li>\n<li class=\"dyn-expand\">3 modos de operaci\u00f3n; entrega 3,000 l\u00famenes en Alta, 1,700 l\u00famenes en Media y 900 l\u00famenes en Baja<\/li>\n<li class=\"dyn-expand\">Las luces L.E.D. luz de d\u00eda blancas producen luz m\u00e1s clara<\/li>\n<li class=\"dyn-expand\">Las luces L.E.D. iluminan de manera efectiva el \u00e1rea de trabajo sin el calor de los hal\u00f3genos<\/li>\n<li class=\"dyn-expand\">Hasta 10 horas de iluminaci\u00f3n continua con una bater\u00eda LXT\u00ae de 18V 5.0Ah en configuraci\u00f3n baja (no incluye bater\u00eda ni cargador)<\/li>\n<li class=\"dyn-expand\">Hasta 3 horas de iluminaci\u00f3n continua con una bater\u00eda LXT\u00ae de 18V 5.0Ah en configuraci\u00f3n alta (no incluye bater\u00eda ni cargador)<\/li>\n<li class=\"dyn-expand\">Construcci\u00f3n resistente contra polvo y agua (clasificado IP55) para operaci\u00f3n mejorada en sitios de trabajo con condiciones severas<\/li>\n<li class=\"dyn-expand\">Compartimento de bater\u00eda que se puede cerrar con llave<\/li>\n<li class=\"dyn-expand\">Mangos convenientes y correa para hombro para f\u00e1cil transportaci\u00f3n<\/li>\n<\/ul>\n","protected":false},"excerpt":{"rendered":"<p>Torre para Iluminaci\u00f3n de Zona\/Multidireccional LXT\u00ae de 18V (DML814, s\u00f3lo herramienta) es una luz en forma de torre, alta que se extiende para una altura total de 7-1\/4 pies. Entrega 3,000\/1,700\/900 l\u00famenes en las configuraciones Alta\/Media\/Baja. Tres cabezales de luz ajustables que giran 180\u00b0 de manera vertical Se extiende para una altura total de 7-1\/4 [&hellip;]<\/p>\n","protected":false},"featured_media":21919,"comment_status":"open","ping_status":"closed","template":"","meta":[],"product_brand":[],"product_cat":[188,204],"product_tag":[],"class_list":{"0":"post-21918","1":"product","2":"type-product","3":"status-publish","4":"has-post-thumbnail","6":"product_cat-herramienta-a-bateria","7":"product_cat-makita","9":"first","10":"instock","11":"taxable","12":"shipping-taxable","13":"purchasable","14":"product-type-simple","15":"add-to-wishlist-after_add_to_cart"},"aioseo_notices":[],"_links":{"self":[{"href":"https:\/\/electrovalcorp.com\/ecommerce\/wp-json\/wp\/v2\/product\/21918","targetHints":{"allow":["GET"]}}],"collection":[{"href":"https:\/\/electrovalcorp.com\/ecommerce\/wp-json\/wp\/v2\/product"}],"about":[{"href":"https:\/\/electrovalcorp.com\/ecommerce\/wp-json\/wp\/v2\/types\/product"}],"replies":[{"embeddable":true,"href":"https:\/\/electrovalcorp.com\/ecommerce\/wp-json\/wp\/v2\/comments?post=21918"}],"wp:featuredmedia":[{"embeddable":true,"href":"https:\/\/electrovalcorp.com\/ecommerce\/wp-json\/wp\/v2\/media\/21919"}],"wp:attachment":[{"href":"https:\/\/electrovalcorp.com\/ecommerce\/wp-json\/wp\/v2\/media?parent=21918"}],"wp:term":[{"taxonomy":"product_brand","embeddable":true,"href":"https:\/\/electrovalcorp.com\/ecommerce\/wp-json\/wp\/v2\/product_brand?post=21918"},{"taxonomy":"product_cat","embeddable":true,"href":"https:\/\/electrovalcorp.com\/ecommerce\/wp-json\/wp\/v2\/product_cat?post=21918"},{"taxonomy":"product_tag","embeddable":true,"href":"https:\/\/electrovalcorp.com\/ecommerce\/wp-json\/wp\/v2\/product_tag?post=21918"}],"curies":[{"name":"wp","href":"https:\/\/api.w.org\/{rel}","templated":true}]}}