{"id":21935,"date":"2026-01-09T21:35:19","date_gmt":"2026-01-09T21:35:19","guid":{"rendered":"https:\/\/electrovalcorp.com\/ecommerce\/?post_type=product&#038;p=21935"},"modified":"2026-03-17T15:39:42","modified_gmt":"2026-03-17T15:39:42","slug":"set-de-puntas-de-impacto-xps-60pc-e-01644-makita","status":"publish","type":"product","link":"https:\/\/electrovalcorp.com\/ecommerce\/producto\/set-de-puntas-de-impacto-xps-60pc-e-01644-makita\/","title":{"rendered":"SET DE PUNTAS DE IMPACTO XPS 60PC- E-01644- MAKITA"},"content":{"rendered":"<p>El Juego de Brocas de Impacto Impact XPS\u00ae de 60 Pzas. (E-01644) es ideal para usar con los atornilladores de impacto y taladro-atornilladores de alta torsi\u00f3n (se vende por separado). Las Brocas Impact XPS\u00ae de Makita est\u00e1n dise\u00f1adas para durar 100 veces m\u00e1s que las brocas de impacto est\u00e1ndar. El Juego de Brocas de Impacto presentan puntas maquinadas con precisi\u00f3n, aros de torsi\u00f3n de pulso, una zona de torsi\u00f3n optimizada y acero \u00fanico que combinados, entregan rendimiento general optimizado y duraci\u00f3n de broca<\/p>\n<ul class=\"ul-features\">\n<li class=\"dyn-expand\">Las brocas duran hasta 100 veces m\u00e1s que las brocas de impacto est\u00e1ndar<\/li>\n<li class=\"dyn-expand\">Dise\u00f1ado para soportar la potencia extrema de los atornilladores de impacto de alta torsi\u00f3n para durar m\u00e1s que las brocas de impacto est\u00e1ndar<\/li>\n<li class=\"dyn-expand\">Las brocas presentan puntas maquinadas a precisi\u00f3n, aros de tope absorbente de torsi\u00f3n, una zona de torsi\u00f3n optimizada y acero de alta calidad se combinan para entregar un rendimiento general mejorado y m\u00e1s duraci\u00f3n<\/li>\n<li class=\"dyn-expand\">Puntas maquinadas con precisi\u00f3n proporcionan un ajuste superior de contacto total para potencia de retenci\u00f3n mejorada y m\u00e1s duraci\u00f3n<\/li>\n<\/ul>\n","protected":false},"excerpt":{"rendered":"<p>El Juego de Brocas de Impacto Impact XPS\u00ae de 60 Pzas. (E-01644) es ideal para usar con los atornilladores de impacto y taladro-atornilladores de alta torsi\u00f3n (se vende por separado). Las Brocas Impact XPS\u00ae de Makita est\u00e1n dise\u00f1adas para durar 100 veces m\u00e1s que las brocas de impacto est\u00e1ndar. El Juego de Brocas de Impacto [&hellip;]<\/p>\n","protected":false},"featured_media":21936,"comment_status":"open","ping_status":"closed","template":"","meta":[],"product_brand":[],"product_cat":[197,204],"product_tag":[],"class_list":{"0":"post-21935","1":"product","2":"type-product","3":"status-publish","4":"has-post-thumbnail","6":"product_cat-accesorios","7":"product_cat-makita","9":"first","10":"instock","11":"taxable","12":"shipping-taxable","13":"purchasable","14":"product-type-simple","15":"add-to-wishlist-after_add_to_cart"},"aioseo_notices":[],"_links":{"self":[{"href":"https:\/\/electrovalcorp.com\/ecommerce\/wp-json\/wp\/v2\/product\/21935","targetHints":{"allow":["GET"]}}],"collection":[{"href":"https:\/\/electrovalcorp.com\/ecommerce\/wp-json\/wp\/v2\/product"}],"about":[{"href":"https:\/\/electrovalcorp.com\/ecommerce\/wp-json\/wp\/v2\/types\/product"}],"replies":[{"embeddable":true,"href":"https:\/\/electrovalcorp.com\/ecommerce\/wp-json\/wp\/v2\/comments?post=21935"}],"wp:featuredmedia":[{"embeddable":true,"href":"https:\/\/electrovalcorp.com\/ecommerce\/wp-json\/wp\/v2\/media\/21936"}],"wp:attachment":[{"href":"https:\/\/electrovalcorp.com\/ecommerce\/wp-json\/wp\/v2\/media?parent=21935"}],"wp:term":[{"taxonomy":"product_brand","embeddable":true,"href":"https:\/\/electrovalcorp.com\/ecommerce\/wp-json\/wp\/v2\/product_brand?post=21935"},{"taxonomy":"product_cat","embeddable":true,"href":"https:\/\/electrovalcorp.com\/ecommerce\/wp-json\/wp\/v2\/product_cat?post=21935"},{"taxonomy":"product_tag","embeddable":true,"href":"https:\/\/electrovalcorp.com\/ecommerce\/wp-json\/wp\/v2\/product_tag?post=21935"}],"curies":[{"name":"wp","href":"https:\/\/api.w.org\/{rel}","templated":true}]}}