{"id":21942,"date":"2026-01-12T13:52:54","date_gmt":"2026-01-12T13:52:54","guid":{"rendered":"https:\/\/electrovalcorp.com\/ecommerce\/?post_type=product&#038;p=21942"},"modified":"2026-03-06T16:53:50","modified_gmt":"2026-03-06T16:53:50","slug":"esmeriladora-angular-4-1-2-1-300w-11-000-rpm-ga4550-makita","status":"publish","type":"product","link":"https:\/\/electrovalcorp.com\/ecommerce\/producto\/esmeriladora-angular-4-1-2-1-300w-11-000-rpm-ga4550-makita\/","title":{"rendered":"ESMERILADORA ANGULAR 4-1\/2&#8243; 1.300W 11.000 RPM- GA4550-MAKITA"},"content":{"rendered":"<ul>\n<li>La cubierta del disco protege al operario de la dispersi\u00f3n accidental del disco o pieza de trabajo rota con un movimiento m\u00ednimo de la cubierta del disco<\/li>\n<li>Los engranajes mecanizados confiables brindan una vida \u00fatil m\u00e1s larga<\/li>\n<li>El gatillo interruptor es grande y f\u00e1cil de operar, funciona correctamente donde sea que el usuario sostenga la empu\u00f1adura<\/li>\n<li>La empu\u00f1adura lateral se puede colocar en ambos lados para comodidad del operario<\/li>\n<li>Aislamiento doble<\/li>\n<\/ul>\n","protected":false},"excerpt":{"rendered":"<p>La cubierta del disco protege al operario de la dispersi\u00f3n accidental del disco o pieza de trabajo rota con un movimiento m\u00ednimo de la cubierta del disco Los engranajes mecanizados confiables brindan una vida \u00fatil m\u00e1s larga El gatillo interruptor es grande y f\u00e1cil de operar, funciona correctamente donde sea que el usuario sostenga la [&hellip;]<\/p>\n","protected":false},"featured_media":21943,"comment_status":"open","ping_status":"closed","template":"","meta":[],"product_brand":[],"product_cat":[188,204],"product_tag":[],"class_list":{"0":"post-21942","1":"product","2":"type-product","3":"status-publish","4":"has-post-thumbnail","6":"product_cat-herramienta-a-bateria","7":"product_cat-makita","9":"first","10":"instock","11":"taxable","12":"shipping-taxable","13":"purchasable","14":"product-type-simple","15":"add-to-wishlist-after_add_to_cart"},"aioseo_notices":[],"_links":{"self":[{"href":"https:\/\/electrovalcorp.com\/ecommerce\/wp-json\/wp\/v2\/product\/21942","targetHints":{"allow":["GET"]}}],"collection":[{"href":"https:\/\/electrovalcorp.com\/ecommerce\/wp-json\/wp\/v2\/product"}],"about":[{"href":"https:\/\/electrovalcorp.com\/ecommerce\/wp-json\/wp\/v2\/types\/product"}],"replies":[{"embeddable":true,"href":"https:\/\/electrovalcorp.com\/ecommerce\/wp-json\/wp\/v2\/comments?post=21942"}],"wp:featuredmedia":[{"embeddable":true,"href":"https:\/\/electrovalcorp.com\/ecommerce\/wp-json\/wp\/v2\/media\/21943"}],"wp:attachment":[{"href":"https:\/\/electrovalcorp.com\/ecommerce\/wp-json\/wp\/v2\/media?parent=21942"}],"wp:term":[{"taxonomy":"product_brand","embeddable":true,"href":"https:\/\/electrovalcorp.com\/ecommerce\/wp-json\/wp\/v2\/product_brand?post=21942"},{"taxonomy":"product_cat","embeddable":true,"href":"https:\/\/electrovalcorp.com\/ecommerce\/wp-json\/wp\/v2\/product_cat?post=21942"},{"taxonomy":"product_tag","embeddable":true,"href":"https:\/\/electrovalcorp.com\/ecommerce\/wp-json\/wp\/v2\/product_tag?post=21942"}],"curies":[{"name":"wp","href":"https:\/\/api.w.org\/{rel}","templated":true}]}}