{"id":21944,"date":"2026-01-12T13:55:47","date_gmt":"2026-01-12T13:55:47","guid":{"rendered":"https:\/\/electrovalcorp.com\/ecommerce\/?post_type=product&#038;p=21944"},"modified":"2026-03-06T16:48:27","modified_gmt":"2026-03-06T16:48:27","slug":"amoladora-angular-4-1-2-1-900-w-ga4595-makita","status":"publish","type":"product","link":"https:\/\/electrovalcorp.com\/ecommerce\/producto\/amoladora-angular-4-1-2-1-900-w-ga4595-makita\/","title":{"rendered":"AMOLADORA ANGULAR  4-1\/2&#8243; 1.900 W- GA4595-MAKITA"},"content":{"rendered":"<p class=\"dyn-expand\">La Esmeriladora Angular de 4-1\/2&#8243; con Alta Potencia, Interruptor Oscilante (GA4595) presenta un potente motor de 15 amperes que entrega m\u00e1s descarga y 11,500 RPM.<\/p>\n<p class=\"dyn-expand\">La Esmeriladora Angular de Alta Potencia presenta SJS\u2122II, que provee un mecanismo de resorte y leva de cambios en el engranaje con ingenier\u00eda para reducir la vibraci\u00f3n e incrementar la comodidad del operador durante el uso extendido. La vibraci\u00f3n se reduce a\u00fan m\u00e1s con el mango lateral absorbente de vibraci\u00f3n que proporciona comodidad incrementada en el trabajo.<\/p>\n<ul class=\"ul-features\">\n<li class=\"dyn-expand\">Potente motor de 15 amperes entrega m\u00e1s descarga y 11,500 RPM<\/li>\n<li class=\"dyn-expand\">SJS\u2122II provee un mecanismo de resorte y leva de cambios en el engranaje con ingenier\u00eda para reducir la vibraci\u00f3n e incrementar la comodidad del operador durante el uso extendido<\/li>\n<li class=\"dyn-expand\">Mango lateral absorbente de vibraci\u00f3n provee comodidad incrementada en el trabajo<\/li>\n<li class=\"dyn-expand\">El controlador electr\u00f3nico proporciona control de velocidad constante que aplica potencia adicional al motor autom\u00e1ticamente para mantener la velocidad bajo carga<\/li>\n<li class=\"dyn-expand\">El controlador electr\u00f3nico proporciona un suave arranque para suprimir la reacci\u00f3n de inicio, encendidos suaves y m\u00e1s duraci\u00f3n del engranaje<\/li>\n<li class=\"dyn-expand\">El controlador electr\u00f3nico proporciona un limitador electr\u00f3nico de corriente ayuda a proteger el motor contra sobrecarga<\/li>\n<\/ul>\n","protected":false},"excerpt":{"rendered":"<p>La Esmeriladora Angular de 4-1\/2&#8243; con Alta Potencia, Interruptor Oscilante (GA4595) presenta un potente motor de 15 amperes que entrega m\u00e1s descarga y 11,500 RPM. La Esmeriladora Angular de Alta Potencia presenta SJS\u2122II, que provee un mecanismo de resorte y leva de cambios en el engranaje con ingenier\u00eda para reducir la vibraci\u00f3n e incrementar la [&hellip;]<\/p>\n","protected":false},"featured_media":21945,"comment_status":"open","ping_status":"closed","template":"","meta":[],"product_brand":[],"product_cat":[188,204],"product_tag":[],"class_list":{"0":"post-21944","1":"product","2":"type-product","3":"status-publish","4":"has-post-thumbnail","6":"product_cat-herramienta-a-bateria","7":"product_cat-makita","9":"first","10":"instock","11":"taxable","12":"shipping-taxable","13":"purchasable","14":"product-type-simple","15":"add-to-wishlist-after_add_to_cart"},"aioseo_notices":[],"_links":{"self":[{"href":"https:\/\/electrovalcorp.com\/ecommerce\/wp-json\/wp\/v2\/product\/21944","targetHints":{"allow":["GET"]}}],"collection":[{"href":"https:\/\/electrovalcorp.com\/ecommerce\/wp-json\/wp\/v2\/product"}],"about":[{"href":"https:\/\/electrovalcorp.com\/ecommerce\/wp-json\/wp\/v2\/types\/product"}],"replies":[{"embeddable":true,"href":"https:\/\/electrovalcorp.com\/ecommerce\/wp-json\/wp\/v2\/comments?post=21944"}],"wp:featuredmedia":[{"embeddable":true,"href":"https:\/\/electrovalcorp.com\/ecommerce\/wp-json\/wp\/v2\/media\/21945"}],"wp:attachment":[{"href":"https:\/\/electrovalcorp.com\/ecommerce\/wp-json\/wp\/v2\/media?parent=21944"}],"wp:term":[{"taxonomy":"product_brand","embeddable":true,"href":"https:\/\/electrovalcorp.com\/ecommerce\/wp-json\/wp\/v2\/product_brand?post=21944"},{"taxonomy":"product_cat","embeddable":true,"href":"https:\/\/electrovalcorp.com\/ecommerce\/wp-json\/wp\/v2\/product_cat?post=21944"},{"taxonomy":"product_tag","embeddable":true,"href":"https:\/\/electrovalcorp.com\/ecommerce\/wp-json\/wp\/v2\/product_tag?post=21944"}],"curies":[{"name":"wp","href":"https:\/\/api.w.org\/{rel}","templated":true}]}}