{"id":21956,"date":"2026-01-12T14:37:14","date_gmt":"2026-01-12T14:37:14","guid":{"rendered":"https:\/\/electrovalcorp.com\/ecommerce\/?post_type=product&#038;p=21956"},"modified":"2026-03-06T17:38:04","modified_gmt":"2026-03-06T17:38:04","slug":"taladro-percutor-40v-gxt-13mm-hp001gd201-makita","status":"publish","type":"product","link":"https:\/\/electrovalcorp.com\/ecommerce\/producto\/taladro-percutor-40v-gxt-13mm-hp001gd201-makita\/","title":{"rendered":"TALADRO PERCUTOR 40V GXT 13MM- HP001GD201- MAKITA"},"content":{"rendered":"<p>HP001G es la respuesta a la creciente demanda de herramientas inal\u00e1mbricas de alta potencia. Ofrece 140 Nm de par m\u00e1ximo y su velocidad sin carga puede alcanzar hasta 2600 min-\u00b9. Con la tecnolog\u00eda XGT\u00ae que hace que su capacidad sea enorme, el taladro percutor es una excelente elecci\u00f3n para trabajos pesados continuos.<\/p>\n<ul>\n<li class=\"usp\">Selector Jog para ajustar f\u00e1cilmente el par de montaje, confirmaci\u00f3n visual del par seleccionado en la pantalla digital<\/li>\n<li class=\"usp\">El sistema de protecci\u00f3n de la bater\u00eda corta autom\u00e1ticamente la alimentaci\u00f3n cuando el nivel de la bater\u00eda es bajo<\/li>\n<li class=\"usp\">La tecnolog\u00eda de detecci\u00f3n de retroalimentaci\u00f3n activa (AFT) detiene el motor si la rotaci\u00f3n se detiene repentinamente<\/li>\n<\/ul>\n","protected":false},"excerpt":{"rendered":"<p>HP001G es la respuesta a la creciente demanda de herramientas inal\u00e1mbricas de alta potencia. Ofrece 140 Nm de par m\u00e1ximo y su velocidad sin carga puede alcanzar hasta 2600 min-\u00b9. Con la tecnolog\u00eda XGT\u00ae que hace que su capacidad sea enorme, el taladro percutor es una excelente elecci\u00f3n para trabajos pesados continuos. Selector Jog para [&hellip;]<\/p>\n","protected":false},"featured_media":21958,"comment_status":"open","ping_status":"closed","template":"","meta":[],"product_brand":[],"product_cat":[188,204],"product_tag":[],"class_list":{"0":"post-21956","1":"product","2":"type-product","3":"status-publish","4":"has-post-thumbnail","6":"product_cat-herramienta-a-bateria","7":"product_cat-makita","9":"first","10":"instock","11":"taxable","12":"shipping-taxable","13":"purchasable","14":"product-type-simple","15":"add-to-wishlist-after_add_to_cart"},"aioseo_notices":[],"_links":{"self":[{"href":"https:\/\/electrovalcorp.com\/ecommerce\/wp-json\/wp\/v2\/product\/21956","targetHints":{"allow":["GET"]}}],"collection":[{"href":"https:\/\/electrovalcorp.com\/ecommerce\/wp-json\/wp\/v2\/product"}],"about":[{"href":"https:\/\/electrovalcorp.com\/ecommerce\/wp-json\/wp\/v2\/types\/product"}],"replies":[{"embeddable":true,"href":"https:\/\/electrovalcorp.com\/ecommerce\/wp-json\/wp\/v2\/comments?post=21956"}],"wp:featuredmedia":[{"embeddable":true,"href":"https:\/\/electrovalcorp.com\/ecommerce\/wp-json\/wp\/v2\/media\/21958"}],"wp:attachment":[{"href":"https:\/\/electrovalcorp.com\/ecommerce\/wp-json\/wp\/v2\/media?parent=21956"}],"wp:term":[{"taxonomy":"product_brand","embeddable":true,"href":"https:\/\/electrovalcorp.com\/ecommerce\/wp-json\/wp\/v2\/product_brand?post=21956"},{"taxonomy":"product_cat","embeddable":true,"href":"https:\/\/electrovalcorp.com\/ecommerce\/wp-json\/wp\/v2\/product_cat?post=21956"},{"taxonomy":"product_tag","embeddable":true,"href":"https:\/\/electrovalcorp.com\/ecommerce\/wp-json\/wp\/v2\/product_tag?post=21956"}],"curies":[{"name":"wp","href":"https:\/\/api.w.org\/{rel}","templated":true}]}}