{"id":21959,"date":"2026-01-12T14:40:20","date_gmt":"2026-01-12T14:40:20","guid":{"rendered":"https:\/\/electrovalcorp.com\/ecommerce\/?post_type=product&#038;p=21959"},"modified":"2026-03-13T15:34:03","modified_gmt":"2026-03-13T15:34:03","slug":"taladro-percutor-1-2-1010w-hp2070-makita","status":"publish","type":"product","link":"https:\/\/electrovalcorp.com\/ecommerce\/producto\/taladro-percutor-1-2-1010w-hp2070-makita\/","title":{"rendered":"TALADRO PERCUTOR 1\/2&#8243; 1010W- HP2070- MAKITA"},"content":{"rendered":"<ul>\n<li>Doble funci\u00f3n \u00abS\u00f3lo rotaci\u00f3n\u00bb y \u00abRotaci\u00f3n con percusi\u00f3n\u00bb<\/li>\n<li>Interruptor de gatillo grande y manija lateral giratoria de 360\u00b0 para mayor comodidad<\/li>\n<li>Embrague limitador de par, dise\u00f1ado para reducir el da\u00f1o de los engranajes al desconectar autom\u00e1ticamente los engranajes si la broca se atasca<\/li>\n<li>Interruptor deslizante inverso convenientemente ubicado para un f\u00e1cil acceso y uso<\/li>\n<li>Bot\u00f3n de bloqueo empotrado para uso continuo<\/li>\n<li>Ligero para reducir la fatiga del operador<\/li>\n<li>Construcci\u00f3n de cojinetes de bolas para una mayor vida \u00fatil de la herramienta<\/li>\n<li>Empu\u00f1adura de goma ergon\u00f3mica para mayor comodidad en el trabajo<\/li>\n<li>Aislamiento doble<\/li>\n<\/ul>\n","protected":false},"excerpt":{"rendered":"<p>Doble funci\u00f3n \u00abS\u00f3lo rotaci\u00f3n\u00bb y \u00abRotaci\u00f3n con percusi\u00f3n\u00bb Interruptor de gatillo grande y manija lateral giratoria de 360\u00b0 para mayor comodidad Embrague limitador de par, dise\u00f1ado para reducir el da\u00f1o de los engranajes al desconectar autom\u00e1ticamente los engranajes si la broca se atasca Interruptor deslizante inverso convenientemente ubicado para un f\u00e1cil acceso y uso Bot\u00f3n [&hellip;]<\/p>\n","protected":false},"featured_media":21960,"comment_status":"open","ping_status":"closed","template":"","meta":[],"product_brand":[],"product_cat":[188,204],"product_tag":[],"class_list":{"0":"post-21959","1":"product","2":"type-product","3":"status-publish","4":"has-post-thumbnail","6":"product_cat-herramienta-a-bateria","7":"product_cat-makita","9":"first","10":"instock","11":"taxable","12":"shipping-taxable","13":"purchasable","14":"product-type-simple","15":"add-to-wishlist-after_add_to_cart"},"aioseo_notices":[],"_links":{"self":[{"href":"https:\/\/electrovalcorp.com\/ecommerce\/wp-json\/wp\/v2\/product\/21959","targetHints":{"allow":["GET"]}}],"collection":[{"href":"https:\/\/electrovalcorp.com\/ecommerce\/wp-json\/wp\/v2\/product"}],"about":[{"href":"https:\/\/electrovalcorp.com\/ecommerce\/wp-json\/wp\/v2\/types\/product"}],"replies":[{"embeddable":true,"href":"https:\/\/electrovalcorp.com\/ecommerce\/wp-json\/wp\/v2\/comments?post=21959"}],"wp:featuredmedia":[{"embeddable":true,"href":"https:\/\/electrovalcorp.com\/ecommerce\/wp-json\/wp\/v2\/media\/21960"}],"wp:attachment":[{"href":"https:\/\/electrovalcorp.com\/ecommerce\/wp-json\/wp\/v2\/media?parent=21959"}],"wp:term":[{"taxonomy":"product_brand","embeddable":true,"href":"https:\/\/electrovalcorp.com\/ecommerce\/wp-json\/wp\/v2\/product_brand?post=21959"},{"taxonomy":"product_cat","embeddable":true,"href":"https:\/\/electrovalcorp.com\/ecommerce\/wp-json\/wp\/v2\/product_cat?post=21959"},{"taxonomy":"product_tag","embeddable":true,"href":"https:\/\/electrovalcorp.com\/ecommerce\/wp-json\/wp\/v2\/product_tag?post=21959"}],"curies":[{"name":"wp","href":"https:\/\/api.w.org\/{rel}","templated":true}]}}